{"id":14,"date":"2020-02-17T20:13:34","date_gmt":"2020-02-17T20:13:34","guid":{"rendered":"http:\/\/morgerton.hu\/?page_id=14"},"modified":"2020-08-26T18:48:54","modified_gmt":"2020-08-26T18:48:54","slug":"about-us","status":"publish","type":"page","link":"https:\/\/morgerton.hu\/hu\/about-us\/","title":{"rendered":"R\u00f3lunk"},"content":{"rendered":"<div  class=\"grids-section grids-is-advanced\" style=\"--_gs-gap-desktop:0px 0px;--_gs-m-desktop:0 0 0 0;--_gs-p-desktop:0 0 0 0;--_gs-bg-desktop:transparent none;--_gs-bg-xp-desktop:0px;--_gs-zi-desktop:auto;--_gs-d-desktop:block;--_gs-mw-desktop:calc(100% - 0 - 0);--_gs-gap-tablet:0px 0px;--_gs-m-tablet:0 0 0 0;--_gs-p-tablet:0 0 0 0;--_gs-bg-tablet:transparent none;--_gs-bg-xp-tablet:0px;--_gs-zi-tablet:auto;--_gs-d-tablet:block;--_gs-mw-tablet:calc(100% - 0 - 0);--_gs-gap-mobile:0px 0px;--_gs-m-mobile:0 0 0 0;--_gs-p-mobile:0 0 0 0;--_gs-bg-mobile:transparent none;--_gs-bg-xp-mobile:0px;--_gs-zi-mobile:auto;--_gs-d-mobile:block;--_gs-mw-mobile:calc(100% - 0 - 0);--_gs-columns:12;--_gs-rows:6\"><div class=\"grids-s-w_i\">\n<div class=\"grids-area\" style=\"--_ga-column:1\/5;--_ga-row:1\/3;--_ga-m-desktop:5px 10px 5px 5px;--_ga-p-desktop:0 0 0 0;--_ga-bg-desktop:transparent none;--_ga-zi-desktop:auto;--_ga-d-desktop:flex;--_ga-mw-desktop:calc(100% - 5px - 10px);--_ga-m-tablet:5px 10px 5px 5px;--_ga-p-tablet:0 0 0 0;--_ga-bg-tablet:transparent none;--_ga-zi-tablet:auto;--_ga-d-tablet:flex;--_ga-mw-tablet:calc(100% - 5px - 10px);--_ga-m-mobile:5px 10px 5px 5px;--_ga-p-mobile:0 0 0 0;--_ga-bg-mobile:transparent none;--_ga-zi-mobile:auto;--_ga-d-mobile:flex;--_ga-mw-mobile:calc(100% - 5px - 10px)\">\n\n<figure class=\"wp-block-image size-large is-resized is-style-default\"><img loading=\"lazy\" decoding=\"async\" src=\"https:\/\/morgerton.hu\/wp-content\/uploads\/2020\/02\/DSC_0580-1024x678.jpg\" alt=\"Opera \u00e9s Gizmo\" class=\"wp-image-556\" width=\"768\" height=\"509\" srcset=\"https:\/\/morgerton.hu\/wp-content\/uploads\/2020\/02\/DSC_0580-1024x678.jpg 1024w, https:\/\/morgerton.hu\/wp-content\/uploads\/2020\/02\/DSC_0580-300x199.jpg 300w, https:\/\/morgerton.hu\/wp-content\/uploads\/2020\/02\/DSC_0580-768x509.jpg 768w, https:\/\/morgerton.hu\/wp-content\/uploads\/2020\/02\/DSC_0580-1536x1017.jpg 1536w, https:\/\/morgerton.hu\/wp-content\/uploads\/2020\/02\/DSC_0580-2048x1356.jpg 2048w\" sizes=\"auto, (max-width: 768px) 100vw, 768px\" \/><\/figure>\n\n<\/div>\n\n<div class=\"grids-area\" style=\"--_ga-column:5\/11;--_ga-row:1\/3;--_ga-m-desktop:10px 5px 5px 20px;--_ga-p-desktop:0 0 0 0;--_ga-bg-desktop:transparent none;--_ga-zi-desktop:auto;--_ga-d-desktop:flex;--_ga-mw-desktop:calc(100% - 20px - 5px);--_ga-m-tablet:10px 5px 5px 20px;--_ga-p-tablet:0 0 0 0;--_ga-bg-tablet:transparent none;--_ga-zi-tablet:auto;--_ga-d-tablet:flex;--_ga-mw-tablet:calc(100% - 20px - 5px);--_ga-m-mobile:10px 5px 5px 20px;--_ga-p-mobile:0 0 0 0;--_ga-bg-mobile:transparent none;--_ga-zi-mobile:auto;--_ga-d-mobile:flex;--_ga-mw-mobile:calc(100% - 20px - 5px)\">\n\n<p class=\"has-medium-font-size\">Amikor eljutottam od\u00e1ig, hogy kuty\u00e1t szeretn\u00e9k nem volt k\u00e9rd\u00e9s sz\u00e1momra, hogy Corgi lesz. <br>Hosszas keresg\u00e9l\u00e9s ut\u00e1n 2013-ban \u00e9rkezett meg hozz\u00e1nk Gizm\u00f3 majd nemsokkal k\u00e9s\u0151bb Opera. Innent\u0151l kezdve nem volt k\u00e9rd\u00e9s sz\u00e1momra, hogy \u00e9n Corgikkal szeretn\u00e9k foglalkozni, igaz hosszabb id\u0151nek kellett eltelnie, hogy \u00e1lmom megval\u00f3sulni l\u00e1tsszon, de ahogy a mond\u00e1s is tartja, a j\u00f3 dolgokra v\u00e1rni kell.<\/p>\n\n\n\n<p class=\"has-medium-font-size\">Gizm\u00f3val \u00e9s Oper\u00e1val tanultam meg kuty\u00e1snak lenni. Vel\u00fck ismertem meg a kutyaki\u00e1ll\u00edt\u00e1sok vil\u00e1g\u00e1t, \u00e9s nagyon sok ismer\u0151st bar\u00e1tot is k\u00f6sz\u00f6nhetek nekik. Ugyan sajnos a teny\u00e9szt\u00e9si v\u00e1gyaim vel\u00fck nem lettek sikeresek, de nagyon sokat tanultam T\u0151l\u00fck \u00e9s \u00e1ltaluk az eg\u00e9sz teny\u00e9szt\u0151i vil\u00e1gr\u00f3l.<\/p>\n\n<\/div>\n\n<div class=\"grids-area\" style=\"--_ga-column:1\/7;--_ga-row:3\/5;--_ga-m-desktop:5px 10px 5px 5px;--_ga-p-desktop:0 0 0 0;--_ga-bg-desktop:transparent none;--_ga-zi-desktop:auto;--_ga-d-desktop:flex;--_ga-mw-desktop:calc(100% - 5px - 10px);--_ga-m-tablet:5px 10px 5px 5px;--_ga-p-tablet:0 0 0 0;--_ga-bg-tablet:transparent none;--_ga-zi-tablet:auto;--_ga-d-tablet:flex;--_ga-mw-tablet:calc(100% - 5px - 10px);--_ga-m-mobile:5px 10px 5px 5px;--_ga-p-mobile:0 0 0 0;--_ga-bg-mobile:transparent none;--_ga-zi-mobile:auto;--_ga-d-mobile:flex;--_ga-mw-mobile:calc(100% - 5px - 10px)\">\n\n<p class=\"has-medium-font-size\">Szerencs\u00e9re egy olyan p\u00e1rt\/f\u00e9rjet kaptam az \u00e9lett\u0151l aki nem hagyta, hogy feladjam a teny\u00e9szt\u0151i v\u00e1gyaimat, \u00edgy most m\u00e1r velem egy\u00fctt k\u00e9zenfogva, t\u00e1rsk\u00e9nt v\u00e1gtunk bele \u00fajb\u00f3l a corgiz\u00e1sba.<\/p>\n\n<\/div>\n\n<div class=\"grids-area\" style=\"--_ga-column:7\/11;--_ga-row:3\/5;--_ga-m-desktop:10px 5px 5px 20px;--_ga-p-desktop:0 0 0 0;--_ga-bg-desktop:transparent none;--_ga-zi-desktop:auto;--_ga-d-desktop:flex;--_ga-mw-desktop:calc(100% - 20px - 5px);--_ga-m-tablet:10px 5px 5px 20px;--_ga-p-tablet:0 0 0 0;--_ga-bg-tablet:transparent none;--_ga-zi-tablet:auto;--_ga-d-tablet:flex;--_ga-mw-tablet:calc(100% - 20px - 5px);--_ga-m-mobile:10px 5px 5px 20px;--_ga-p-mobile:0 0 0 0;--_ga-bg-mobile:transparent none;--_ga-zi-mobile:auto;--_ga-d-mobile:flex;--_ga-mw-mobile:calc(100% - 20px - 5px)\">\n\n<div class=\"wp-block-image is-style-default\"><figure class=\"aligncenter size-large is-resized\"><img loading=\"lazy\" decoding=\"async\" src=\"https:\/\/morgerton.hu\/wp-content\/uploads\/2020\/02\/klari_tamas_2018_04_28-146-1024x684.jpg\" alt=\"Esk\u00fcv\u0151nk\" class=\"wp-image-577\" width=\"768\" height=\"513\" srcset=\"https:\/\/morgerton.hu\/wp-content\/uploads\/2020\/02\/klari_tamas_2018_04_28-146-1024x684.jpg 1024w, https:\/\/morgerton.hu\/wp-content\/uploads\/2020\/02\/klari_tamas_2018_04_28-146-300x200.jpg 300w, https:\/\/morgerton.hu\/wp-content\/uploads\/2020\/02\/klari_tamas_2018_04_28-146-768x513.jpg 768w, https:\/\/morgerton.hu\/wp-content\/uploads\/2020\/02\/klari_tamas_2018_04_28-146-1536x1025.jpg 1536w, https:\/\/morgerton.hu\/wp-content\/uploads\/2020\/02\/klari_tamas_2018_04_28-146-2048x1367.jpg 2048w\" sizes=\"auto, (max-width: 768px) 100vw, 768px\" \/><\/figure><\/div>\n\n<\/div>\n\n<div class=\"grids-area\" style=\"--_ga-column:1\/5;--_ga-row:5\/7;--_ga-m-desktop:5px 10px 5px 5px;--_ga-p-desktop:0 0 0 0;--_ga-bg-desktop:transparent none;--_ga-zi-desktop:auto;--_ga-d-desktop:flex;--_ga-mw-desktop:calc(100% - 5px - 10px);--_ga-m-tablet:5px 10px 5px 5px;--_ga-p-tablet:0 0 0 0;--_ga-bg-tablet:transparent none;--_ga-zi-tablet:auto;--_ga-d-tablet:flex;--_ga-mw-tablet:calc(100% - 5px - 10px);--_ga-m-mobile:5px 10px 5px 5px;--_ga-p-mobile:0 0 0 0;--_ga-bg-mobile:transparent none;--_ga-zi-mobile:auto;--_ga-d-mobile:flex;--_ga-mw-mobile:calc(100% - 5px - 10px)\">\n\n<figure class=\"wp-block-image size-large is-resized is-style-default\"><img loading=\"lazy\" decoding=\"async\" src=\"https:\/\/morgerton.hu\/wp-content\/uploads\/2020\/02\/47679840_1976696899051969_7283984154255949824_o-1024x683.jpg\" alt=\"Mini Roz\u00e9 \u00e9s Niko\" class=\"wp-image-582\" width=\"768\" height=\"512\" srcset=\"https:\/\/morgerton.hu\/wp-content\/uploads\/2020\/02\/47679840_1976696899051969_7283984154255949824_o-1024x683.jpg 1024w, https:\/\/morgerton.hu\/wp-content\/uploads\/2020\/02\/47679840_1976696899051969_7283984154255949824_o-300x200.jpg 300w, https:\/\/morgerton.hu\/wp-content\/uploads\/2020\/02\/47679840_1976696899051969_7283984154255949824_o-768x512.jpg 768w, https:\/\/morgerton.hu\/wp-content\/uploads\/2020\/02\/47679840_1976696899051969_7283984154255949824_o-1536x1024.jpg 1536w, https:\/\/morgerton.hu\/wp-content\/uploads\/2020\/02\/47679840_1976696899051969_7283984154255949824_o.jpg 2048w\" sizes=\"auto, (max-width: 768px) 100vw, 768px\" \/><\/figure>\n\n<\/div>\n\n<div class=\"grids-area\" style=\"--_ga-column:5\/11;--_ga-row:5\/7;--_ga-m-desktop:10px 5px 5px 20px;--_ga-p-desktop:0 0 0 0;--_ga-bg-desktop:transparent none;--_ga-zi-desktop:auto;--_ga-d-desktop:flex;--_ga-mw-desktop:calc(100% - 20px - 5px);--_ga-m-tablet:10px 5px 5px 20px;--_ga-p-tablet:0 0 0 0;--_ga-bg-tablet:transparent none;--_ga-zi-tablet:auto;--_ga-d-tablet:flex;--_ga-mw-tablet:calc(100% - 20px - 5px);--_ga-m-mobile:10px 5px 5px 20px;--_ga-p-mobile:0 0 0 0;--_ga-bg-mobile:transparent none;--_ga-zi-mobile:auto;--_ga-d-mobile:flex;--_ga-mw-mobile:calc(100% - 20px - 5px)\">\n\n<p class=\"has-medium-font-size\">2018-ban meg\u00e9rkezett hozz\u00e1nk <a rel=\"noreferrer noopener\" aria-label=\"Nikolaj (opens in a new tab)\" href=\"\/our-dogs\/males\/born-to-be-your-nikolaj\/\" target=\"_blank\">Nikolaj<\/a>. Vele ismert\u00fck meg igaz\u00e1n a ki\u00e1ll\u00edt\u00e1sok vil\u00e1g\u00e1t, \u00e9s tanultam \u00e1ltala m\u00e9g t\u00f6bbet a corgikr\u00f3l. M\u00e9g ebben az \u00e9vben egy kisl\u00e1ny is \u00e9rkezett hozz\u00e1nk, \u0150 <a rel=\"noreferrer noopener\" aria-label=\"Roz\u00e9 (opens in a new tab)\" href=\"\/our-dogs\/females\/mio-mare-bella-anima\/\" target=\"_blank\">Roz\u00e9<\/a>. N\u00e1lunk a megl\u00e1tni \u00e9s megszeretni elv nagyon m\u0171k\u00f6dik, ugyanis <a href=\"\/our-dogs\/males\/born-to-be-your-nikolaj\/\">Nik\u00f3 <\/a>\u00e9s <a rel=\"noreferrer noopener\" aria-label=\"Roz\u00e9  (opens in a new tab)\" href=\"\/our-dogs\/females\/mio-mare-bella-anima\/\" target=\"_blank\">Roz\u00e9 <\/a>sem volt egy el\u0151re eltervezett kutya az \u00e9let\u00fcnkben. Ebben nagyon nagy szerencs\u00e9nk volt, ugyanis mind a ketten nagyszer\u0171 v\u00e9rvonallal rendelkeznek, \u00e9s nagyon j\u00f3 kennelekb\u0151l \u00e9rkeztek hozz\u00e1nk.<\/p>\n\n<\/div>\n<\/div><\/div>\n\n\n<p class=\"has-medium-font-size\">Ez\u00faton is k\u00f6sz\u00f6nj\u00fck sz\u00e9pen a bizalmat Teny\u00e9szt\u0151iknek! Nem lehet\u00fcnk el\u00e9gg\u00e9 h\u00e1l\u00e1sak \u00e9rt\u00fck.<\/p>\n\n\n\n<p class=\"has-medium-font-size\">Szeretn\u00e9nk a j\u00f6v\u0151ben kuty\u00e1ink teny\u00e9szt\u0151inek l\u00e1bnyom\u00e1ba l\u00e9pni, \u00e9s hasonl\u00f3an magas min\u0151s\u00e9g\u0171 \u00e1llom\u00e1nnyal rendelkezni, mint \u0150k. <\/p>\n\n\n\n<p class=\"has-medium-font-size\">Kuty\u00e1ink, vel\u00fcnk egy\u00fctt \u00e9lnek, \u00e9s vagyok olyan szerencs\u00e9s helyzetben, hogy itthon dolgozom, \u00edgy t\u00e9nyleg a nap 24 \u00f3r\u00e1j\u00e1ban vel\u00fcnk lehetnek.  <\/p>\n\n\n\n<p class=\"has-text-align-center\"><a href=\"https:\/\/www.facebook.com\/morgertoncorgis\/\" target=\"_blank\" rel=\"noreferrer noopener\" aria-label=\"S\u00fcmegi Kl\u00e1ra \u00e9s Ruzsovits Tam\u00e1s (opens in a new tab)\">S\u00fcmegi Kl\u00e1ra \u00e9s Ruzsovits Tam\u00e1s<\/a><\/p>\n","protected":false},"excerpt":{"rendered":"<p>Ez\u00faton is k\u00f6sz\u00f6nj\u00fck sz\u00e9pen a bizalmat Teny\u00e9szt\u0151iknek! Nem lehet\u00fcnk el\u00e9gg\u00e9 h\u00e1l\u00e1sak \u00e9rt\u00fck. Szeretn\u00e9nk a j\u00f6v\u0151ben kuty\u00e1ink teny\u00e9szt\u0151inek l\u00e1bnyom\u00e1ba l\u00e9pni, \u00e9s hasonl\u00f3an magas min\u0151s\u00e9g\u0171 \u00e1llom\u00e1nnyal rendelkezni,&hellip;<\/p>\n","protected":false},"author":1,"featured_media":0,"parent":0,"menu_order":0,"comment_status":"closed","ping_status":"closed","template":"","meta":{"_monsterinsights_skip_tracking":false,"_monsterinsights_sitenote_active":false,"_monsterinsights_sitenote_note":"","_monsterinsights_sitenote_category":0,"footnotes":""},"class_list":["post-14","page","type-page","status-publish","hentry"],"yoast_head":"<!-- This site is optimized with the Yoast SEO plugin v26.6 - https:\/\/yoast.com\/wordpress\/plugins\/seo\/ -->\n<title>R\u00f3lunk - Morgerton Welsh Corgi Pembroke Kennel<\/title>\n<meta name=\"description\" content=\"Gizm\u00f3, Opera, Niko \u00e9s Roz\u00e9, a mi kis csal\u00e1dunk. Amennyiben r\u00f3luk vagy r\u00f3lunk szeretn\u00e9l olvasni, j\u00f3 helyen j\u00e1rsz. Fedezd fel b\u00e1tran oldalunkat.\" \/>\n<meta name=\"robots\" content=\"index, follow, max-snippet:-1, max-image-preview:large, max-video-preview:-1\" \/>\n<link rel=\"canonical\" href=\"https:\/\/morgerton.hu\/hu\/about-us\/\" \/>\n<meta property=\"og:locale\" content=\"hu_HU\" \/>\n<meta property=\"og:type\" content=\"article\" \/>\n<meta property=\"og:title\" content=\"R\u00f3lunk - Morgerton Welsh Corgi Pembroke Kennel\" \/>\n<meta property=\"og:description\" content=\"Gizm\u00f3, Opera, Niko \u00e9s Roz\u00e9, a mi kis csal\u00e1dunk. Amennyiben r\u00f3luk vagy r\u00f3lunk szeretn\u00e9l olvasni, j\u00f3 helyen j\u00e1rsz. Fedezd fel b\u00e1tran oldalunkat.\" \/>\n<meta property=\"og:url\" content=\"https:\/\/morgerton.hu\/hu\/about-us\/\" \/>\n<meta property=\"og:site_name\" content=\"Morgerton Welsh Corgi Pembroke Kennel\" \/>\n<meta property=\"article:publisher\" content=\"http:\/\/facebook.com\/morgertoncorgis\" \/>\n<meta property=\"article:modified_time\" content=\"2020-08-26T18:48:54+00:00\" \/>\n<meta property=\"og:image\" content=\"https:\/\/morgerton.hu\/wp-content\/uploads\/2020\/02\/DSC_0580-1024x678.jpg\" \/>\n<meta name=\"twitter:card\" content=\"summary_large_image\" \/>\n<meta name=\"twitter:label1\" content=\"Becs\u00fclt olvas\u00e1si id\u0151\" \/>\n\t<meta name=\"twitter:data1\" content=\"2 perc\" \/>\n<script type=\"application\/ld+json\" class=\"yoast-schema-graph\">{\"@context\":\"https:\/\/schema.org\",\"@graph\":[{\"@type\":\"WebPage\",\"@id\":\"https:\/\/morgerton.hu\/hu\/about-us\/\",\"url\":\"https:\/\/morgerton.hu\/hu\/about-us\/\",\"name\":\"R\u00f3lunk - Morgerton Welsh Corgi Pembroke Kennel\",\"isPartOf\":{\"@id\":\"https:\/\/morgerton.hu\/hu\/#website\"},\"primaryImageOfPage\":{\"@id\":\"https:\/\/morgerton.hu\/hu\/about-us\/#primaryimage\"},\"image\":{\"@id\":\"https:\/\/morgerton.hu\/hu\/about-us\/#primaryimage\"},\"thumbnailUrl\":\"https:\/\/morgerton.hu\/wp-content\/uploads\/2020\/02\/DSC_0580-1024x678.jpg\",\"datePublished\":\"2020-02-17T20:13:34+00:00\",\"dateModified\":\"2020-08-26T18:48:54+00:00\",\"description\":\"Gizm\u00f3, Opera, Niko \u00e9s Roz\u00e9, a mi kis csal\u00e1dunk. Amennyiben r\u00f3luk vagy r\u00f3lunk szeretn\u00e9l olvasni, j\u00f3 helyen j\u00e1rsz. Fedezd fel b\u00e1tran oldalunkat.\",\"breadcrumb\":{\"@id\":\"https:\/\/morgerton.hu\/hu\/about-us\/#breadcrumb\"},\"inLanguage\":\"hu\",\"potentialAction\":[{\"@type\":\"ReadAction\",\"target\":[\"https:\/\/morgerton.hu\/hu\/about-us\/\"]}]},{\"@type\":\"ImageObject\",\"inLanguage\":\"hu\",\"@id\":\"https:\/\/morgerton.hu\/hu\/about-us\/#primaryimage\",\"url\":\"https:\/\/morgerton.hu\/wp-content\/uploads\/2020\/02\/DSC_0580-1024x678.jpg\",\"contentUrl\":\"https:\/\/morgerton.hu\/wp-content\/uploads\/2020\/02\/DSC_0580-1024x678.jpg\"},{\"@type\":\"BreadcrumbList\",\"@id\":\"https:\/\/morgerton.hu\/hu\/about-us\/#breadcrumb\",\"itemListElement\":[{\"@type\":\"ListItem\",\"position\":1,\"name\":\"Home\",\"item\":\"https:\/\/morgerton.hu\/\"},{\"@type\":\"ListItem\",\"position\":2,\"name\":\"R\u00f3lunk\"}]},{\"@type\":\"WebSite\",\"@id\":\"https:\/\/morgerton.hu\/hu\/#website\",\"url\":\"https:\/\/morgerton.hu\/hu\/\",\"name\":\"Morgerton Welsh Corgi Pembroke Kennel\",\"description\":\"Welsh Corgi Pembroke Kennel\",\"publisher\":{\"@id\":\"https:\/\/morgerton.hu\/hu\/#organization\"},\"potentialAction\":[{\"@type\":\"SearchAction\",\"target\":{\"@type\":\"EntryPoint\",\"urlTemplate\":\"https:\/\/morgerton.hu\/hu\/?s={search_term_string}\"},\"query-input\":{\"@type\":\"PropertyValueSpecification\",\"valueRequired\":true,\"valueName\":\"search_term_string\"}}],\"inLanguage\":\"hu\"},{\"@type\":\"Organization\",\"@id\":\"https:\/\/morgerton.hu\/hu\/#organization\",\"name\":\"Morgerton Welsh Corgi Pembroke Kennel\",\"url\":\"https:\/\/morgerton.hu\/hu\/\",\"logo\":{\"@type\":\"ImageObject\",\"inLanguage\":\"hu\",\"@id\":\"https:\/\/morgerton.hu\/hu\/#\/schema\/logo\/image\/\",\"url\":\"https:\/\/morgerton.hu\/wp-content\/uploads\/2020\/02\/cropped-Logo-v\u00e9gleges-Jav\u00edtott-scaled-2.jpg\",\"contentUrl\":\"https:\/\/morgerton.hu\/wp-content\/uploads\/2020\/02\/cropped-Logo-v\u00e9gleges-Jav\u00edtott-scaled-2.jpg\",\"width\":2227,\"height\":760,\"caption\":\"Morgerton Welsh Corgi Pembroke Kennel\"},\"image\":{\"@id\":\"https:\/\/morgerton.hu\/hu\/#\/schema\/logo\/image\/\"},\"sameAs\":[\"http:\/\/facebook.com\/morgertoncorgis\",\"https:\/\/www.instagram.com\/morgertoncorgis\/\"]}]}<\/script>\n<!-- \/ Yoast SEO plugin. -->","yoast_head_json":{"title":"R\u00f3lunk - Morgerton Welsh Corgi Pembroke Kennel","description":"Gizm\u00f3, Opera, Niko \u00e9s Roz\u00e9, a mi kis csal\u00e1dunk. Amennyiben r\u00f3luk vagy r\u00f3lunk szeretn\u00e9l olvasni, j\u00f3 helyen j\u00e1rsz. Fedezd fel b\u00e1tran oldalunkat.","robots":{"index":"index","follow":"follow","max-snippet":"max-snippet:-1","max-image-preview":"max-image-preview:large","max-video-preview":"max-video-preview:-1"},"canonical":"https:\/\/morgerton.hu\/hu\/about-us\/","og_locale":"hu_HU","og_type":"article","og_title":"R\u00f3lunk - Morgerton Welsh Corgi Pembroke Kennel","og_description":"Gizm\u00f3, Opera, Niko \u00e9s Roz\u00e9, a mi kis csal\u00e1dunk. Amennyiben r\u00f3luk vagy r\u00f3lunk szeretn\u00e9l olvasni, j\u00f3 helyen j\u00e1rsz. Fedezd fel b\u00e1tran oldalunkat.","og_url":"https:\/\/morgerton.hu\/hu\/about-us\/","og_site_name":"Morgerton Welsh Corgi Pembroke Kennel","article_publisher":"http:\/\/facebook.com\/morgertoncorgis","article_modified_time":"2020-08-26T18:48:54+00:00","og_image":[{"url":"https:\/\/morgerton.hu\/wp-content\/uploads\/2020\/02\/DSC_0580-1024x678.jpg","type":"","width":"","height":""}],"twitter_card":"summary_large_image","twitter_misc":{"Becs\u00fclt olvas\u00e1si id\u0151":"2 perc"},"schema":{"@context":"https:\/\/schema.org","@graph":[{"@type":"WebPage","@id":"https:\/\/morgerton.hu\/hu\/about-us\/","url":"https:\/\/morgerton.hu\/hu\/about-us\/","name":"R\u00f3lunk - Morgerton Welsh Corgi Pembroke Kennel","isPartOf":{"@id":"https:\/\/morgerton.hu\/hu\/#website"},"primaryImageOfPage":{"@id":"https:\/\/morgerton.hu\/hu\/about-us\/#primaryimage"},"image":{"@id":"https:\/\/morgerton.hu\/hu\/about-us\/#primaryimage"},"thumbnailUrl":"https:\/\/morgerton.hu\/wp-content\/uploads\/2020\/02\/DSC_0580-1024x678.jpg","datePublished":"2020-02-17T20:13:34+00:00","dateModified":"2020-08-26T18:48:54+00:00","description":"Gizm\u00f3, Opera, Niko \u00e9s Roz\u00e9, a mi kis csal\u00e1dunk. Amennyiben r\u00f3luk vagy r\u00f3lunk szeretn\u00e9l olvasni, j\u00f3 helyen j\u00e1rsz. Fedezd fel b\u00e1tran oldalunkat.","breadcrumb":{"@id":"https:\/\/morgerton.hu\/hu\/about-us\/#breadcrumb"},"inLanguage":"hu","potentialAction":[{"@type":"ReadAction","target":["https:\/\/morgerton.hu\/hu\/about-us\/"]}]},{"@type":"ImageObject","inLanguage":"hu","@id":"https:\/\/morgerton.hu\/hu\/about-us\/#primaryimage","url":"https:\/\/morgerton.hu\/wp-content\/uploads\/2020\/02\/DSC_0580-1024x678.jpg","contentUrl":"https:\/\/morgerton.hu\/wp-content\/uploads\/2020\/02\/DSC_0580-1024x678.jpg"},{"@type":"BreadcrumbList","@id":"https:\/\/morgerton.hu\/hu\/about-us\/#breadcrumb","itemListElement":[{"@type":"ListItem","position":1,"name":"Home","item":"https:\/\/morgerton.hu\/"},{"@type":"ListItem","position":2,"name":"R\u00f3lunk"}]},{"@type":"WebSite","@id":"https:\/\/morgerton.hu\/hu\/#website","url":"https:\/\/morgerton.hu\/hu\/","name":"Morgerton Welsh Corgi Pembroke Kennel","description":"Welsh Corgi Pembroke Kennel","publisher":{"@id":"https:\/\/morgerton.hu\/hu\/#organization"},"potentialAction":[{"@type":"SearchAction","target":{"@type":"EntryPoint","urlTemplate":"https:\/\/morgerton.hu\/hu\/?s={search_term_string}"},"query-input":{"@type":"PropertyValueSpecification","valueRequired":true,"valueName":"search_term_string"}}],"inLanguage":"hu"},{"@type":"Organization","@id":"https:\/\/morgerton.hu\/hu\/#organization","name":"Morgerton Welsh Corgi Pembroke Kennel","url":"https:\/\/morgerton.hu\/hu\/","logo":{"@type":"ImageObject","inLanguage":"hu","@id":"https:\/\/morgerton.hu\/hu\/#\/schema\/logo\/image\/","url":"https:\/\/morgerton.hu\/wp-content\/uploads\/2020\/02\/cropped-Logo-v\u00e9gleges-Jav\u00edtott-scaled-2.jpg","contentUrl":"https:\/\/morgerton.hu\/wp-content\/uploads\/2020\/02\/cropped-Logo-v\u00e9gleges-Jav\u00edtott-scaled-2.jpg","width":2227,"height":760,"caption":"Morgerton Welsh Corgi Pembroke Kennel"},"image":{"@id":"https:\/\/morgerton.hu\/hu\/#\/schema\/logo\/image\/"},"sameAs":["http:\/\/facebook.com\/morgertoncorgis","https:\/\/www.instagram.com\/morgertoncorgis\/"]}]}},"_links":{"self":[{"href":"https:\/\/morgerton.hu\/hu\/wp-json\/wp\/v2\/pages\/14","targetHints":{"allow":["GET"]}}],"collection":[{"href":"https:\/\/morgerton.hu\/hu\/wp-json\/wp\/v2\/pages"}],"about":[{"href":"https:\/\/morgerton.hu\/hu\/wp-json\/wp\/v2\/types\/page"}],"author":[{"embeddable":true,"href":"https:\/\/morgerton.hu\/hu\/wp-json\/wp\/v2\/users\/1"}],"replies":[{"embeddable":true,"href":"https:\/\/morgerton.hu\/hu\/wp-json\/wp\/v2\/comments?post=14"}],"version-history":[{"count":44,"href":"https:\/\/morgerton.hu\/hu\/wp-json\/wp\/v2\/pages\/14\/revisions"}],"predecessor-version":[{"id":1399,"href":"https:\/\/morgerton.hu\/hu\/wp-json\/wp\/v2\/pages\/14\/revisions\/1399"}],"wp:attachment":[{"href":"https:\/\/morgerton.hu\/hu\/wp-json\/wp\/v2\/media?parent=14"}],"curies":[{"name":"wp","href":"https:\/\/api.w.org\/{rel}","templated":true}]}}