{"id":15,"date":"2020-02-17T20:13:34","date_gmt":"2020-02-17T20:13:34","guid":{"rendered":"http:\/\/morgerton.hu\/?page_id=15"},"modified":"2020-03-05T21:58:12","modified_gmt":"2020-03-05T21:58:12","slug":"contact-us","status":"publish","type":"page","link":"http:\/\/morgerton.hu\/hu\/contact-us\/","title":{"rendered":"El\u00e9rhet\u0151s\u00e9g"},"content":{"rendered":"<div  class=\"grids-section grids-is-advanced\" style=\"--_gs-gap-desktop:0px 0px;--_gs-m-desktop:0 0 0 0;--_gs-p-desktop:0 0 0 0;--_gs-bg-desktop:transparent none;--_gs-bg-xp-desktop:0px;--_gs-zi-desktop:auto;--_gs-d-desktop:block;--_gs-mw-desktop:calc(100% - 0 - 0);--_gs-gap-tablet:0px 0px;--_gs-m-tablet:0 0 0 0;--_gs-p-tablet:0 0 0 0;--_gs-bg-tablet:transparent none;--_gs-bg-xp-tablet:0px;--_gs-zi-tablet:auto;--_gs-d-tablet:block;--_gs-mw-tablet:calc(100% - 0 - 0);--_gs-gap-mobile:0px 0px;--_gs-m-mobile:0 0 0 0;--_gs-p-mobile:0 0 0 0;--_gs-bg-mobile:transparent none;--_gs-bg-xp-mobile:0px;--_gs-zi-mobile:auto;--_gs-d-mobile:block;--_gs-mw-mobile:calc(100% - 0 - 0);--_gs-columns:12;--_gs-rows:6\"><div class=\"grids-s-w_i\">\n<div class=\"grids-area\" style=\"--_ga-column:1\/13;--_ga-row:1\/2;--_ga-m-desktop:0 0 0 0;--_ga-p-desktop:0 0 0 0;--_ga-bg-desktop:transparent none;--_ga-zi-desktop:auto;--_ga-d-desktop:flex;--_ga-mw-desktop:calc(100% - 0 - 0);--_ga-m-tablet:0 0 0 0;--_ga-p-tablet:0 0 0 0;--_ga-bg-tablet:transparent none;--_ga-zi-tablet:auto;--_ga-d-tablet:flex;--_ga-mw-tablet:calc(100% - 0 - 0);--_ga-m-mobile:0 0 0 0;--_ga-p-mobile:0 0 0 0;--_ga-bg-mobile:transparent none;--_ga-zi-mobile:auto;--_ga-d-mobile:flex;--_ga-mw-mobile:calc(100% - 0 - 0)\"><\/div>\n\n<div class=\"grids-area\" style=\"--_ga-column:1\/5;--_ga-row:2\/3;--_ga-m-desktop:5px 10px 5px 5px;--_ga-p-desktop:0 0 0 0;--_ga-bg-desktop:transparent none;--_ga-zi-desktop:auto;--_ga-d-desktop:flex;--_ga-mw-desktop:calc(100% - 5px - 10px);--_ga-m-tablet:5px 10px 5px 5px;--_ga-p-tablet:0 0 0 0;--_ga-bg-tablet:transparent none;--_ga-zi-tablet:auto;--_ga-d-tablet:flex;--_ga-mw-tablet:calc(100% - 5px - 10px);--_ga-m-mobile:5px 10px 5px 5px;--_ga-p-mobile:0 0 0 0;--_ga-bg-mobile:transparent none;--_ga-zi-mobile:auto;--_ga-d-mobile:flex;--_ga-mw-mobile:calc(100% - 5px - 10px)\">\n\n<p class=\"has-medium-font-size\">Amennyiben b\u00e1rmilyen k\u00e9rd\u00e9s felmer\u00fcl benned a fajt\u00e1val kapcsolatban, fordulj hozz\u00e1m bizalommal az al\u00e1bbi el\u00e9rhet\u0151s\u00e9g valamelyik\u00e9n. <\/p>\n\n<\/div>\n\n<div class=\"grids-area\" style=\"--_ga-column:5\/9;--_ga-row:2\/3;--_ga-m-desktop:5px 10px 5px 10px;--_ga-p-desktop:0 0 0 0;--_ga-bg-desktop:transparent none;--_ga-zi-desktop:auto;--_ga-d-desktop:flex;--_ga-mw-desktop:calc(100% - 10px - 10px);--_ga-m-tablet:5px 10px 5px 10px;--_ga-p-tablet:0 0 0 0;--_ga-bg-tablet:transparent none;--_ga-zi-tablet:auto;--_ga-d-tablet:flex;--_ga-mw-tablet:calc(100% - 10px - 10px);--_ga-m-mobile:5px 10px 5px 10px;--_ga-p-mobile:0 0 0 0;--_ga-bg-mobile:transparent none;--_ga-zi-mobile:auto;--_ga-d-mobile:flex;--_ga-mw-mobile:calc(100% - 10px - 10px)\">\n\n<p class=\"has-medium-font-size\">Sz\u00edvesen adok tan\u00e1csot a megfelel\u0151 sz\u0151r \u00e9s mancs \u00e1pol\u00e1sban, hogy kis kedvenc\u00fcnk mindig a lehet\u0151 legjobb kond\u00edci\u00f3ban legyen.<\/p>\n\n<\/div>\n\n<div class=\"grids-area\" style=\"--_ga-column:9\/13;--_ga-row:2\/3;--_ga-m-desktop:5px 5px 5px 10px;--_ga-p-desktop:0 0 0 0;--_ga-bg-desktop:transparent none;--_ga-zi-desktop:auto;--_ga-d-desktop:flex;--_ga-mw-desktop:calc(100% - 10px - 5px);--_ga-m-tablet:5px 5px 5px 10px;--_ga-p-tablet:0 0 0 0;--_ga-bg-tablet:transparent none;--_ga-zi-tablet:auto;--_ga-d-tablet:flex;--_ga-mw-tablet:calc(100% - 10px - 5px);--_ga-m-mobile:5px 5px 5px 10px;--_ga-p-mobile:0 0 0 0;--_ga-bg-mobile:transparent none;--_ga-zi-mobile:auto;--_ga-d-mobile:flex;--_ga-mw-mobile:calc(100% - 10px - 5px)\">\n\n<p class=\"has-medium-font-size\">Mint rendszeres ki\u00e1ll\u00edt\u00f3, tan\u00e1csokkal tudok szolg\u00e1lni a kutya felk\u00e9sz\u00edt\u00e9s\u00e9t\u0151l kezdve a megfelel\u0151 kozmetikum v\u00e1laszt\u00e1s\u00e1n \u00e1t a ki\u00e1ll\u00edt\u00e1si karrier beind\u00edt\u00e1s\u00e1ig.<\/p>\n\n<\/div>\n\n<div class=\"grids-area\" style=\"--_ga-column:1\/13;--_ga-row:3\/7;--_ga-va:center;--_ga-m-desktop:0 0 0 0;--_ga-p-desktop:0 0 0 0;--_ga-bg-desktop:transparent none;--_ga-zi-desktop:auto;--_ga-d-desktop:flex;--_ga-mw-desktop:calc(100% - 0 - 0);--_ga-m-tablet:0 0 0 0;--_ga-p-tablet:0 0 0 0;--_ga-bg-tablet:transparent none;--_ga-zi-tablet:auto;--_ga-d-tablet:flex;--_ga-mw-tablet:calc(100% - 0 - 0);--_ga-m-mobile:0 0 0 0;--_ga-p-mobile:0 0 0 0;--_ga-bg-mobile:transparent none;--_ga-zi-mobile:auto;--_ga-d-mobile:flex;--_ga-mw-mobile:calc(100% - 0 - 0)\">\n\n<div class=\"wp-block-media-text alignwide is-vertically-aligned-center\" style=\"grid-template-columns:30% auto\"><figure class=\"wp-block-media-text__media\"><img loading=\"lazy\" decoding=\"async\" width=\"1024\" height=\"1024\" src=\"https:\/\/morgerton.hu\/wp-content\/uploads\/2020\/02\/71501644_2422414774480177_5785222635910594560_o-1024x1024.jpg\" alt=\"S\u00fcmegi Kl\u00e1ra - Born To Be Your Nikolaj El\u00e9rhet\u0151s\u00e9g\" class=\"wp-image-514\" srcset=\"https:\/\/morgerton.hu\/wp-content\/uploads\/2020\/02\/71501644_2422414774480177_5785222635910594560_o-1024x1024.jpg 1024w, https:\/\/morgerton.hu\/wp-content\/uploads\/2020\/02\/71501644_2422414774480177_5785222635910594560_o-300x300.jpg 300w, https:\/\/morgerton.hu\/wp-content\/uploads\/2020\/02\/71501644_2422414774480177_5785222635910594560_o-150x150.jpg 150w, https:\/\/morgerton.hu\/wp-content\/uploads\/2020\/02\/71501644_2422414774480177_5785222635910594560_o-768x768.jpg 768w, https:\/\/morgerton.hu\/wp-content\/uploads\/2020\/02\/71501644_2422414774480177_5785222635910594560_o.jpg 1397w\" sizes=\"auto, (max-width: 1024px) 100vw, 1024px\" \/><\/figure><div class=\"wp-block-media-text__content\">\n<p>S\u00fcmegi Kl\u00e1ra<\/p>\n<p><a href=\"\/\">Morgerton Welsh Corgi Pembroke Kennel<\/a><\/p>\n<p>Reg.: FCI 339\/19<\/p>\n<p>Tel.: &#x2b;&#x33;&#54;\/&#x32;&#x30;&#45;&#50;9&#x31;&#x2d;&#52;&#54;5&#x35;<\/p>\n<p>email: &#105;&#x6e;f&#111;&#x40;m&#111;&#x72;g&#x65;&#x72;&#116;&#x6f;n&#46;&#x68;u<\/p>\n<p>&nbsp;<\/p>\n<p>Facebook:<a href=\"https:\/\/www.facebook.com\/morgertoncorgis\/\" target=\"_blank\" rel=\"noopener noreferrer\"> Morgerton Corgis<\/a><\/p>\n<\/div><\/div>\n\n<\/div>\n<\/div><\/div>\n\n\n\n","protected":false},"excerpt":{"rendered":"","protected":false},"author":1,"featured_media":0,"parent":0,"menu_order":0,"comment_status":"closed","ping_status":"closed","template":"","meta":{"_monsterinsights_skip_tracking":false,"_monsterinsights_sitenote_active":false,"_monsterinsights_sitenote_note":"","_monsterinsights_sitenote_category":0,"footnotes":""},"class_list":["post-15","page","type-page","status-publish","hentry"],"yoast_head":"<!-- This site is optimized with the Yoast SEO plugin v26.6 - https:\/\/yoast.com\/wordpress\/plugins\/seo\/ -->\n<title>El\u00e9rhet\u0151s\u00e9g - Morgerton Welsh Corgi Pembroke Kennel<\/title>\n<meta name=\"description\" content=\"Amennyiben b\u00e1rmilyen k\u00e9rd\u00e9s felmer\u00fcl benned a fajt\u00e1val kapcsolatban, fordulj hozz\u00e1m bizalommal az al\u00e1bbi el\u00e9rhet\u0151s\u00e9g valamelyik\u00e9n.\" \/>\n<meta name=\"robots\" content=\"index, follow, max-snippet:-1, max-image-preview:large, max-video-preview:-1\" \/>\n<link rel=\"canonical\" href=\"https:\/\/morgerton.hu\/hu\/contact-us\/\" \/>\n<meta property=\"og:locale\" content=\"hu_HU\" \/>\n<meta property=\"og:type\" content=\"article\" \/>\n<meta property=\"og:title\" content=\"El\u00e9rhet\u0151s\u00e9g - Morgerton Welsh Corgi Pembroke Kennel\" \/>\n<meta property=\"og:description\" content=\"Amennyiben b\u00e1rmilyen k\u00e9rd\u00e9s felmer\u00fcl benned a fajt\u00e1val kapcsolatban, fordulj hozz\u00e1m bizalommal az al\u00e1bbi el\u00e9rhet\u0151s\u00e9g valamelyik\u00e9n.\" \/>\n<meta property=\"og:url\" content=\"https:\/\/morgerton.hu\/hu\/contact-us\/\" \/>\n<meta property=\"og:site_name\" content=\"Morgerton Welsh Corgi Pembroke Kennel\" \/>\n<meta property=\"article:publisher\" content=\"http:\/\/facebook.com\/morgertoncorgis\" \/>\n<meta property=\"article:modified_time\" content=\"2020-03-05T21:58:12+00:00\" \/>\n<meta property=\"og:image\" content=\"https:\/\/morgerton.hu\/wp-content\/uploads\/2020\/02\/71501644_2422414774480177_5785222635910594560_o-1024x1024.jpg\" \/>\n<meta name=\"twitter:card\" content=\"summary_large_image\" \/>\n<meta name=\"twitter:label1\" content=\"Becs\u00fclt olvas\u00e1si id\u0151\" \/>\n\t<meta name=\"twitter:data1\" content=\"1 perc\" \/>\n<script type=\"application\/ld+json\" class=\"yoast-schema-graph\">{\"@context\":\"https:\/\/schema.org\",\"@graph\":[{\"@type\":\"WebPage\",\"@id\":\"https:\/\/morgerton.hu\/hu\/contact-us\/\",\"url\":\"https:\/\/morgerton.hu\/hu\/contact-us\/\",\"name\":\"El\u00e9rhet\u0151s\u00e9g - Morgerton Welsh Corgi Pembroke Kennel\",\"isPartOf\":{\"@id\":\"https:\/\/morgerton.hu\/hu\/#website\"},\"primaryImageOfPage\":{\"@id\":\"https:\/\/morgerton.hu\/hu\/contact-us\/#primaryimage\"},\"image\":{\"@id\":\"https:\/\/morgerton.hu\/hu\/contact-us\/#primaryimage\"},\"thumbnailUrl\":\"https:\/\/morgerton.hu\/wp-content\/uploads\/2020\/02\/71501644_2422414774480177_5785222635910594560_o-1024x1024.jpg\",\"datePublished\":\"2020-02-17T20:13:34+00:00\",\"dateModified\":\"2020-03-05T21:58:12+00:00\",\"description\":\"Amennyiben b\u00e1rmilyen k\u00e9rd\u00e9s felmer\u00fcl benned a fajt\u00e1val kapcsolatban, fordulj hozz\u00e1m bizalommal az al\u00e1bbi el\u00e9rhet\u0151s\u00e9g valamelyik\u00e9n.\",\"breadcrumb\":{\"@id\":\"https:\/\/morgerton.hu\/hu\/contact-us\/#breadcrumb\"},\"inLanguage\":\"hu\",\"potentialAction\":[{\"@type\":\"ReadAction\",\"target\":[\"https:\/\/morgerton.hu\/hu\/contact-us\/\"]}]},{\"@type\":\"ImageObject\",\"inLanguage\":\"hu\",\"@id\":\"https:\/\/morgerton.hu\/hu\/contact-us\/#primaryimage\",\"url\":\"https:\/\/morgerton.hu\/wp-content\/uploads\/2020\/02\/71501644_2422414774480177_5785222635910594560_o-1024x1024.jpg\",\"contentUrl\":\"https:\/\/morgerton.hu\/wp-content\/uploads\/2020\/02\/71501644_2422414774480177_5785222635910594560_o-1024x1024.jpg\"},{\"@type\":\"BreadcrumbList\",\"@id\":\"https:\/\/morgerton.hu\/hu\/contact-us\/#breadcrumb\",\"itemListElement\":[{\"@type\":\"ListItem\",\"position\":1,\"name\":\"Home\",\"item\":\"https:\/\/morgerton.hu\/\"},{\"@type\":\"ListItem\",\"position\":2,\"name\":\"El\u00e9rhet\u0151s\u00e9g\"}]},{\"@type\":\"WebSite\",\"@id\":\"https:\/\/morgerton.hu\/hu\/#website\",\"url\":\"https:\/\/morgerton.hu\/hu\/\",\"name\":\"Morgerton Welsh Corgi Pembroke Kennel\",\"description\":\"Welsh Corgi Pembroke Kennel\",\"publisher\":{\"@id\":\"https:\/\/morgerton.hu\/hu\/#organization\"},\"potentialAction\":[{\"@type\":\"SearchAction\",\"target\":{\"@type\":\"EntryPoint\",\"urlTemplate\":\"https:\/\/morgerton.hu\/hu\/?s={search_term_string}\"},\"query-input\":{\"@type\":\"PropertyValueSpecification\",\"valueRequired\":true,\"valueName\":\"search_term_string\"}}],\"inLanguage\":\"hu\"},{\"@type\":\"Organization\",\"@id\":\"https:\/\/morgerton.hu\/hu\/#organization\",\"name\":\"Morgerton Welsh Corgi Pembroke Kennel\",\"url\":\"https:\/\/morgerton.hu\/hu\/\",\"logo\":{\"@type\":\"ImageObject\",\"inLanguage\":\"hu\",\"@id\":\"https:\/\/morgerton.hu\/hu\/#\/schema\/logo\/image\/\",\"url\":\"https:\/\/morgerton.hu\/wp-content\/uploads\/2020\/02\/cropped-Logo-v\u00e9gleges-Jav\u00edtott-scaled-2.jpg\",\"contentUrl\":\"https:\/\/morgerton.hu\/wp-content\/uploads\/2020\/02\/cropped-Logo-v\u00e9gleges-Jav\u00edtott-scaled-2.jpg\",\"width\":2227,\"height\":760,\"caption\":\"Morgerton Welsh Corgi Pembroke Kennel\"},\"image\":{\"@id\":\"https:\/\/morgerton.hu\/hu\/#\/schema\/logo\/image\/\"},\"sameAs\":[\"http:\/\/facebook.com\/morgertoncorgis\",\"https:\/\/www.instagram.com\/morgertoncorgis\/\"]}]}<\/script>\n<!-- \/ Yoast SEO plugin. -->","yoast_head_json":{"title":"El\u00e9rhet\u0151s\u00e9g - Morgerton Welsh Corgi Pembroke Kennel","description":"Amennyiben b\u00e1rmilyen k\u00e9rd\u00e9s felmer\u00fcl benned a fajt\u00e1val kapcsolatban, fordulj hozz\u00e1m bizalommal az al\u00e1bbi el\u00e9rhet\u0151s\u00e9g valamelyik\u00e9n.","robots":{"index":"index","follow":"follow","max-snippet":"max-snippet:-1","max-image-preview":"max-image-preview:large","max-video-preview":"max-video-preview:-1"},"canonical":"https:\/\/morgerton.hu\/hu\/contact-us\/","og_locale":"hu_HU","og_type":"article","og_title":"El\u00e9rhet\u0151s\u00e9g - Morgerton Welsh Corgi Pembroke Kennel","og_description":"Amennyiben b\u00e1rmilyen k\u00e9rd\u00e9s felmer\u00fcl benned a fajt\u00e1val kapcsolatban, fordulj hozz\u00e1m bizalommal az al\u00e1bbi el\u00e9rhet\u0151s\u00e9g valamelyik\u00e9n.","og_url":"https:\/\/morgerton.hu\/hu\/contact-us\/","og_site_name":"Morgerton Welsh Corgi Pembroke Kennel","article_publisher":"http:\/\/facebook.com\/morgertoncorgis","article_modified_time":"2020-03-05T21:58:12+00:00","og_image":[{"url":"https:\/\/morgerton.hu\/wp-content\/uploads\/2020\/02\/71501644_2422414774480177_5785222635910594560_o-1024x1024.jpg","type":"","width":"","height":""}],"twitter_card":"summary_large_image","twitter_misc":{"Becs\u00fclt olvas\u00e1si id\u0151":"1 perc"},"schema":{"@context":"https:\/\/schema.org","@graph":[{"@type":"WebPage","@id":"https:\/\/morgerton.hu\/hu\/contact-us\/","url":"https:\/\/morgerton.hu\/hu\/contact-us\/","name":"El\u00e9rhet\u0151s\u00e9g - Morgerton Welsh Corgi Pembroke Kennel","isPartOf":{"@id":"https:\/\/morgerton.hu\/hu\/#website"},"primaryImageOfPage":{"@id":"https:\/\/morgerton.hu\/hu\/contact-us\/#primaryimage"},"image":{"@id":"https:\/\/morgerton.hu\/hu\/contact-us\/#primaryimage"},"thumbnailUrl":"https:\/\/morgerton.hu\/wp-content\/uploads\/2020\/02\/71501644_2422414774480177_5785222635910594560_o-1024x1024.jpg","datePublished":"2020-02-17T20:13:34+00:00","dateModified":"2020-03-05T21:58:12+00:00","description":"Amennyiben b\u00e1rmilyen k\u00e9rd\u00e9s felmer\u00fcl benned a fajt\u00e1val kapcsolatban, fordulj hozz\u00e1m bizalommal az al\u00e1bbi el\u00e9rhet\u0151s\u00e9g valamelyik\u00e9n.","breadcrumb":{"@id":"https:\/\/morgerton.hu\/hu\/contact-us\/#breadcrumb"},"inLanguage":"hu","potentialAction":[{"@type":"ReadAction","target":["https:\/\/morgerton.hu\/hu\/contact-us\/"]}]},{"@type":"ImageObject","inLanguage":"hu","@id":"https:\/\/morgerton.hu\/hu\/contact-us\/#primaryimage","url":"https:\/\/morgerton.hu\/wp-content\/uploads\/2020\/02\/71501644_2422414774480177_5785222635910594560_o-1024x1024.jpg","contentUrl":"https:\/\/morgerton.hu\/wp-content\/uploads\/2020\/02\/71501644_2422414774480177_5785222635910594560_o-1024x1024.jpg"},{"@type":"BreadcrumbList","@id":"https:\/\/morgerton.hu\/hu\/contact-us\/#breadcrumb","itemListElement":[{"@type":"ListItem","position":1,"name":"Home","item":"https:\/\/morgerton.hu\/"},{"@type":"ListItem","position":2,"name":"El\u00e9rhet\u0151s\u00e9g"}]},{"@type":"WebSite","@id":"https:\/\/morgerton.hu\/hu\/#website","url":"https:\/\/morgerton.hu\/hu\/","name":"Morgerton Welsh Corgi Pembroke Kennel","description":"Welsh Corgi Pembroke Kennel","publisher":{"@id":"https:\/\/morgerton.hu\/hu\/#organization"},"potentialAction":[{"@type":"SearchAction","target":{"@type":"EntryPoint","urlTemplate":"https:\/\/morgerton.hu\/hu\/?s={search_term_string}"},"query-input":{"@type":"PropertyValueSpecification","valueRequired":true,"valueName":"search_term_string"}}],"inLanguage":"hu"},{"@type":"Organization","@id":"https:\/\/morgerton.hu\/hu\/#organization","name":"Morgerton Welsh Corgi Pembroke Kennel","url":"https:\/\/morgerton.hu\/hu\/","logo":{"@type":"ImageObject","inLanguage":"hu","@id":"https:\/\/morgerton.hu\/hu\/#\/schema\/logo\/image\/","url":"https:\/\/morgerton.hu\/wp-content\/uploads\/2020\/02\/cropped-Logo-v\u00e9gleges-Jav\u00edtott-scaled-2.jpg","contentUrl":"https:\/\/morgerton.hu\/wp-content\/uploads\/2020\/02\/cropped-Logo-v\u00e9gleges-Jav\u00edtott-scaled-2.jpg","width":2227,"height":760,"caption":"Morgerton Welsh Corgi Pembroke Kennel"},"image":{"@id":"https:\/\/morgerton.hu\/hu\/#\/schema\/logo\/image\/"},"sameAs":["http:\/\/facebook.com\/morgertoncorgis","https:\/\/www.instagram.com\/morgertoncorgis\/"]}]}},"_links":{"self":[{"href":"http:\/\/morgerton.hu\/hu\/wp-json\/wp\/v2\/pages\/15","targetHints":{"allow":["GET"]}}],"collection":[{"href":"http:\/\/morgerton.hu\/hu\/wp-json\/wp\/v2\/pages"}],"about":[{"href":"http:\/\/morgerton.hu\/hu\/wp-json\/wp\/v2\/types\/page"}],"author":[{"embeddable":true,"href":"http:\/\/morgerton.hu\/hu\/wp-json\/wp\/v2\/users\/1"}],"replies":[{"embeddable":true,"href":"http:\/\/morgerton.hu\/hu\/wp-json\/wp\/v2\/comments?post=15"}],"version-history":[{"count":39,"href":"http:\/\/morgerton.hu\/hu\/wp-json\/wp\/v2\/pages\/15\/revisions"}],"predecessor-version":[{"id":914,"href":"http:\/\/morgerton.hu\/hu\/wp-json\/wp\/v2\/pages\/15\/revisions\/914"}],"wp:attachment":[{"href":"http:\/\/morgerton.hu\/hu\/wp-json\/wp\/v2\/media?parent=15"}],"curies":[{"name":"wp","href":"https:\/\/api.w.org\/{rel}","templated":true}]}}