{"id":86,"date":"2020-02-17T22:23:10","date_gmt":"2020-02-17T22:23:10","guid":{"rendered":"http:\/\/morgerton.hu\/?page_id=86"},"modified":"2025-03-17T18:01:08","modified_gmt":"2025-03-17T18:01:08","slug":"males","status":"publish","type":"page","link":"http:\/\/morgerton.hu\/en\/our-dogs\/males\/","title":{"rendered":"Males"},"content":{"rendered":"<div class=\"wp-block-columns is-layout-flex wp-container-core-columns-is-layout-9d6595d7 wp-block-columns-is-layout-flex\">\n<div class=\"wp-block-column is-layout-flow wp-block-column-is-layout-flow\">\n<div class=\"wp-block-group\"><div class=\"wp-block-group__inner-container is-layout-flow wp-block-group-is-layout-flow\">\n<h3 class=\"wp-block-heading\"><a href=\"\/en\/our-dogs\/males\/born-to-be-your-nikolaj\/\">Born To Be Your Nikolaj &#8211; Niko<\/a><\/h3>\n\n\n<div class=\"wp-block-image is-style-default\">\n<figure class=\"aligncenter size-large is-resized\"><a href=\"\/en\/our-dogs\/males\/born-to-be-your-nikolaj\/\"><img loading=\"lazy\" decoding=\"async\" width=\"1024\" height=\"683\" src=\"https:\/\/morgerton.hu\/wp-content\/uploads\/2020\/10\/Born-To-Be-Your-Nikolaj-33-months-old-1024x683.jpg\" alt=\"Born To Be Your Nikolaj 33 months old\" class=\"wp-image-1425\" style=\"width:512px\" srcset=\"https:\/\/morgerton.hu\/wp-content\/uploads\/2020\/10\/Born-To-Be-Your-Nikolaj-33-months-old-1024x683.jpg 1024w, https:\/\/morgerton.hu\/wp-content\/uploads\/2020\/10\/Born-To-Be-Your-Nikolaj-33-months-old-300x200.jpg 300w, https:\/\/morgerton.hu\/wp-content\/uploads\/2020\/10\/Born-To-Be-Your-Nikolaj-33-months-old-768x512.jpg 768w, https:\/\/morgerton.hu\/wp-content\/uploads\/2020\/10\/Born-To-Be-Your-Nikolaj-33-months-old-1536x1024.jpg 1536w, https:\/\/morgerton.hu\/wp-content\/uploads\/2020\/10\/Born-To-Be-Your-Nikolaj-33-months-old-16x12.jpg 16w, https:\/\/morgerton.hu\/wp-content\/uploads\/2020\/10\/Born-To-Be-Your-Nikolaj-33-months-old.jpg 1620w\" sizes=\"auto, (max-width: 1024px) 100vw, 1024px\" \/><\/a><figcaption class=\"wp-element-caption\"> <a href=\"\/en\/our-dogs\/males\/born-to-be-your-nikolaj\/\">Nik\u00f3 szem\u00e9lyis\u00e9ge, jelleme, kedvess\u00e9ge mindenkit levesz a l\u00e1b\u00e1r\u00f3l aki csak tal\u00e1lkozik vele. \u0150t nem lehet nem szeretni, mert kik\u00f6veteli mag\u00e1nak a figyelmet \u00e9s szeretetet.<\/a><\/figcaption><\/figure>\n<\/div><\/div><\/div>\n<\/div>\n\n\n\n<div class=\"wp-block-column is-layout-flow wp-block-column-is-layout-flow\">\n<div class=\"wp-block-group\"><div class=\"wp-block-group__inner-container is-layout-flow wp-block-group-is-layout-flow\">\n<h3 class=\"wp-block-heading\"><a href=\"\/en\/our-dogs\/males\/born-to-be-your-heston-blumenthal-chef-at-morgerton\/\">Born To Be Your Heston Blumenthal Chef at Morgerton &#8211; Echo<\/a><\/h3>\n\n\n<div class=\"wp-block-image is-style-default\">\n<figure class=\"aligncenter size-large is-resized\"><a href=\"\/en\/our-dogs\/males\/born-to-be-your-heston-blumenthal-chef-at-morgerton\/\"><img loading=\"lazy\" decoding=\"async\" width=\"1024\" height=\"683\" src=\"https:\/\/morgerton.hu\/wp-content\/uploads\/2023\/01\/Born-To-Be-Your-Heston-Blumenthal-Chef-at-Morgerton-\u2013-Echo-2.5-years-old-4-1024x683.jpg\" alt=\"Born To Be Your Heston Blumenthal Chef at Morgerton \u2013 Echo 2.5 years old\" class=\"wp-image-2275\" style=\"width:512px\" srcset=\"https:\/\/morgerton.hu\/wp-content\/uploads\/2023\/01\/Born-To-Be-Your-Heston-Blumenthal-Chef-at-Morgerton-\u2013-Echo-2.5-years-old-4-1024x683.jpg 1024w, https:\/\/morgerton.hu\/wp-content\/uploads\/2023\/01\/Born-To-Be-Your-Heston-Blumenthal-Chef-at-Morgerton-\u2013-Echo-2.5-years-old-4-300x200.jpg 300w, https:\/\/morgerton.hu\/wp-content\/uploads\/2023\/01\/Born-To-Be-Your-Heston-Blumenthal-Chef-at-Morgerton-\u2013-Echo-2.5-years-old-4-768x512.jpg 768w, https:\/\/morgerton.hu\/wp-content\/uploads\/2023\/01\/Born-To-Be-Your-Heston-Blumenthal-Chef-at-Morgerton-\u2013-Echo-2.5-years-old-4-1536x1024.jpg 1536w, https:\/\/morgerton.hu\/wp-content\/uploads\/2023\/01\/Born-To-Be-Your-Heston-Blumenthal-Chef-at-Morgerton-\u2013-Echo-2.5-years-old-4-18x12.jpg 18w, https:\/\/morgerton.hu\/wp-content\/uploads\/2023\/01\/Born-To-Be-Your-Heston-Blumenthal-Chef-at-Morgerton-\u2013-Echo-2.5-years-old-4.jpg 2048w\" sizes=\"auto, (max-width: 1024px) 100vw, 1024px\" \/><\/a><figcaption class=\"wp-element-caption\"><a href=\"\/en\/our-dogs\/males\/born-to-be-your-heston-blumenthal-chef-at-morgerton\/\"> Egy nagyon k\u00fcl\u00f6nleges p\u00e1ros\u00edt\u00e1s gyermeke Echo, v\u00e9rvonala egyed\u00fcl\u00e1ll\u00f3, mell\u00e9 pedig kimagasl\u00f3 eg\u00e9szs\u00e9g\u00fcgyi sz\u0171r\u00e9sei \u00e9s term\u00e9szetes csutka farka teszi \u0151t egy igazi k\u00fcl\u00f6nlegess\u00e9gg\u00e9. <\/a><\/figcaption><\/figure>\n<\/div><\/div><\/div>\n<\/div>\n<\/div>\n\n\n\n<div class=\"wp-block-columns is-layout-flex wp-container-core-columns-is-layout-9d6595d7 wp-block-columns-is-layout-flex\">\n<div class=\"wp-block-column is-layout-flow wp-block-column-is-layout-flow\">\n<div class=\"wp-block-group\"><div class=\"wp-block-group__inner-container is-layout-flow wp-block-group-is-layout-flow\">\n<h3 class=\"wp-block-heading\"><a href=\"\/en\/our-dogs\/males\/wallfugh-just-a-dreamer-tony\/\">Wallfugh Just A Dreamer \u2013 Tony<\/a><\/h3>\n\n\n<div class=\"wp-block-image is-style-default\">\n<figure class=\"aligncenter size-large is-resized\"><a href=\"\/en\/our-dogs\/males\/wallfugh-just-a-dreamer-tony\/\"><img loading=\"lazy\" decoding=\"async\" width=\"1024\" height=\"683\" src=\"https:\/\/morgerton.hu\/wp-content\/uploads\/2022\/06\/Wallfugh-Just-A-Dreamer-11-months-old-1024x683.jpg\" alt=\"Wallfugh Just A Dreamer 11 months old\" class=\"wp-image-2192\" style=\"width:512px\" srcset=\"https:\/\/morgerton.hu\/wp-content\/uploads\/2022\/06\/Wallfugh-Just-A-Dreamer-11-months-old-1024x683.jpg 1024w, https:\/\/morgerton.hu\/wp-content\/uploads\/2022\/06\/Wallfugh-Just-A-Dreamer-11-months-old-300x200.jpg 300w, https:\/\/morgerton.hu\/wp-content\/uploads\/2022\/06\/Wallfugh-Just-A-Dreamer-11-months-old-768x512.jpg 768w, https:\/\/morgerton.hu\/wp-content\/uploads\/2022\/06\/Wallfugh-Just-A-Dreamer-11-months-old-1536x1024.jpg 1536w, https:\/\/morgerton.hu\/wp-content\/uploads\/2022\/06\/Wallfugh-Just-A-Dreamer-11-months-old-18x12.jpg 18w, https:\/\/morgerton.hu\/wp-content\/uploads\/2022\/06\/Wallfugh-Just-A-Dreamer-11-months-old.jpg 2048w\" sizes=\"auto, (max-width: 1024px) 100vw, 1024px\" \/><\/a><figcaption class=\"wp-element-caption\"><a href=\"https:\/\/morgerton.hu\/en\/our-dogs\/males\/wallfugh-just-a-dreamer-tony\/\">Egy igazi v\u00e9rbeli olasz<\/a><\/figcaption><\/figure>\n<\/div><\/div><\/div>\n<\/div>\n\n\n\n<div class=\"wp-block-column is-layout-flow wp-block-column-is-layout-flow\">\n<div class=\"wp-block-group\"><div class=\"wp-block-group__inner-container is-layout-flow wp-block-group-is-layout-flow\">\n<h3 class=\"wp-block-heading\"><a href=\"https:\/\/morgerton.hu\/en\/our-dogs\/males\/back-to-black-morgerton-bejgli\/\">Back to Black Morgerton &#8211; Bejgli<\/a><\/h3>\n\n\n<div class=\"wp-block-image is-style-default\">\n<figure class=\"aligncenter size-large is-resized\"><a href=\"https:\/\/morgerton.hu\/en\/our-dogs\/males\/back-to-black-morgerton-bejgli\/\"><img loading=\"lazy\" decoding=\"async\" width=\"1024\" height=\"683\" src=\"https:\/\/morgerton.hu\/wp-content\/uploads\/2024\/07\/Back-to-Black-Morgerton-Bejgli-2-years-old-6-1024x683.jpg\" alt=\"Back to Black Morgerton - Bejgli 2 years old\" class=\"wp-image-2480\" style=\"width:512px\" srcset=\"https:\/\/morgerton.hu\/wp-content\/uploads\/2024\/07\/Back-to-Black-Morgerton-Bejgli-2-years-old-6-1024x683.jpg 1024w, https:\/\/morgerton.hu\/wp-content\/uploads\/2024\/07\/Back-to-Black-Morgerton-Bejgli-2-years-old-6-300x200.jpg 300w, https:\/\/morgerton.hu\/wp-content\/uploads\/2024\/07\/Back-to-Black-Morgerton-Bejgli-2-years-old-6-768x512.jpg 768w, https:\/\/morgerton.hu\/wp-content\/uploads\/2024\/07\/Back-to-Black-Morgerton-Bejgli-2-years-old-6-1536x1024.jpg 1536w, https:\/\/morgerton.hu\/wp-content\/uploads\/2024\/07\/Back-to-Black-Morgerton-Bejgli-2-years-old-6-2048x1365.jpg 2048w, https:\/\/morgerton.hu\/wp-content\/uploads\/2024\/07\/Back-to-Black-Morgerton-Bejgli-2-years-old-6-18x12.jpg 18w\" sizes=\"auto, (max-width: 1024px) 100vw, 1024px\" \/><\/a><figcaption class=\"wp-element-caption\"><a href=\"https:\/\/morgerton.hu\/en\/our-dogs\/males\/back-to-black-morgerton-bejgli\/\">Fekete fej\u00e9vel egy igazi gy\u00f6ngyszem<\/a><\/figcaption><\/figure>\n<\/div><\/div><\/div>\n<\/div>\n<\/div>\n\n\n\n<div class=\"wp-block-columns is-layout-flex wp-container-core-columns-is-layout-9d6595d7 wp-block-columns-is-layout-flex\">\n<div class=\"wp-block-column is-layout-flow wp-block-column-is-layout-flow\">\n<div class=\"wp-block-group\"><div class=\"wp-block-group__inner-container is-layout-flow wp-block-group-is-layout-flow\">\n<h3 class=\"wp-block-heading\"><a href=\"https:\/\/morgerton.hu\/en\/our-dogs\/males\/hail-to-victory-morgerton-panda\/\">Hail To Victory Morgerton \u2013 Panda<\/a><\/h3>\n\n\n<div class=\"wp-block-image is-style-default\">\n<figure class=\"aligncenter size-large is-resized\"><a href=\"https:\/\/morgerton.hu\/en\/our-dogs\/males\/hail-to-victory-morgerton-panda\/\"><img loading=\"lazy\" decoding=\"async\" width=\"1024\" height=\"683\" src=\"https:\/\/morgerton.hu\/wp-content\/uploads\/2024\/07\/Hail-To-Victory-Morgerton-Panda-18-months-old-6-1024x683.jpg\" alt=\"Hail To Victory Morgerton - Panda 18 months old\" class=\"wp-image-2534\" style=\"width:512px\" srcset=\"https:\/\/morgerton.hu\/wp-content\/uploads\/2024\/07\/Hail-To-Victory-Morgerton-Panda-18-months-old-6-1024x683.jpg 1024w, https:\/\/morgerton.hu\/wp-content\/uploads\/2024\/07\/Hail-To-Victory-Morgerton-Panda-18-months-old-6-300x200.jpg 300w, https:\/\/morgerton.hu\/wp-content\/uploads\/2024\/07\/Hail-To-Victory-Morgerton-Panda-18-months-old-6-768x512.jpg 768w, https:\/\/morgerton.hu\/wp-content\/uploads\/2024\/07\/Hail-To-Victory-Morgerton-Panda-18-months-old-6-1536x1024.jpg 1536w, https:\/\/morgerton.hu\/wp-content\/uploads\/2024\/07\/Hail-To-Victory-Morgerton-Panda-18-months-old-6-2048x1365.jpg 2048w, https:\/\/morgerton.hu\/wp-content\/uploads\/2024\/07\/Hail-To-Victory-Morgerton-Panda-18-months-old-6-18x12.jpg 18w\" sizes=\"auto, (max-width: 1024px) 100vw, 1024px\" \/><\/a><figcaption class=\"wp-element-caption\"><a href=\"https:\/\/morgerton.hu\/en\/our-dogs\/males\/hail-to-victory-morgerton-panda\/\">Tiszta apja<\/a><\/figcaption><\/figure>\n<\/div><\/div><\/div>\n<\/div>\n\n\n\n<div class=\"wp-block-column is-layout-flow wp-block-column-is-layout-flow\"><\/div>\n<\/div>","protected":false},"excerpt":{"rendered":"<p>Born To Be Your Nikolaj &#8211; Niko Born To Be Your Heston Blumenthal Chef at Morgerton &#8211; Echo Wallfugh Just A Dreamer \u2013 Tony Back&hellip;<\/p>","protected":false},"author":1,"featured_media":0,"parent":80,"menu_order":0,"comment_status":"closed","ping_status":"closed","template":"","meta":{"_monsterinsights_skip_tracking":false,"_monsterinsights_sitenote_active":false,"_monsterinsights_sitenote_note":"","_monsterinsights_sitenote_category":0,"footnotes":""},"class_list":["post-86","page","type-page","status-publish","hentry"],"yoast_head":"<!-- This site is optimized with the Yoast SEO plugin v26.6 - https:\/\/yoast.com\/wordpress\/plugins\/seo\/ -->\n<title>Kanok - Morgerton Welsh Corgi Pembroke Kennel<\/title>\n<meta name=\"description\" content=\"A Morgerton Welsh Corgi Pembroke Kennelben megtal\u00e1lhat\u00f3 rendelkez\u00e9sre \u00e1ll\u00f3 fedez\u0151kanok. A kanok j\u00f3 v\u00e9rvonalb\u00f3l sz\u00e1rmaznak, eg\u00e9szs\u00e9g\u00fcgyi sz\u0171r\u00e9ssekkel.\" \/>\n<meta name=\"robots\" content=\"index, follow, max-snippet:-1, max-image-preview:large, max-video-preview:-1\" \/>\n<link rel=\"canonical\" href=\"https:\/\/morgerton.hu\/en\/our-dogs\/males\/\" \/>\n<meta property=\"og:locale\" content=\"en_US\" \/>\n<meta property=\"og:type\" content=\"article\" \/>\n<meta property=\"og:title\" content=\"Kanok - Morgerton Welsh Corgi Pembroke Kennel\" \/>\n<meta property=\"og:description\" content=\"A Morgerton Welsh Corgi Pembroke Kennelben megtal\u00e1lhat\u00f3 rendelkez\u00e9sre \u00e1ll\u00f3 fedez\u0151kanok. A kanok j\u00f3 v\u00e9rvonalb\u00f3l sz\u00e1rmaznak, eg\u00e9szs\u00e9g\u00fcgyi sz\u0171r\u00e9ssekkel.\" \/>\n<meta property=\"og:url\" content=\"https:\/\/morgerton.hu\/en\/our-dogs\/males\/\" \/>\n<meta property=\"og:site_name\" content=\"Morgerton Welsh Corgi Pembroke Kennel\" \/>\n<meta property=\"article:publisher\" content=\"http:\/\/facebook.com\/morgertoncorgis\" \/>\n<meta property=\"article:modified_time\" content=\"2025-03-17T18:01:08+00:00\" \/>\n<meta property=\"og:image\" content=\"https:\/\/morgerton.hu\/wp-content\/uploads\/2020\/10\/Born-To-Be-Your-Nikolaj-33-months-old.jpg\" \/>\n\t<meta property=\"og:image:width\" content=\"1620\" \/>\n\t<meta property=\"og:image:height\" content=\"1080\" \/>\n\t<meta property=\"og:image:type\" content=\"image\/jpeg\" \/>\n<meta name=\"twitter:card\" content=\"summary_large_image\" \/>\n<meta name=\"twitter:label1\" content=\"Est. reading time\" \/>\n\t<meta name=\"twitter:data1\" content=\"2 minutes\" \/>\n<script type=\"application\/ld+json\" class=\"yoast-schema-graph\">{\"@context\":\"https:\/\/schema.org\",\"@graph\":[{\"@type\":\"WebPage\",\"@id\":\"https:\/\/morgerton.hu\/our-dogs\/males\/\",\"url\":\"https:\/\/morgerton.hu\/our-dogs\/males\/\",\"name\":\"Kanok - Morgerton Welsh Corgi Pembroke Kennel\",\"isPartOf\":{\"@id\":\"https:\/\/morgerton.hu\/hu\/#website\"},\"primaryImageOfPage\":{\"@id\":\"https:\/\/morgerton.hu\/our-dogs\/males\/#primaryimage\"},\"image\":{\"@id\":\"https:\/\/morgerton.hu\/our-dogs\/males\/#primaryimage\"},\"thumbnailUrl\":\"https:\/\/morgerton.hu\/wp-content\/uploads\/2020\/10\/Born-To-Be-Your-Nikolaj-33-months-old-1024x683.jpg\",\"datePublished\":\"2020-02-17T22:23:10+00:00\",\"dateModified\":\"2025-03-17T18:01:08+00:00\",\"description\":\"A Morgerton Welsh Corgi Pembroke Kennelben megtal\u00e1lhat\u00f3 rendelkez\u00e9sre \u00e1ll\u00f3 fedez\u0151kanok. A kanok j\u00f3 v\u00e9rvonalb\u00f3l sz\u00e1rmaznak, eg\u00e9szs\u00e9g\u00fcgyi sz\u0171r\u00e9ssekkel.\",\"breadcrumb\":{\"@id\":\"https:\/\/morgerton.hu\/our-dogs\/males\/#breadcrumb\"},\"inLanguage\":\"en-US\",\"potentialAction\":[{\"@type\":\"ReadAction\",\"target\":[\"https:\/\/morgerton.hu\/our-dogs\/males\/\"]}]},{\"@type\":\"ImageObject\",\"inLanguage\":\"en-US\",\"@id\":\"https:\/\/morgerton.hu\/our-dogs\/males\/#primaryimage\",\"url\":\"https:\/\/morgerton.hu\/wp-content\/uploads\/2020\/10\/Born-To-Be-Your-Nikolaj-33-months-old-1024x683.jpg\",\"contentUrl\":\"https:\/\/morgerton.hu\/wp-content\/uploads\/2020\/10\/Born-To-Be-Your-Nikolaj-33-months-old-1024x683.jpg\"},{\"@type\":\"BreadcrumbList\",\"@id\":\"https:\/\/morgerton.hu\/our-dogs\/males\/#breadcrumb\",\"itemListElement\":[{\"@type\":\"ListItem\",\"position\":1,\"name\":\"Home\",\"item\":\"https:\/\/morgerton.hu\/\"},{\"@type\":\"ListItem\",\"position\":2,\"name\":\"Kuty\u00e1ink\",\"item\":\"https:\/\/morgerton.hu\/?page_id=80\"},{\"@type\":\"ListItem\",\"position\":3,\"name\":\"Kanok\"}]},{\"@type\":\"WebSite\",\"@id\":\"https:\/\/morgerton.hu\/hu\/#website\",\"url\":\"https:\/\/morgerton.hu\/hu\/\",\"name\":\"Morgerton Welsh Corgi Pembroke Kennel\",\"description\":\"Welsh Corgi Pembroke Kennel\",\"publisher\":{\"@id\":\"https:\/\/morgerton.hu\/hu\/#organization\"},\"potentialAction\":[{\"@type\":\"SearchAction\",\"target\":{\"@type\":\"EntryPoint\",\"urlTemplate\":\"https:\/\/morgerton.hu\/hu\/?s={search_term_string}\"},\"query-input\":{\"@type\":\"PropertyValueSpecification\",\"valueRequired\":true,\"valueName\":\"search_term_string\"}}],\"inLanguage\":\"en-US\"},{\"@type\":\"Organization\",\"@id\":\"https:\/\/morgerton.hu\/hu\/#organization\",\"name\":\"Morgerton Welsh Corgi Pembroke Kennel\",\"url\":\"https:\/\/morgerton.hu\/hu\/\",\"logo\":{\"@type\":\"ImageObject\",\"inLanguage\":\"en-US\",\"@id\":\"https:\/\/morgerton.hu\/hu\/#\/schema\/logo\/image\/\",\"url\":\"https:\/\/morgerton.hu\/wp-content\/uploads\/2020\/02\/cropped-Logo-v\u00e9gleges-Jav\u00edtott-scaled-2.jpg\",\"contentUrl\":\"https:\/\/morgerton.hu\/wp-content\/uploads\/2020\/02\/cropped-Logo-v\u00e9gleges-Jav\u00edtott-scaled-2.jpg\",\"width\":2227,\"height\":760,\"caption\":\"Morgerton Welsh Corgi Pembroke Kennel\"},\"image\":{\"@id\":\"https:\/\/morgerton.hu\/hu\/#\/schema\/logo\/image\/\"},\"sameAs\":[\"http:\/\/facebook.com\/morgertoncorgis\",\"https:\/\/www.instagram.com\/morgertoncorgis\/\"]}]}<\/script>\n<!-- \/ Yoast SEO plugin. -->","yoast_head_json":{"title":"Kanok - Morgerton Welsh Corgi Pembroke Kennel","description":"A Morgerton Welsh Corgi Pembroke Kennelben megtal\u00e1lhat\u00f3 rendelkez\u00e9sre \u00e1ll\u00f3 fedez\u0151kanok. A kanok j\u00f3 v\u00e9rvonalb\u00f3l sz\u00e1rmaznak, eg\u00e9szs\u00e9g\u00fcgyi sz\u0171r\u00e9ssekkel.","robots":{"index":"index","follow":"follow","max-snippet":"max-snippet:-1","max-image-preview":"max-image-preview:large","max-video-preview":"max-video-preview:-1"},"canonical":"https:\/\/morgerton.hu\/en\/our-dogs\/males\/","og_locale":"en_US","og_type":"article","og_title":"Kanok - Morgerton Welsh Corgi Pembroke Kennel","og_description":"A Morgerton Welsh Corgi Pembroke Kennelben megtal\u00e1lhat\u00f3 rendelkez\u00e9sre \u00e1ll\u00f3 fedez\u0151kanok. A kanok j\u00f3 v\u00e9rvonalb\u00f3l sz\u00e1rmaznak, eg\u00e9szs\u00e9g\u00fcgyi sz\u0171r\u00e9ssekkel.","og_url":"https:\/\/morgerton.hu\/en\/our-dogs\/males\/","og_site_name":"Morgerton Welsh Corgi Pembroke Kennel","article_publisher":"http:\/\/facebook.com\/morgertoncorgis","article_modified_time":"2025-03-17T18:01:08+00:00","og_image":[{"width":1620,"height":1080,"url":"https:\/\/morgerton.hu\/wp-content\/uploads\/2020\/10\/Born-To-Be-Your-Nikolaj-33-months-old.jpg","type":"image\/jpeg"}],"twitter_card":"summary_large_image","twitter_misc":{"Est. reading time":"2 minutes"},"schema":{"@context":"https:\/\/schema.org","@graph":[{"@type":"WebPage","@id":"https:\/\/morgerton.hu\/our-dogs\/males\/","url":"https:\/\/morgerton.hu\/our-dogs\/males\/","name":"Kanok - Morgerton Welsh Corgi Pembroke Kennel","isPartOf":{"@id":"https:\/\/morgerton.hu\/hu\/#website"},"primaryImageOfPage":{"@id":"https:\/\/morgerton.hu\/our-dogs\/males\/#primaryimage"},"image":{"@id":"https:\/\/morgerton.hu\/our-dogs\/males\/#primaryimage"},"thumbnailUrl":"https:\/\/morgerton.hu\/wp-content\/uploads\/2020\/10\/Born-To-Be-Your-Nikolaj-33-months-old-1024x683.jpg","datePublished":"2020-02-17T22:23:10+00:00","dateModified":"2025-03-17T18:01:08+00:00","description":"A Morgerton Welsh Corgi Pembroke Kennelben megtal\u00e1lhat\u00f3 rendelkez\u00e9sre \u00e1ll\u00f3 fedez\u0151kanok. A kanok j\u00f3 v\u00e9rvonalb\u00f3l sz\u00e1rmaznak, eg\u00e9szs\u00e9g\u00fcgyi sz\u0171r\u00e9ssekkel.","breadcrumb":{"@id":"https:\/\/morgerton.hu\/our-dogs\/males\/#breadcrumb"},"inLanguage":"en-US","potentialAction":[{"@type":"ReadAction","target":["https:\/\/morgerton.hu\/our-dogs\/males\/"]}]},{"@type":"ImageObject","inLanguage":"en-US","@id":"https:\/\/morgerton.hu\/our-dogs\/males\/#primaryimage","url":"https:\/\/morgerton.hu\/wp-content\/uploads\/2020\/10\/Born-To-Be-Your-Nikolaj-33-months-old-1024x683.jpg","contentUrl":"https:\/\/morgerton.hu\/wp-content\/uploads\/2020\/10\/Born-To-Be-Your-Nikolaj-33-months-old-1024x683.jpg"},{"@type":"BreadcrumbList","@id":"https:\/\/morgerton.hu\/our-dogs\/males\/#breadcrumb","itemListElement":[{"@type":"ListItem","position":1,"name":"Home","item":"https:\/\/morgerton.hu\/"},{"@type":"ListItem","position":2,"name":"Kuty\u00e1ink","item":"https:\/\/morgerton.hu\/?page_id=80"},{"@type":"ListItem","position":3,"name":"Kanok"}]},{"@type":"WebSite","@id":"https:\/\/morgerton.hu\/hu\/#website","url":"https:\/\/morgerton.hu\/hu\/","name":"Morgerton Welsh Corgi Pembroke Kennel","description":"Welsh Corgi Pembroke Kennel","publisher":{"@id":"https:\/\/morgerton.hu\/hu\/#organization"},"potentialAction":[{"@type":"SearchAction","target":{"@type":"EntryPoint","urlTemplate":"https:\/\/morgerton.hu\/hu\/?s={search_term_string}"},"query-input":{"@type":"PropertyValueSpecification","valueRequired":true,"valueName":"search_term_string"}}],"inLanguage":"en-US"},{"@type":"Organization","@id":"https:\/\/morgerton.hu\/hu\/#organization","name":"Morgerton Welsh Corgi Pembroke Kennel","url":"https:\/\/morgerton.hu\/hu\/","logo":{"@type":"ImageObject","inLanguage":"en-US","@id":"https:\/\/morgerton.hu\/hu\/#\/schema\/logo\/image\/","url":"https:\/\/morgerton.hu\/wp-content\/uploads\/2020\/02\/cropped-Logo-v\u00e9gleges-Jav\u00edtott-scaled-2.jpg","contentUrl":"https:\/\/morgerton.hu\/wp-content\/uploads\/2020\/02\/cropped-Logo-v\u00e9gleges-Jav\u00edtott-scaled-2.jpg","width":2227,"height":760,"caption":"Morgerton Welsh Corgi Pembroke Kennel"},"image":{"@id":"https:\/\/morgerton.hu\/hu\/#\/schema\/logo\/image\/"},"sameAs":["http:\/\/facebook.com\/morgertoncorgis","https:\/\/www.instagram.com\/morgertoncorgis\/"]}]}},"_links":{"self":[{"href":"http:\/\/morgerton.hu\/en\/wp-json\/wp\/v2\/pages\/86","targetHints":{"allow":["GET"]}}],"collection":[{"href":"http:\/\/morgerton.hu\/en\/wp-json\/wp\/v2\/pages"}],"about":[{"href":"http:\/\/morgerton.hu\/en\/wp-json\/wp\/v2\/types\/page"}],"author":[{"embeddable":true,"href":"http:\/\/morgerton.hu\/en\/wp-json\/wp\/v2\/users\/1"}],"replies":[{"embeddable":true,"href":"http:\/\/morgerton.hu\/en\/wp-json\/wp\/v2\/comments?post=86"}],"version-history":[{"count":60,"href":"http:\/\/morgerton.hu\/en\/wp-json\/wp\/v2\/pages\/86\/revisions"}],"predecessor-version":[{"id":2606,"href":"http:\/\/morgerton.hu\/en\/wp-json\/wp\/v2\/pages\/86\/revisions\/2606"}],"up":[{"embeddable":true,"href":"http:\/\/morgerton.hu\/en\/wp-json\/wp\/v2\/pages\/80"}],"wp:attachment":[{"href":"http:\/\/morgerton.hu\/en\/wp-json\/wp\/v2\/media?parent=86"}],"curies":[{"name":"wp","href":"https:\/\/api.w.org\/{rel}","templated":true}]}}