{"id":751,"date":"2020-04-04T15:59:00","date_gmt":"2020-04-04T15:59:00","guid":{"rendered":"http:\/\/morgerton.hu\/?page_id=751"},"modified":"2020-08-26T18:43:44","modified_gmt":"2020-08-26T18:43:44","slug":"litter-m","status":"publish","type":"page","link":"http:\/\/morgerton.hu\/en\/our-dogs\/litters\/litter-m\/","title":{"rendered":"Litter M"},"content":{"rendered":"<div  class=\"grids-section grids-is-advanced\" style=\"--_gs-gap-desktop:0px 0px;--_gs-m-desktop:0 0 0 0;--_gs-p-desktop:0 0 0 0;--_gs-bg-desktop:transparent none;--_gs-bg-xp-desktop:0px;--_gs-zi-desktop:auto;--_gs-d-desktop:block;--_gs-mw-desktop:calc(100% - 0 - 0);--_gs-gap-tablet:0px 0px;--_gs-m-tablet:0 0 0 0;--_gs-p-tablet:0 0 0 0;--_gs-bg-tablet:transparent none;--_gs-bg-xp-tablet:0px;--_gs-zi-tablet:auto;--_gs-d-tablet:block;--_gs-mw-tablet:calc(100% - 0 - 0);--_gs-gap-mobile:0px 0px;--_gs-m-mobile:0 0 0 0;--_gs-p-mobile:0 0 0 0;--_gs-bg-mobile:transparent none;--_gs-bg-xp-mobile:0px;--_gs-zi-mobile:auto;--_gs-d-mobile:block;--_gs-mw-mobile:calc(100% - 0 - 0);--_gs-columns:12;--_gs-rows:6\"><div class=\"grids-s-w_i\">\n<div class=\"grids-area\" style=\"--_ga-column:2\/7;--_ga-row:1\/4;--_ga-m-desktop:5px 5px 5px 5px;--_ga-p-desktop:0 0 0 0;--_ga-bg-desktop:transparent none;--_ga-zi-desktop:auto;--_ga-d-desktop:flex;--_ga-mw-desktop:calc(100% - 5px - 5px);--_ga-m-tablet:5px 5px 5px 5px;--_ga-p-tablet:0 0 0 0;--_ga-bg-tablet:transparent none;--_ga-zi-tablet:auto;--_ga-d-tablet:flex;--_ga-mw-tablet:calc(100% - 5px - 5px);--_ga-m-mobile:5px 5px 5px 5px;--_ga-p-mobile:0 0 0 0;--_ga-bg-mobile:transparent none;--_ga-zi-mobile:auto;--_ga-d-mobile:flex;--_ga-mw-mobile:calc(100% - 5px - 5px)\">\n\n<div class=\"wp-block-group\"><div class=\"wp-block-group__inner-container is-layout-flow wp-block-group-is-layout-flow\">\n<h2 class=\"has-text-align-center wp-block-heading\"><a href=\"\/en\/our-dogs\/females\/mio-mare-bella-anima\/\">Mio Mare Bella Anima &#8211; Roz\u00e9<\/a><\/h2>\n\n\n\n<div class=\"wp-block-image is-style-default\"><figure class=\"aligncenter size-large is-resized\"><a href=\"\/en\/our-dogs\/females\/mio-mare-bella-anima\/\"><img loading=\"lazy\" decoding=\"async\" src=\"https:\/\/morgerton.hu\/wp-content\/uploads\/2020\/04\/DSC01694-1024x769.jpg\" alt=\"Mio Mare Bella Anima - Roz\u00e9 18 months old\" class=\"wp-image-1202\" width=\"512\" height=\"385\" srcset=\"https:\/\/morgerton.hu\/wp-content\/uploads\/2020\/04\/DSC01694-1024x769.jpg 1024w, https:\/\/morgerton.hu\/wp-content\/uploads\/2020\/04\/DSC01694-300x225.jpg 300w, https:\/\/morgerton.hu\/wp-content\/uploads\/2020\/04\/DSC01694-768x577.jpg 768w, https:\/\/morgerton.hu\/wp-content\/uploads\/2020\/04\/DSC01694-1536x1153.jpg 1536w, https:\/\/morgerton.hu\/wp-content\/uploads\/2020\/04\/DSC01694-2048x1538.jpg 2048w\" sizes=\"auto, (max-width: 512px) 100vw, 512px\" \/><\/a><\/figure><\/div>\n<\/div><\/div>\n\n\n\n<p style=\"text-align: center;\">CEA\/PRA\/RD\/KAT\/PHTVL\/PHPV free, DM, vWD1, PRA, EIC, Fluffy- Clear<\/p>\n\n<\/div>\n\n<div class=\"grids-area\" style=\"--_ga-column:7\/12;--_ga-row:1\/4;--_ga-m-desktop:5px 5px 5px 5px;--_ga-p-desktop:0 0 0 0;--_ga-bg-desktop:transparent none;--_ga-zi-desktop:auto;--_ga-d-desktop:flex;--_ga-mw-desktop:calc(100% - 5px - 5px);--_ga-m-tablet:5px 5px 5px 5px;--_ga-p-tablet:0 0 0 0;--_ga-bg-tablet:transparent none;--_ga-zi-tablet:auto;--_ga-d-tablet:flex;--_ga-mw-tablet:calc(100% - 5px - 5px);--_ga-m-mobile:5px 5px 5px 5px;--_ga-p-mobile:0 0 0 0;--_ga-bg-mobile:transparent none;--_ga-zi-mobile:auto;--_ga-d-mobile:flex;--_ga-mw-mobile:calc(100% - 5px - 5px)\">\n\n<h2 class=\"has-text-align-center wp-block-heading\"><a href=\"https:\/\/www.borntobe.hu\/hu\/corgi\/our-corgis\/males\/hazelmere-mitch-match-mitch\" target=\"_blank\" rel=\"noreferrer noopener\">Hazelmere Mitch a Match &#8211; Mitch<\/a><\/h2>\n\n\n\n<div class=\"wp-block-image is-style-default\"><figure class=\"aligncenter size-large is-resized\"><a href=\"https:\/\/www.borntobe.hu\/hu\/corgi\/our-corgis\/males\/hazelmere-mitch-match-mitch\" target=\"_blank\" rel=\"noopener noreferrer\"><img loading=\"lazy\" decoding=\"async\" src=\"https:\/\/morgerton.hu\/wp-content\/uploads\/2020\/04\/HAZELMERE_MITCH_A_MATCH-1024x683.jpg\" alt=\"HAZELMERE MITCH A MATCH\" class=\"wp-image-1236\" width=\"577\" height=\"385\" srcset=\"https:\/\/morgerton.hu\/wp-content\/uploads\/2020\/04\/HAZELMERE_MITCH_A_MATCH-1024x683.jpg 1024w, https:\/\/morgerton.hu\/wp-content\/uploads\/2020\/04\/HAZELMERE_MITCH_A_MATCH-300x200.jpg 300w, https:\/\/morgerton.hu\/wp-content\/uploads\/2020\/04\/HAZELMERE_MITCH_A_MATCH-768x512.jpg 768w, https:\/\/morgerton.hu\/wp-content\/uploads\/2020\/04\/HAZELMERE_MITCH_A_MATCH-1536x1024.jpg 1536w, https:\/\/morgerton.hu\/wp-content\/uploads\/2020\/04\/HAZELMERE_MITCH_A_MATCH-2048x1365.jpg 2048w\" sizes=\"auto, (max-width: 577px) 100vw, 577px\" \/><\/a><\/figure><\/div>\n\n\n\n<p style=\"text-align: center;\">HD-A (free), CEA\/PRA\/RD\/KAT\/PHTVL\/PHPV free, DM N\/N (free), EIC free, DNA-profiled, Character Test: 100% Excellent<\/p>\n\n<\/div>\n\n<div class=\"grids-area\" style=\"--_ga-column:2\/12;--_ga-row:4\/7;--_ga-m-desktop:5px 5px 5px 5px;--_ga-p-desktop:0 0 0 0;--_ga-bg-desktop:transparent none;--_ga-zi-desktop:auto;--_ga-d-desktop:flex;--_ga-mw-desktop:calc(100% - 5px - 5px);--_ga-m-tablet:5px 5px 5px 5px;--_ga-p-tablet:0 0 0 0;--_ga-bg-tablet:transparent none;--_ga-zi-tablet:auto;--_ga-d-tablet:flex;--_ga-mw-tablet:calc(100% - 5px - 5px);--_ga-m-mobile:5px 5px 5px 5px;--_ga-p-mobile:0 0 0 0;--_ga-bg-mobile:transparent none;--_ga-zi-mobile:auto;--_ga-d-mobile:flex;--_ga-mw-mobile:calc(100% - 5px - 5px)\">\n\n<p class=\"has-medium-font-size\">Az \u00e1ltal\u00e1nos alom elnevez\u00e9sekkel ellent\u00e9tben \u00fagy gondoltuk, hogy Kennel alap\u00edt\u00f3 szuk\u00e1nk, <a href=\"\/en\/our-dogs\/females\/mio-mare-bella-anima\/\">Roz\u00e9 <\/a>els\u0151 alma legyen M Alom, ha m\u00e1r a nev\u00fcnk is <a rel=\"noreferrer noopener\" aria-label=\"Morgerton (opens in a new tab)\" href=\"https:\/\/www.facebook.com\/morgertoncorgis\/\" target=\"_blank\">Morgerton<\/a>.<\/p>\n\n\n\n<p class=\"has-medium-font-size\">Nagy v\u00e1rakoz\u00e1ssal \u00e9s hatalmas izgalommal, k\u00e9sz\u00fcl\u00e9ssel v\u00e1rjuk az els\u0151 saj\u00e1t j\u00f6vev\u00e9nyeket. \u00dagy gondoljuk, hogy ez az id\u0151szak alapjaiban meghat\u00e1rozza a Kennel\u00fcnk j\u00f6v\u0151j\u00e9t, a kit\u0171z\u00f6tt c\u00e9ljainkhoz vezet\u0151 \u00fat els\u0151 \u00e9p\u00edt\u0151kock\u00e1j\u00e1t. Igyekezt\u00fcnk megtal\u00e1lni kisl\u00e1nyunk sz\u00e1m\u00e1ra a t\u00f6k\u00e9letes p\u00e1rt, ami szerint\u00fcnk t\u00f6k\u00e9letesen siker\u00fclt.<\/p>\n\n\n\n<p class=\"has-medium-font-size\">A kiv\u00e1lasztott kan m\u00e1r nemzetk\u00f6zi viszonylatban is nagyon sokat bizony\u00edtott, ut\u00f3dai az eg\u00e9sz vil\u00e1gon sikeresen szerepelnek ki\u00e1ll\u00edt\u00e1sokon. Nem csak k\u00fcllem\u00e9ben t\u00f6k\u00e9letes, de eg\u00e9szs\u00e9g\u00fcgyi sz\u0171r\u00e9sei is kiemelked\u0151ek.<\/p>\n\n\n\n<p class=\"has-medium-font-size\">A kicsik v\u00e1rhat\u00f3 \u00e9rkez\u00e9se 2020. m\u00e1jus.<\/p>\n\n\n\n<p class=\"has-large-font-size\"><a href=\"\/en\/our-dogs\/females\/mandala-morgerton\/\">Els\u0151 almunk 2020. m\u00e1jus m\u00e1sodik\u00e1n megsz\u00fcletett Mandala Morgerton szem\u00e9ly\u00e9ben.<\/a><\/p>\n\n<\/div>\n<\/div><\/div>","protected":false},"excerpt":{"rendered":"","protected":false},"author":1,"featured_media":0,"parent":749,"menu_order":0,"comment_status":"closed","ping_status":"closed","template":"","meta":{"_monsterinsights_skip_tracking":false,"_monsterinsights_sitenote_active":false,"_monsterinsights_sitenote_note":"","_monsterinsights_sitenote_category":0,"footnotes":""},"class_list":["post-751","page","type-page","status-publish","hentry"],"yoast_head":"<!-- This site is optimized with the Yoast SEO plugin v26.6 - https:\/\/yoast.com\/wordpress\/plugins\/seo\/ -->\n<title>M Alom - Morgerton Welsh Corgi Pembroke Kennel<\/title>\n<meta name=\"description\" content=\"Az \u00e1ltal\u00e1nos alom elnevez\u00e9sekkel ellent\u00e9tben \u00fagy gondoltuk, hogy Kennel alap\u00edt\u00f3 szuk\u00e1nk, Roz\u00e9 els\u0151 alma legyen M Alom, ha m\u00e1r a nev\u00fcnk is Morgerton.\" \/>\n<meta name=\"robots\" content=\"index, follow, max-snippet:-1, max-image-preview:large, max-video-preview:-1\" \/>\n<link rel=\"canonical\" href=\"https:\/\/morgerton.hu\/en\/our-dogs\/litters\/litter-m\/\" \/>\n<meta property=\"og:locale\" content=\"en_US\" \/>\n<meta property=\"og:type\" content=\"article\" \/>\n<meta property=\"og:title\" content=\"M Alom - Morgerton Welsh Corgi Pembroke Kennel\" \/>\n<meta property=\"og:description\" content=\"Az \u00e1ltal\u00e1nos alom elnevez\u00e9sekkel ellent\u00e9tben \u00fagy gondoltuk, hogy Kennel alap\u00edt\u00f3 szuk\u00e1nk, Roz\u00e9 els\u0151 alma legyen M Alom, ha m\u00e1r a nev\u00fcnk is Morgerton.\" \/>\n<meta property=\"og:url\" content=\"https:\/\/morgerton.hu\/en\/our-dogs\/litters\/litter-m\/\" \/>\n<meta property=\"og:site_name\" content=\"Morgerton Welsh Corgi Pembroke Kennel\" \/>\n<meta property=\"article:publisher\" content=\"http:\/\/facebook.com\/morgertoncorgis\" \/>\n<meta property=\"article:modified_time\" content=\"2020-08-26T18:43:44+00:00\" \/>\n<meta property=\"og:image\" content=\"https:\/\/morgerton.hu\/wp-content\/uploads\/2020\/04\/DSC01694-1024x769.jpg\" \/>\n<meta name=\"twitter:card\" content=\"summary_large_image\" \/>\n<meta name=\"twitter:label1\" content=\"Est. reading time\" \/>\n\t<meta name=\"twitter:data1\" content=\"1 minute\" \/>\n<script type=\"application\/ld+json\" class=\"yoast-schema-graph\">{\"@context\":\"https:\/\/schema.org\",\"@graph\":[{\"@type\":\"WebPage\",\"@id\":\"https:\/\/morgerton.hu\/our-dogs\/litters\/litter-m\/\",\"url\":\"https:\/\/morgerton.hu\/our-dogs\/litters\/litter-m\/\",\"name\":\"M Alom - Morgerton Welsh Corgi Pembroke Kennel\",\"isPartOf\":{\"@id\":\"https:\/\/morgerton.hu\/hu\/#website\"},\"primaryImageOfPage\":{\"@id\":\"https:\/\/morgerton.hu\/our-dogs\/litters\/litter-m\/#primaryimage\"},\"image\":{\"@id\":\"https:\/\/morgerton.hu\/our-dogs\/litters\/litter-m\/#primaryimage\"},\"thumbnailUrl\":\"https:\/\/morgerton.hu\/wp-content\/uploads\/2020\/04\/DSC01694-1024x769.jpg\",\"datePublished\":\"2020-04-04T15:59:00+00:00\",\"dateModified\":\"2020-08-26T18:43:44+00:00\",\"description\":\"Az \u00e1ltal\u00e1nos alom elnevez\u00e9sekkel ellent\u00e9tben \u00fagy gondoltuk, hogy Kennel alap\u00edt\u00f3 szuk\u00e1nk, Roz\u00e9 els\u0151 alma legyen M Alom, ha m\u00e1r a nev\u00fcnk is Morgerton.\",\"breadcrumb\":{\"@id\":\"https:\/\/morgerton.hu\/our-dogs\/litters\/litter-m\/#breadcrumb\"},\"inLanguage\":\"en-US\",\"potentialAction\":[{\"@type\":\"ReadAction\",\"target\":[\"https:\/\/morgerton.hu\/our-dogs\/litters\/litter-m\/\"]}]},{\"@type\":\"ImageObject\",\"inLanguage\":\"en-US\",\"@id\":\"https:\/\/morgerton.hu\/our-dogs\/litters\/litter-m\/#primaryimage\",\"url\":\"https:\/\/morgerton.hu\/wp-content\/uploads\/2020\/04\/DSC01694-1024x769.jpg\",\"contentUrl\":\"https:\/\/morgerton.hu\/wp-content\/uploads\/2020\/04\/DSC01694-1024x769.jpg\"},{\"@type\":\"BreadcrumbList\",\"@id\":\"https:\/\/morgerton.hu\/our-dogs\/litters\/litter-m\/#breadcrumb\",\"itemListElement\":[{\"@type\":\"ListItem\",\"position\":1,\"name\":\"Home\",\"item\":\"https:\/\/morgerton.hu\/\"},{\"@type\":\"ListItem\",\"position\":2,\"name\":\"Kuty\u00e1ink\",\"item\":\"https:\/\/morgerton.hu\/?page_id=80\"},{\"@type\":\"ListItem\",\"position\":3,\"name\":\"Almok\",\"item\":\"https:\/\/morgerton.hu\/our-dogs\/litters\/\"},{\"@type\":\"ListItem\",\"position\":4,\"name\":\"M Alom\"}]},{\"@type\":\"WebSite\",\"@id\":\"https:\/\/morgerton.hu\/hu\/#website\",\"url\":\"https:\/\/morgerton.hu\/hu\/\",\"name\":\"Morgerton Welsh Corgi Pembroke Kennel\",\"description\":\"Welsh Corgi Pembroke Kennel\",\"publisher\":{\"@id\":\"https:\/\/morgerton.hu\/hu\/#organization\"},\"potentialAction\":[{\"@type\":\"SearchAction\",\"target\":{\"@type\":\"EntryPoint\",\"urlTemplate\":\"https:\/\/morgerton.hu\/hu\/?s={search_term_string}\"},\"query-input\":{\"@type\":\"PropertyValueSpecification\",\"valueRequired\":true,\"valueName\":\"search_term_string\"}}],\"inLanguage\":\"en-US\"},{\"@type\":\"Organization\",\"@id\":\"https:\/\/morgerton.hu\/hu\/#organization\",\"name\":\"Morgerton Welsh Corgi Pembroke Kennel\",\"url\":\"https:\/\/morgerton.hu\/hu\/\",\"logo\":{\"@type\":\"ImageObject\",\"inLanguage\":\"en-US\",\"@id\":\"https:\/\/morgerton.hu\/hu\/#\/schema\/logo\/image\/\",\"url\":\"https:\/\/morgerton.hu\/wp-content\/uploads\/2020\/02\/cropped-Logo-v\u00e9gleges-Jav\u00edtott-scaled-2.jpg\",\"contentUrl\":\"https:\/\/morgerton.hu\/wp-content\/uploads\/2020\/02\/cropped-Logo-v\u00e9gleges-Jav\u00edtott-scaled-2.jpg\",\"width\":2227,\"height\":760,\"caption\":\"Morgerton Welsh Corgi Pembroke Kennel\"},\"image\":{\"@id\":\"https:\/\/morgerton.hu\/hu\/#\/schema\/logo\/image\/\"},\"sameAs\":[\"http:\/\/facebook.com\/morgertoncorgis\",\"https:\/\/www.instagram.com\/morgertoncorgis\/\"]}]}<\/script>\n<!-- \/ Yoast SEO plugin. -->","yoast_head_json":{"title":"M Alom - Morgerton Welsh Corgi Pembroke Kennel","description":"Az \u00e1ltal\u00e1nos alom elnevez\u00e9sekkel ellent\u00e9tben \u00fagy gondoltuk, hogy Kennel alap\u00edt\u00f3 szuk\u00e1nk, Roz\u00e9 els\u0151 alma legyen M Alom, ha m\u00e1r a nev\u00fcnk is Morgerton.","robots":{"index":"index","follow":"follow","max-snippet":"max-snippet:-1","max-image-preview":"max-image-preview:large","max-video-preview":"max-video-preview:-1"},"canonical":"https:\/\/morgerton.hu\/en\/our-dogs\/litters\/litter-m\/","og_locale":"en_US","og_type":"article","og_title":"M Alom - Morgerton Welsh Corgi Pembroke Kennel","og_description":"Az \u00e1ltal\u00e1nos alom elnevez\u00e9sekkel ellent\u00e9tben \u00fagy gondoltuk, hogy Kennel alap\u00edt\u00f3 szuk\u00e1nk, Roz\u00e9 els\u0151 alma legyen M Alom, ha m\u00e1r a nev\u00fcnk is Morgerton.","og_url":"https:\/\/morgerton.hu\/en\/our-dogs\/litters\/litter-m\/","og_site_name":"Morgerton Welsh Corgi Pembroke Kennel","article_publisher":"http:\/\/facebook.com\/morgertoncorgis","article_modified_time":"2020-08-26T18:43:44+00:00","og_image":[{"url":"https:\/\/morgerton.hu\/wp-content\/uploads\/2020\/04\/DSC01694-1024x769.jpg","type":"","width":"","height":""}],"twitter_card":"summary_large_image","twitter_misc":{"Est. reading time":"1 minute"},"schema":{"@context":"https:\/\/schema.org","@graph":[{"@type":"WebPage","@id":"https:\/\/morgerton.hu\/our-dogs\/litters\/litter-m\/","url":"https:\/\/morgerton.hu\/our-dogs\/litters\/litter-m\/","name":"M Alom - Morgerton Welsh Corgi Pembroke Kennel","isPartOf":{"@id":"https:\/\/morgerton.hu\/hu\/#website"},"primaryImageOfPage":{"@id":"https:\/\/morgerton.hu\/our-dogs\/litters\/litter-m\/#primaryimage"},"image":{"@id":"https:\/\/morgerton.hu\/our-dogs\/litters\/litter-m\/#primaryimage"},"thumbnailUrl":"https:\/\/morgerton.hu\/wp-content\/uploads\/2020\/04\/DSC01694-1024x769.jpg","datePublished":"2020-04-04T15:59:00+00:00","dateModified":"2020-08-26T18:43:44+00:00","description":"Az \u00e1ltal\u00e1nos alom elnevez\u00e9sekkel ellent\u00e9tben \u00fagy gondoltuk, hogy Kennel alap\u00edt\u00f3 szuk\u00e1nk, Roz\u00e9 els\u0151 alma legyen M Alom, ha m\u00e1r a nev\u00fcnk is Morgerton.","breadcrumb":{"@id":"https:\/\/morgerton.hu\/our-dogs\/litters\/litter-m\/#breadcrumb"},"inLanguage":"en-US","potentialAction":[{"@type":"ReadAction","target":["https:\/\/morgerton.hu\/our-dogs\/litters\/litter-m\/"]}]},{"@type":"ImageObject","inLanguage":"en-US","@id":"https:\/\/morgerton.hu\/our-dogs\/litters\/litter-m\/#primaryimage","url":"https:\/\/morgerton.hu\/wp-content\/uploads\/2020\/04\/DSC01694-1024x769.jpg","contentUrl":"https:\/\/morgerton.hu\/wp-content\/uploads\/2020\/04\/DSC01694-1024x769.jpg"},{"@type":"BreadcrumbList","@id":"https:\/\/morgerton.hu\/our-dogs\/litters\/litter-m\/#breadcrumb","itemListElement":[{"@type":"ListItem","position":1,"name":"Home","item":"https:\/\/morgerton.hu\/"},{"@type":"ListItem","position":2,"name":"Kuty\u00e1ink","item":"https:\/\/morgerton.hu\/?page_id=80"},{"@type":"ListItem","position":3,"name":"Almok","item":"https:\/\/morgerton.hu\/our-dogs\/litters\/"},{"@type":"ListItem","position":4,"name":"M Alom"}]},{"@type":"WebSite","@id":"https:\/\/morgerton.hu\/hu\/#website","url":"https:\/\/morgerton.hu\/hu\/","name":"Morgerton Welsh Corgi Pembroke Kennel","description":"Welsh Corgi Pembroke Kennel","publisher":{"@id":"https:\/\/morgerton.hu\/hu\/#organization"},"potentialAction":[{"@type":"SearchAction","target":{"@type":"EntryPoint","urlTemplate":"https:\/\/morgerton.hu\/hu\/?s={search_term_string}"},"query-input":{"@type":"PropertyValueSpecification","valueRequired":true,"valueName":"search_term_string"}}],"inLanguage":"en-US"},{"@type":"Organization","@id":"https:\/\/morgerton.hu\/hu\/#organization","name":"Morgerton Welsh Corgi Pembroke Kennel","url":"https:\/\/morgerton.hu\/hu\/","logo":{"@type":"ImageObject","inLanguage":"en-US","@id":"https:\/\/morgerton.hu\/hu\/#\/schema\/logo\/image\/","url":"https:\/\/morgerton.hu\/wp-content\/uploads\/2020\/02\/cropped-Logo-v\u00e9gleges-Jav\u00edtott-scaled-2.jpg","contentUrl":"https:\/\/morgerton.hu\/wp-content\/uploads\/2020\/02\/cropped-Logo-v\u00e9gleges-Jav\u00edtott-scaled-2.jpg","width":2227,"height":760,"caption":"Morgerton Welsh Corgi Pembroke Kennel"},"image":{"@id":"https:\/\/morgerton.hu\/hu\/#\/schema\/logo\/image\/"},"sameAs":["http:\/\/facebook.com\/morgertoncorgis","https:\/\/www.instagram.com\/morgertoncorgis\/"]}]}},"_links":{"self":[{"href":"http:\/\/morgerton.hu\/en\/wp-json\/wp\/v2\/pages\/751","targetHints":{"allow":["GET"]}}],"collection":[{"href":"http:\/\/morgerton.hu\/en\/wp-json\/wp\/v2\/pages"}],"about":[{"href":"http:\/\/morgerton.hu\/en\/wp-json\/wp\/v2\/types\/page"}],"author":[{"embeddable":true,"href":"http:\/\/morgerton.hu\/en\/wp-json\/wp\/v2\/users\/1"}],"replies":[{"embeddable":true,"href":"http:\/\/morgerton.hu\/en\/wp-json\/wp\/v2\/comments?post=751"}],"version-history":[{"count":39,"href":"http:\/\/morgerton.hu\/en\/wp-json\/wp\/v2\/pages\/751\/revisions"}],"predecessor-version":[{"id":1397,"href":"http:\/\/morgerton.hu\/en\/wp-json\/wp\/v2\/pages\/751\/revisions\/1397"}],"up":[{"embeddable":true,"href":"http:\/\/morgerton.hu\/en\/wp-json\/wp\/v2\/pages\/749"}],"wp:attachment":[{"href":"http:\/\/morgerton.hu\/en\/wp-json\/wp\/v2\/media?parent=751"}],"curies":[{"name":"wp","href":"https:\/\/api.w.org\/{rel}","templated":true}]}}