{"id":2621,"date":"2025-03-17T19:16:19","date_gmt":"2025-03-17T19:16:19","guid":{"rendered":"https:\/\/morgerton.hu\/?page_id=2621"},"modified":"2025-03-17T19:34:55","modified_gmt":"2025-03-17T19:34:55","slug":"litter-just","status":"publish","type":"page","link":"http:\/\/morgerton.hu\/en\/our-dogs\/litters\/litter-just\/","title":{"rendered":"Just Alom"},"content":{"rendered":"<div class=\"wp-block-columns is-layout-flex wp-container-core-columns-is-layout-9d6595d7 wp-block-columns-is-layout-flex\">\n<div class=\"wp-block-column is-vertically-aligned-center is-layout-flow wp-block-column-is-layout-flow\">\n<p class=\"has-text-align-left has-medium-font-size\">Szeretn\u00e9m egy kicsit hosszabban bemutatni, elmes\u00e9lni kiskuty\u00e1ink vil\u00e1gra j\u00f6vetel\u00e9nek el\u0151zm\u00e9nyeit. Mint sokan azt tudj\u00e1tok, hogy nagy szerelmem Ink. Mikor <a href=\"https:\/\/morgerton.hu\/en\/our-dogs\/males\/wallfugh-just-a-dreamer-tony\/\">Tony <\/a>2021-ben meg\u00e9rkezett hozz\u00e1nk, m\u00e1r tervben volt <a href=\"https:\/\/morgerton.hu\/en\/our-dogs\/females\/mio-mare-bella-anima\/\">Roz\u00e9 <\/a>fedeztet\u00e9se Inkkel.<\/p>\n\n\n\n<p class=\"has-medium-font-size\">Ez 2022-ben meg is t\u00f6rt\u00e9nt amib\u0151l 6 csod\u00e1s b\u00e9bink sz\u00fcletett. Tudtuk, hogy <a href=\"https:\/\/morgerton.hu\/en\/our-dogs\/males\/wallfugh-just-a-dreamer-tony\/\">Tony <\/a>t\u00f6k\u00e9letes v\u00e1laszt\u00e1s lesz a megtartott l\u00e1nyainkhoz, mert \u00edgy tudunk vonalteny\u00e9szteni Inkre, ami nekem egy nagyon r\u00e9gi v\u00e1gyam volt.<\/p>\n\n\n\n<p class=\"has-medium-font-size\">2023-ban t\u00fczelt <a href=\"https:\/\/morgerton.hu\/en\/our-dogs\/females\/because-you-are-worth-it-morgerton-bella\/\">Bella <\/a>el\u0151sz\u00f6r, aminek sajnos gennyes m\u00e9hgyullad\u00e1s lett a v\u00e9ge. A szerencse a szerencs\u00e9tlens\u00e9gben annyi volt, hogy a m\u00e9hsz\u00e1j m\u00e9g nyitott volt, \u00edgy &#8222;egyszer\u0171bb volt a kikezel\u00e9se neki&#8221;. Mivel <a href=\"https:\/\/morgerton.hu\/en\/our-dogs\/females\/because-you-are-worth-it-morgerton-bella\/\">Bella <\/a>fiatal volt, adtunk egy lehet\u0151s\u00e9get annak, hogy kikezelj\u00e9k, de ugye a protokoll szerint a k\u00f6vetkez\u0151 t\u00fczel\u00e9sn\u00e9l fedeztetni kell szigor\u00faan.<\/p>\n\n\n\n<p class=\"has-medium-font-size\">Mivel a kezel\u00e9s miatt <a href=\"https:\/\/morgerton.hu\/en\/our-dogs\/females\/because-you-are-worth-it-morgerton-bella\/\">Bella <\/a>ciklusa felborult, \u00edgy m\u00e1sf\u00e9l h\u00f3nappal k\u00e9s\u0151bb \u00fajra bet\u00fczelt, \u00e9s fiatal kora ellen\u00e9re ( \u00e9pp 1 \u00e9ves volt) nem javasolt\u00e1k, hogy fedeztess\u00fck, hanem pr\u00f3b\u00e1ljuk meg &#8222;\u00e1tv\u00e9szelni&#8221; ezt a t\u00fczel\u00e9st is. Szerencs\u00e9re probl\u00e9ma n\u00e9lk\u00fcl siker\u00fclt, term\u00e9szetesen szigor\u00fa orvosi fel\u00fcgyelet mellett. A k\u00f6vetkez\u0151 t\u00fczel\u00e9se id\u00e9n okt\u00f3berre esett, amikor m\u00e1r musz\u00e1j volt \u0151t fedeztetni.<\/p>\n<\/div>\n<\/div>\n\n\n\n<div class=\"wp-block-columns is-layout-flex wp-container-core-columns-is-layout-9d6595d7 wp-block-columns-is-layout-flex\">\n<div class=\"wp-block-column is-vertically-aligned-center is-layout-flow wp-block-column-is-layout-flow\"><div class=\"wp-block-image\">\n<figure class=\"aligncenter size-large is-resized\"><a href=\"https:\/\/morgerton.hu\/en\/our-dogs\/males\/wallfugh-just-a-dreamer-tony\/\"><img loading=\"lazy\" decoding=\"async\" width=\"792\" height=\"1024\" src=\"https:\/\/morgerton.hu\/wp-content\/uploads\/2023\/01\/Wallfugh-Just-A-Dreamer-18-months-old-792x1024.jpg\" alt=\"Wallfugh Just A Dreamer 18 months old\" class=\"wp-image-2428\" style=\"width:396px;height:512px\" srcset=\"https:\/\/morgerton.hu\/wp-content\/uploads\/2023\/01\/Wallfugh-Just-A-Dreamer-18-months-old-792x1024.jpg 792w, https:\/\/morgerton.hu\/wp-content\/uploads\/2023\/01\/Wallfugh-Just-A-Dreamer-18-months-old-232x300.jpg 232w, https:\/\/morgerton.hu\/wp-content\/uploads\/2023\/01\/Wallfugh-Just-A-Dreamer-18-months-old-768x993.jpg 768w, https:\/\/morgerton.hu\/wp-content\/uploads\/2023\/01\/Wallfugh-Just-A-Dreamer-18-months-old-1188x1536.jpg 1188w, https:\/\/morgerton.hu\/wp-content\/uploads\/2023\/01\/Wallfugh-Just-A-Dreamer-18-months-old-9x12.jpg 9w, https:\/\/morgerton.hu\/wp-content\/uploads\/2023\/01\/Wallfugh-Just-A-Dreamer-18-months-old.jpg 1584w\" sizes=\"auto, (max-width: 792px) 100vw, 792px\" \/><\/a><figcaption class=\"wp-element-caption\"><a href=\"https:\/\/morgerton.hu\/en\/our-dogs\/males\/wallfugh-just-a-dreamer-tony\/\">Wallfugh Just A Dreamer &#8211; Tony<\/a><\/figcaption><\/figure>\n<\/div><\/div>\n\n\n\n<div class=\"wp-block-column is-layout-flow wp-block-column-is-layout-flow\"><div class=\"wp-block-image\">\n<figure class=\"aligncenter size-large is-resized\"><img loading=\"lazy\" decoding=\"async\" width=\"683\" height=\"1024\" src=\"https:\/\/morgerton.hu\/wp-content\/uploads\/2024\/07\/Because-You-Are-Worth-It-Morgerton-Bella-2-years-old-1-683x1024.jpg\" alt=\"Because You Are Worth It Morgerton - Bella 2 years old\" class=\"wp-image-2495\" style=\"width:auto;height:512px\" srcset=\"https:\/\/morgerton.hu\/wp-content\/uploads\/2024\/07\/Because-You-Are-Worth-It-Morgerton-Bella-2-years-old-1-683x1024.jpg 683w, https:\/\/morgerton.hu\/wp-content\/uploads\/2024\/07\/Because-You-Are-Worth-It-Morgerton-Bella-2-years-old-1-200x300.jpg 200w, https:\/\/morgerton.hu\/wp-content\/uploads\/2024\/07\/Because-You-Are-Worth-It-Morgerton-Bella-2-years-old-1-768x1152.jpg 768w, https:\/\/morgerton.hu\/wp-content\/uploads\/2024\/07\/Because-You-Are-Worth-It-Morgerton-Bella-2-years-old-1-1024x1536.jpg 1024w, https:\/\/morgerton.hu\/wp-content\/uploads\/2024\/07\/Because-You-Are-Worth-It-Morgerton-Bella-2-years-old-1-1365x2048.jpg 1365w, https:\/\/morgerton.hu\/wp-content\/uploads\/2024\/07\/Because-You-Are-Worth-It-Morgerton-Bella-2-years-old-1-8x12.jpg 8w, https:\/\/morgerton.hu\/wp-content\/uploads\/2024\/07\/Because-You-Are-Worth-It-Morgerton-Bella-2-years-old-1-scaled.jpg 1706w\" sizes=\"auto, (max-width: 683px) 100vw, 683px\" \/><figcaption class=\"wp-element-caption\"><a href=\"https:\/\/morgerton.hu\/en\/our-dogs\/females\/because-you-are-worth-it-morgerton-bella\/\">Because You Are Worth It Morgerton \u2013 Bella<\/a><\/figcaption><\/figure>\n<\/div><\/div>\n<\/div>\n\n\n\n<div class=\"wp-block-ftg-gallery\"><!-- Final Tiles Grid Gallery for WordPress v3.6.9 free --><style>#ftg-2525 .tile .icon { color:#ffffff; }#ftg-2525 .ftg-items .loading-bar i { background:#666; }#ftg-2525 .ftg-items .loading-bar { background:#fff; }#ftg-2525 .tile .icon { font-size:12px; }#ftg-2525 .tile .icon { margin: -6px 0 0 -6px; }#ftg-2525 .tile .caption-block .text-wrapper span.text { font-size:12px; }#ftg-2525 .tile .caption-outside .text-wrapper span.text { font-size:12px; }#ftg-2525 .tile .caption-block .text-wrapper span.title { font-size:14px; }#ftg-2525 .tile .caption-outside .text-wrapper span.title { font-size:14px; }#ftg-2525 .tile { background-color: transparent; }#ftg-2525 .tile .caption-block .text-wrapper span.text { color: #ffffff; }#ftg-2525 .tile .caption-block .text-wrapper span.title { color: #ffffff; }#ftg-2525 .tile .caption-outside .text-wrapper span.text { color: #ffffff; }#ftg-2525 .tile .caption-outside .text-wrapper span.title { color: #ffffff; }#ftg-2525 .tile .ftg-social a { color: #ffffff; }#ftg-2525 .tile .caption-block { transition-duration:0.25s; }#ftg-2525 .tile .tile-inner:before { background-color: #000000; }#ftg-2525 .tile .tile-inner:before { background-color: rgba(0, 0, 0, 0.8); }#ftg-2525 .tile:hover img {-moz-transform: -moz-rotate(0deg) -moz-scale(0) ;-webkit-transform: -webkit-rotate(0deg) -webkit-scale(0) ;-o-transform: -o-rotate(0deg) -o-scale(0) ;-ms-transform: -ms-rotate(0deg) -ms-scale(0) ;transform: rotate(0deg) scale(0) ;}<\/style><a name=\"25\"><\/a><div class=\"final-tiles-gallery social-icons-bottom social-icons-none ftg-hover-enabled caption-inside  caption-none caption-middle caption-center\" id=\"ftg-2525\" style=\"width: 100%\"><div class='ftg-items'><div class='loading-bar'><i><\/i><\/div><div  class='tile ftg-preload'><a title=\"\" data-lightbox='ftg-2525' rel='ftg-2525'  class='tile-inner  ftg-lightbox' href='https:\/\/morgerton.hu\/wp-content\/uploads\/2025\/03\/Litter-Just-0-weeks-old-1024x688.jpg' ><img alt='Litter Just 0 weeks old' class='item skip-lazy' data-class='item' data-ftg-source='https:\/\/morgerton.hu\/wp-content\/uploads\/2025\/03\/Litter-Just-0-weeks-old-1024x688.jpg' src='https:\/\/morgerton.hu\/wp-content\/uploads\/2025\/03\/Litter-Just-0-weeks-old-1024x688.jpg' width='843' height='566' \/><\/a><div class='ftg-social'><a href='#' data-social='facebook' class='ftg-facebook'><i class='fa fa-facebook'><\/i><\/a><\/div><\/div><div  class='tile ftg-preload'><a title=\"\" data-lightbox='ftg-2525' rel='ftg-2525'  class='tile-inner  ftg-lightbox' href='https:\/\/morgerton.hu\/wp-content\/uploads\/2025\/03\/Litter-Just-3-weeks-old-2-683x1024.jpg' ><img alt='Litter Just 3 weeks old' class='item skip-lazy' data-class='item' data-ftg-source='https:\/\/morgerton.hu\/wp-content\/uploads\/2025\/03\/Litter-Just-3-weeks-old-2-683x1024.jpg' src='https:\/\/morgerton.hu\/wp-content\/uploads\/2025\/03\/Litter-Just-3-weeks-old-2-683x1024.jpg' width='683' height='1024' \/><\/a><div class='ftg-social'><a href='#' data-social='facebook' class='ftg-facebook'><i class='fa fa-facebook'><\/i><\/a><\/div><\/div><div  class='tile ftg-preload'><a title=\"\" data-lightbox='ftg-2525' rel='ftg-2525'  class='tile-inner  ftg-lightbox' href='https:\/\/morgerton.hu\/wp-content\/uploads\/2025\/03\/Litter-Just-3-weeks-old-3-683x1024.jpg' ><img alt='Litter Just 3 weeks old' class='item skip-lazy' data-class='item' data-ftg-source='https:\/\/morgerton.hu\/wp-content\/uploads\/2025\/03\/Litter-Just-3-weeks-old-3-683x1024.jpg' src='https:\/\/morgerton.hu\/wp-content\/uploads\/2025\/03\/Litter-Just-3-weeks-old-3-683x1024.jpg' width='683' height='1024' \/><\/a><div class='ftg-social'><a href='#' data-social='facebook' class='ftg-facebook'><i class='fa fa-facebook'><\/i><\/a><\/div><\/div><div  class='tile ftg-preload'><a title=\"\" data-lightbox='ftg-2525' rel='ftg-2525'  class='tile-inner  ftg-lightbox' href='https:\/\/morgerton.hu\/wp-content\/uploads\/2025\/03\/Litter-Just-3-weeks-old-4-683x1024.jpg' ><img alt='Litter Just 3 weeks old' class='item skip-lazy' data-class='item' data-ftg-source='https:\/\/morgerton.hu\/wp-content\/uploads\/2025\/03\/Litter-Just-3-weeks-old-4-683x1024.jpg' src='https:\/\/morgerton.hu\/wp-content\/uploads\/2025\/03\/Litter-Just-3-weeks-old-4-683x1024.jpg' width='683' height='1024' \/><\/a><div class='ftg-social'><a href='#' data-social='facebook' class='ftg-facebook'><i class='fa fa-facebook'><\/i><\/a><\/div><\/div><div  class='tile ftg-preload'><a title=\"\" data-lightbox='ftg-2525' rel='ftg-2525'  class='tile-inner  ftg-lightbox' href='https:\/\/morgerton.hu\/wp-content\/uploads\/2025\/03\/Litter-Just-3-weeks-old-1024x683.jpg' ><img alt='Litter Just 3 weeks old' class='item skip-lazy' data-class='item' data-ftg-source='https:\/\/morgerton.hu\/wp-content\/uploads\/2025\/03\/Litter-Just-3-weeks-old-1024x683.jpg' src='https:\/\/morgerton.hu\/wp-content\/uploads\/2025\/03\/Litter-Just-3-weeks-old-1024x683.jpg' width='843' height='562' \/><\/a><div class='ftg-social'><a href='#' data-social='facebook' class='ftg-facebook'><i class='fa fa-facebook'><\/i><\/a><\/div><\/div><\/div><\/div><\/div>","protected":false},"excerpt":{"rendered":"<p>Szeretn\u00e9m egy kicsit hosszabban bemutatni, elmes\u00e9lni kiskuty\u00e1ink vil\u00e1gra j\u00f6vetel\u00e9nek el\u0151zm\u00e9nyeit. Mint sokan azt tudj\u00e1tok, hogy nagy szerelmem Ink. Mikor Tony 2021-ben meg\u00e9rkezett hozz\u00e1nk, m\u00e1r tervben&hellip;<\/p>","protected":false},"author":1,"featured_media":0,"parent":749,"menu_order":0,"comment_status":"closed","ping_status":"closed","template":"","meta":{"_monsterinsights_skip_tracking":false,"_monsterinsights_sitenote_active":false,"_monsterinsights_sitenote_note":"","_monsterinsights_sitenote_category":0,"footnotes":""},"class_list":["post-2621","page","type-page","status-publish","hentry"],"yoast_head":"<!-- This site is optimized with the Yoast SEO plugin v26.6 - https:\/\/yoast.com\/wordpress\/plugins\/seo\/ -->\n<title>Just Alom - Morgerton Welsh Corgi Pembroke Kennel<\/title>\n<meta name=\"description\" content=\"Egyel\u0151re m\u00e9g csak terv, de rem\u00e9lem, hogy hamarosan \u00fajabb kicsiket k\u00f6sz\u00f6nthet\u00fcnk ebben a nagyvil\u00e1gban Tonyt\u00f3l \u00e9s Gingert\u0151l.\" \/>\n<meta name=\"robots\" content=\"index, follow, max-snippet:-1, max-image-preview:large, max-video-preview:-1\" \/>\n<link rel=\"canonical\" href=\"https:\/\/morgerton.hu\/en\/our-dogs\/litters\/litter-just\/\" \/>\n<meta property=\"og:locale\" content=\"en_US\" \/>\n<meta property=\"og:type\" content=\"article\" \/>\n<meta property=\"og:title\" content=\"Just Alom - Morgerton Welsh Corgi Pembroke Kennel\" \/>\n<meta property=\"og:description\" content=\"Egyel\u0151re m\u00e9g csak terv, de rem\u00e9lem, hogy hamarosan \u00fajabb kicsiket k\u00f6sz\u00f6nthet\u00fcnk ebben a nagyvil\u00e1gban Tonyt\u00f3l \u00e9s Gingert\u0151l.\" \/>\n<meta property=\"og:url\" content=\"https:\/\/morgerton.hu\/en\/our-dogs\/litters\/litter-just\/\" \/>\n<meta property=\"og:site_name\" content=\"Morgerton Welsh Corgi Pembroke Kennel\" \/>\n<meta property=\"article:publisher\" content=\"http:\/\/facebook.com\/morgertoncorgis\" \/>\n<meta property=\"article:modified_time\" content=\"2025-03-17T19:34:55+00:00\" \/>\n<meta property=\"og:image\" content=\"https:\/\/morgerton.hu\/wp-content\/uploads\/2023\/01\/Wallfugh-Just-A-Dreamer-18-months-old.jpg\" \/>\n\t<meta property=\"og:image:width\" content=\"1584\" \/>\n\t<meta property=\"og:image:height\" content=\"2048\" \/>\n\t<meta property=\"og:image:type\" content=\"image\/jpeg\" \/>\n<meta name=\"twitter:card\" content=\"summary_large_image\" \/>\n<meta name=\"twitter:label1\" content=\"Est. reading time\" \/>\n\t<meta name=\"twitter:data1\" content=\"2 minutes\" \/>\n<script type=\"application\/ld+json\" class=\"yoast-schema-graph\">{\"@context\":\"https:\/\/schema.org\",\"@graph\":[{\"@type\":\"WebPage\",\"@id\":\"https:\/\/morgerton.hu\/our-dogs\/litters\/litter-just\/\",\"url\":\"https:\/\/morgerton.hu\/our-dogs\/litters\/litter-just\/\",\"name\":\"Just Alom - Morgerton Welsh Corgi Pembroke Kennel\",\"isPartOf\":{\"@id\":\"https:\/\/morgerton.hu\/hu\/#website\"},\"primaryImageOfPage\":{\"@id\":\"https:\/\/morgerton.hu\/our-dogs\/litters\/litter-just\/#primaryimage\"},\"image\":{\"@id\":\"https:\/\/morgerton.hu\/our-dogs\/litters\/litter-just\/#primaryimage\"},\"thumbnailUrl\":\"https:\/\/morgerton.hu\/wp-content\/uploads\/2023\/01\/Wallfugh-Just-A-Dreamer-18-months-old-792x1024.jpg\",\"datePublished\":\"2025-03-17T19:16:19+00:00\",\"dateModified\":\"2025-03-17T19:34:55+00:00\",\"description\":\"Egyel\u0151re m\u00e9g csak terv, de rem\u00e9lem, hogy hamarosan \u00fajabb kicsiket k\u00f6sz\u00f6nthet\u00fcnk ebben a nagyvil\u00e1gban Tonyt\u00f3l \u00e9s Gingert\u0151l.\",\"breadcrumb\":{\"@id\":\"https:\/\/morgerton.hu\/our-dogs\/litters\/litter-just\/#breadcrumb\"},\"inLanguage\":\"en-US\",\"potentialAction\":[{\"@type\":\"ReadAction\",\"target\":[\"https:\/\/morgerton.hu\/our-dogs\/litters\/litter-just\/\"]}]},{\"@type\":\"ImageObject\",\"inLanguage\":\"en-US\",\"@id\":\"https:\/\/morgerton.hu\/our-dogs\/litters\/litter-just\/#primaryimage\",\"url\":\"https:\/\/morgerton.hu\/wp-content\/uploads\/2023\/01\/Wallfugh-Just-A-Dreamer-18-months-old-792x1024.jpg\",\"contentUrl\":\"https:\/\/morgerton.hu\/wp-content\/uploads\/2023\/01\/Wallfugh-Just-A-Dreamer-18-months-old-792x1024.jpg\"},{\"@type\":\"BreadcrumbList\",\"@id\":\"https:\/\/morgerton.hu\/our-dogs\/litters\/litter-just\/#breadcrumb\",\"itemListElement\":[{\"@type\":\"ListItem\",\"position\":1,\"name\":\"Home\",\"item\":\"https:\/\/morgerton.hu\/\"},{\"@type\":\"ListItem\",\"position\":2,\"name\":\"Kuty\u00e1ink\",\"item\":\"https:\/\/morgerton.hu\/?page_id=80\"},{\"@type\":\"ListItem\",\"position\":3,\"name\":\"Almok\",\"item\":\"https:\/\/morgerton.hu\/our-dogs\/litters\/\"},{\"@type\":\"ListItem\",\"position\":4,\"name\":\"Just Alom\"}]},{\"@type\":\"WebSite\",\"@id\":\"https:\/\/morgerton.hu\/hu\/#website\",\"url\":\"https:\/\/morgerton.hu\/hu\/\",\"name\":\"Morgerton Welsh Corgi Pembroke Kennel\",\"description\":\"Welsh Corgi Pembroke Kennel\",\"publisher\":{\"@id\":\"https:\/\/morgerton.hu\/hu\/#organization\"},\"potentialAction\":[{\"@type\":\"SearchAction\",\"target\":{\"@type\":\"EntryPoint\",\"urlTemplate\":\"https:\/\/morgerton.hu\/hu\/?s={search_term_string}\"},\"query-input\":{\"@type\":\"PropertyValueSpecification\",\"valueRequired\":true,\"valueName\":\"search_term_string\"}}],\"inLanguage\":\"en-US\"},{\"@type\":\"Organization\",\"@id\":\"https:\/\/morgerton.hu\/hu\/#organization\",\"name\":\"Morgerton Welsh Corgi Pembroke Kennel\",\"url\":\"https:\/\/morgerton.hu\/hu\/\",\"logo\":{\"@type\":\"ImageObject\",\"inLanguage\":\"en-US\",\"@id\":\"https:\/\/morgerton.hu\/hu\/#\/schema\/logo\/image\/\",\"url\":\"https:\/\/morgerton.hu\/wp-content\/uploads\/2020\/02\/cropped-Logo-v\u00e9gleges-Jav\u00edtott-scaled-2.jpg\",\"contentUrl\":\"https:\/\/morgerton.hu\/wp-content\/uploads\/2020\/02\/cropped-Logo-v\u00e9gleges-Jav\u00edtott-scaled-2.jpg\",\"width\":2227,\"height\":760,\"caption\":\"Morgerton Welsh Corgi Pembroke Kennel\"},\"image\":{\"@id\":\"https:\/\/morgerton.hu\/hu\/#\/schema\/logo\/image\/\"},\"sameAs\":[\"http:\/\/facebook.com\/morgertoncorgis\",\"https:\/\/www.instagram.com\/morgertoncorgis\/\"]}]}<\/script>\n<!-- \/ Yoast SEO plugin. -->","yoast_head_json":{"title":"Just Alom - Morgerton Welsh Corgi Pembroke Kennel","description":"Egyel\u0151re m\u00e9g csak terv, de rem\u00e9lem, hogy hamarosan \u00fajabb kicsiket k\u00f6sz\u00f6nthet\u00fcnk ebben a nagyvil\u00e1gban Tonyt\u00f3l \u00e9s Gingert\u0151l.","robots":{"index":"index","follow":"follow","max-snippet":"max-snippet:-1","max-image-preview":"max-image-preview:large","max-video-preview":"max-video-preview:-1"},"canonical":"https:\/\/morgerton.hu\/en\/our-dogs\/litters\/litter-just\/","og_locale":"en_US","og_type":"article","og_title":"Just Alom - Morgerton Welsh Corgi Pembroke Kennel","og_description":"Egyel\u0151re m\u00e9g csak terv, de rem\u00e9lem, hogy hamarosan \u00fajabb kicsiket k\u00f6sz\u00f6nthet\u00fcnk ebben a nagyvil\u00e1gban Tonyt\u00f3l \u00e9s Gingert\u0151l.","og_url":"https:\/\/morgerton.hu\/en\/our-dogs\/litters\/litter-just\/","og_site_name":"Morgerton Welsh Corgi Pembroke Kennel","article_publisher":"http:\/\/facebook.com\/morgertoncorgis","article_modified_time":"2025-03-17T19:34:55+00:00","og_image":[{"width":1584,"height":2048,"url":"https:\/\/morgerton.hu\/wp-content\/uploads\/2023\/01\/Wallfugh-Just-A-Dreamer-18-months-old.jpg","type":"image\/jpeg"}],"twitter_card":"summary_large_image","twitter_misc":{"Est. reading time":"2 minutes"},"schema":{"@context":"https:\/\/schema.org","@graph":[{"@type":"WebPage","@id":"https:\/\/morgerton.hu\/our-dogs\/litters\/litter-just\/","url":"https:\/\/morgerton.hu\/our-dogs\/litters\/litter-just\/","name":"Just Alom - Morgerton Welsh Corgi Pembroke Kennel","isPartOf":{"@id":"https:\/\/morgerton.hu\/hu\/#website"},"primaryImageOfPage":{"@id":"https:\/\/morgerton.hu\/our-dogs\/litters\/litter-just\/#primaryimage"},"image":{"@id":"https:\/\/morgerton.hu\/our-dogs\/litters\/litter-just\/#primaryimage"},"thumbnailUrl":"https:\/\/morgerton.hu\/wp-content\/uploads\/2023\/01\/Wallfugh-Just-A-Dreamer-18-months-old-792x1024.jpg","datePublished":"2025-03-17T19:16:19+00:00","dateModified":"2025-03-17T19:34:55+00:00","description":"Egyel\u0151re m\u00e9g csak terv, de rem\u00e9lem, hogy hamarosan \u00fajabb kicsiket k\u00f6sz\u00f6nthet\u00fcnk ebben a nagyvil\u00e1gban Tonyt\u00f3l \u00e9s Gingert\u0151l.","breadcrumb":{"@id":"https:\/\/morgerton.hu\/our-dogs\/litters\/litter-just\/#breadcrumb"},"inLanguage":"en-US","potentialAction":[{"@type":"ReadAction","target":["https:\/\/morgerton.hu\/our-dogs\/litters\/litter-just\/"]}]},{"@type":"ImageObject","inLanguage":"en-US","@id":"https:\/\/morgerton.hu\/our-dogs\/litters\/litter-just\/#primaryimage","url":"https:\/\/morgerton.hu\/wp-content\/uploads\/2023\/01\/Wallfugh-Just-A-Dreamer-18-months-old-792x1024.jpg","contentUrl":"https:\/\/morgerton.hu\/wp-content\/uploads\/2023\/01\/Wallfugh-Just-A-Dreamer-18-months-old-792x1024.jpg"},{"@type":"BreadcrumbList","@id":"https:\/\/morgerton.hu\/our-dogs\/litters\/litter-just\/#breadcrumb","itemListElement":[{"@type":"ListItem","position":1,"name":"Home","item":"https:\/\/morgerton.hu\/"},{"@type":"ListItem","position":2,"name":"Kuty\u00e1ink","item":"https:\/\/morgerton.hu\/?page_id=80"},{"@type":"ListItem","position":3,"name":"Almok","item":"https:\/\/morgerton.hu\/our-dogs\/litters\/"},{"@type":"ListItem","position":4,"name":"Just Alom"}]},{"@type":"WebSite","@id":"https:\/\/morgerton.hu\/hu\/#website","url":"https:\/\/morgerton.hu\/hu\/","name":"Morgerton Welsh Corgi Pembroke Kennel","description":"Welsh Corgi Pembroke Kennel","publisher":{"@id":"https:\/\/morgerton.hu\/hu\/#organization"},"potentialAction":[{"@type":"SearchAction","target":{"@type":"EntryPoint","urlTemplate":"https:\/\/morgerton.hu\/hu\/?s={search_term_string}"},"query-input":{"@type":"PropertyValueSpecification","valueRequired":true,"valueName":"search_term_string"}}],"inLanguage":"en-US"},{"@type":"Organization","@id":"https:\/\/morgerton.hu\/hu\/#organization","name":"Morgerton Welsh Corgi Pembroke Kennel","url":"https:\/\/morgerton.hu\/hu\/","logo":{"@type":"ImageObject","inLanguage":"en-US","@id":"https:\/\/morgerton.hu\/hu\/#\/schema\/logo\/image\/","url":"https:\/\/morgerton.hu\/wp-content\/uploads\/2020\/02\/cropped-Logo-v\u00e9gleges-Jav\u00edtott-scaled-2.jpg","contentUrl":"https:\/\/morgerton.hu\/wp-content\/uploads\/2020\/02\/cropped-Logo-v\u00e9gleges-Jav\u00edtott-scaled-2.jpg","width":2227,"height":760,"caption":"Morgerton Welsh Corgi Pembroke Kennel"},"image":{"@id":"https:\/\/morgerton.hu\/hu\/#\/schema\/logo\/image\/"},"sameAs":["http:\/\/facebook.com\/morgertoncorgis","https:\/\/www.instagram.com\/morgertoncorgis\/"]}]}},"_links":{"self":[{"href":"http:\/\/morgerton.hu\/en\/wp-json\/wp\/v2\/pages\/2621","targetHints":{"allow":["GET"]}}],"collection":[{"href":"http:\/\/morgerton.hu\/en\/wp-json\/wp\/v2\/pages"}],"about":[{"href":"http:\/\/morgerton.hu\/en\/wp-json\/wp\/v2\/types\/page"}],"author":[{"embeddable":true,"href":"http:\/\/morgerton.hu\/en\/wp-json\/wp\/v2\/users\/1"}],"replies":[{"embeddable":true,"href":"http:\/\/morgerton.hu\/en\/wp-json\/wp\/v2\/comments?post=2621"}],"version-history":[{"count":2,"href":"http:\/\/morgerton.hu\/en\/wp-json\/wp\/v2\/pages\/2621\/revisions"}],"predecessor-version":[{"id":2628,"href":"http:\/\/morgerton.hu\/en\/wp-json\/wp\/v2\/pages\/2621\/revisions\/2628"}],"up":[{"embeddable":true,"href":"http:\/\/morgerton.hu\/en\/wp-json\/wp\/v2\/pages\/749"}],"wp:attachment":[{"href":"http:\/\/morgerton.hu\/en\/wp-json\/wp\/v2\/media?parent=2621"}],"curies":[{"name":"wp","href":"https:\/\/api.w.org\/{rel}","templated":true}]}}