{"id":2426,"date":"2023-01-22T15:05:45","date_gmt":"2023-01-22T15:05:45","guid":{"rendered":"https:\/\/morgerton.hu\/?page_id=2426"},"modified":"2023-01-22T15:05:45","modified_gmt":"2023-01-22T15:05:45","slug":"litter-viking","status":"publish","type":"page","link":"http:\/\/morgerton.hu\/en\/our-dogs\/litters\/litter-viking\/","title":{"rendered":"Viking Alom"},"content":{"rendered":"<div class=\"wp-block-image\">\n<figure class=\"aligncenter size-large\"><img loading=\"lazy\" decoding=\"async\" width=\"1024\" height=\"751\" src=\"https:\/\/morgerton.hu\/wp-content\/uploads\/2023\/01\/Litter-Viking-Wallfugh-Just-a-Dreamer-and-Whos-That-Chick-Morgerton-1024x751.jpg\" alt=\"Litter Viking - Wallfugh Just a Dreamer and Who's That Chick Morgerton\" class=\"wp-image-2425\" srcset=\"https:\/\/morgerton.hu\/wp-content\/uploads\/2023\/01\/Litter-Viking-Wallfugh-Just-a-Dreamer-and-Whos-That-Chick-Morgerton-1024x751.jpg 1024w, https:\/\/morgerton.hu\/wp-content\/uploads\/2023\/01\/Litter-Viking-Wallfugh-Just-a-Dreamer-and-Whos-That-Chick-Morgerton-300x220.jpg 300w, https:\/\/morgerton.hu\/wp-content\/uploads\/2023\/01\/Litter-Viking-Wallfugh-Just-a-Dreamer-and-Whos-That-Chick-Morgerton-768x563.jpg 768w, https:\/\/morgerton.hu\/wp-content\/uploads\/2023\/01\/Litter-Viking-Wallfugh-Just-a-Dreamer-and-Whos-That-Chick-Morgerton-1536x1127.jpg 1536w, https:\/\/morgerton.hu\/wp-content\/uploads\/2023\/01\/Litter-Viking-Wallfugh-Just-a-Dreamer-and-Whos-That-Chick-Morgerton-16x12.jpg 16w, https:\/\/morgerton.hu\/wp-content\/uploads\/2023\/01\/Litter-Viking-Wallfugh-Just-a-Dreamer-and-Whos-That-Chick-Morgerton.jpg 2048w\" sizes=\"auto, (max-width: 1024px) 100vw, 1024px\" \/><\/figure>\n<\/div>\n\n\n<div class=\"wp-block-columns is-layout-flex wp-container-core-columns-is-layout-9d6595d7 wp-block-columns-is-layout-flex\">\n<div class=\"wp-block-column is-vertically-aligned-center is-layout-flow wp-block-column-is-layout-flow\">\n<p class=\"has-text-align-left has-medium-font-size\">Nagyon sokat gondolkoztunk, \u00e9s tervezt\u00fcnk, hogy mi legyen vagy ink\u00e1bb, hogy legyen-e id\u00e9n almunk. A m\u00e9rleg folyamatosan billegett hol ebbe, hol abba az ir\u00e1nyba. Egyel\u0151re m\u00e9g csak terv, de rem\u00e9lem, hogy hamarosan \u00fajabb kicsiket k\u00f6sz\u00f6nthet\u00fcnk ebben a nagyvil\u00e1gban Tonyt\u00f3l \u00e9s Gingert\u0151l.<br>K\u00edv\u00e1ncsian \u00e9s nagy izgalommal v\u00e1rjuk a bab\u00e1k \u00e9rkez\u00e9s\u00e9t. Bizakod\u00f3ak vagyunk, hogy minden a legnagyobb rendben lesz.\u00a0<\/p>\n<\/div>\n<\/div>\n\n\n\n<div class=\"wp-block-columns is-layout-flex wp-container-core-columns-is-layout-9d6595d7 wp-block-columns-is-layout-flex\">\n<div class=\"wp-block-column is-vertically-aligned-center is-layout-flow wp-block-column-is-layout-flow\"><div class=\"wp-block-image\">\n<figure class=\"aligncenter size-large is-resized\"><a href=\"https:\/\/morgerton.hu\/en\/our-dogs\/males\/wallfugh-just-a-dreamer-tony\/\"><img loading=\"lazy\" decoding=\"async\" src=\"https:\/\/morgerton.hu\/wp-content\/uploads\/2023\/01\/Wallfugh-Just-A-Dreamer-18-months-old-792x1024.jpg\" alt=\"Wallfugh Just A Dreamer 18 months old\" class=\"wp-image-2428\" width=\"396\" height=\"512\" srcset=\"https:\/\/morgerton.hu\/wp-content\/uploads\/2023\/01\/Wallfugh-Just-A-Dreamer-18-months-old-792x1024.jpg 792w, https:\/\/morgerton.hu\/wp-content\/uploads\/2023\/01\/Wallfugh-Just-A-Dreamer-18-months-old-232x300.jpg 232w, https:\/\/morgerton.hu\/wp-content\/uploads\/2023\/01\/Wallfugh-Just-A-Dreamer-18-months-old-768x993.jpg 768w, https:\/\/morgerton.hu\/wp-content\/uploads\/2023\/01\/Wallfugh-Just-A-Dreamer-18-months-old-1188x1536.jpg 1188w, https:\/\/morgerton.hu\/wp-content\/uploads\/2023\/01\/Wallfugh-Just-A-Dreamer-18-months-old-9x12.jpg 9w, https:\/\/morgerton.hu\/wp-content\/uploads\/2023\/01\/Wallfugh-Just-A-Dreamer-18-months-old.jpg 1584w\" sizes=\"auto, (max-width: 396px) 100vw, 396px\" \/><\/a><figcaption class=\"wp-element-caption\"><a href=\"https:\/\/morgerton.hu\/en\/our-dogs\/males\/wallfugh-just-a-dreamer-tony\/\">Wallfugh Just A Dreamer &#8211; Tony<\/a><\/figcaption><\/figure>\n<\/div><\/div>\n\n\n\n<div class=\"wp-block-column is-layout-flow wp-block-column-is-layout-flow\"><div class=\"wp-block-image\">\n<figure class=\"aligncenter size-large is-resized\"><a href=\"https:\/\/morgerton.hu\/en\/our-dogs\/females\/whos-that-chick-morgerton-ginger\/\"><img loading=\"lazy\" decoding=\"async\" src=\"https:\/\/morgerton.hu\/wp-content\/uploads\/2023\/01\/Whos-That-Chick-Morgerton-\u2013-Ginger-12-months-old-3-1024x683.jpg\" alt=\"Who\u2019s That Chick Morgerton \u2013 Ginger 12 months old\" class=\"wp-image-2307\" width=\"512\" height=\"342\" srcset=\"https:\/\/morgerton.hu\/wp-content\/uploads\/2023\/01\/Whos-That-Chick-Morgerton-\u2013-Ginger-12-months-old-3-1024x683.jpg 1024w, https:\/\/morgerton.hu\/wp-content\/uploads\/2023\/01\/Whos-That-Chick-Morgerton-\u2013-Ginger-12-months-old-3-300x200.jpg 300w, https:\/\/morgerton.hu\/wp-content\/uploads\/2023\/01\/Whos-That-Chick-Morgerton-\u2013-Ginger-12-months-old-3-768x512.jpg 768w, https:\/\/morgerton.hu\/wp-content\/uploads\/2023\/01\/Whos-That-Chick-Morgerton-\u2013-Ginger-12-months-old-3-1536x1024.jpg 1536w, https:\/\/morgerton.hu\/wp-content\/uploads\/2023\/01\/Whos-That-Chick-Morgerton-\u2013-Ginger-12-months-old-3-18x12.jpg 18w, https:\/\/morgerton.hu\/wp-content\/uploads\/2023\/01\/Whos-That-Chick-Morgerton-\u2013-Ginger-12-months-old-3.jpg 1620w\" sizes=\"auto, (max-width: 512px) 100vw, 512px\" \/><\/a><figcaption class=\"wp-element-caption\"><a href=\"https:\/\/morgerton.hu\/en\/our-dogs\/females\/whos-that-chick-morgerton-ginger\/\">Who\u2019s That Chick Morgerton \u2013 Ginger<\/a><\/figcaption><\/figure>\n<\/div><\/div>\n<\/div>","protected":false},"excerpt":{"rendered":"<p>Nagyon sokat gondolkoztunk, \u00e9s tervezt\u00fcnk, hogy mi legyen vagy ink\u00e1bb, hogy legyen-e id\u00e9n almunk. A m\u00e9rleg folyamatosan billegett hol ebbe, hol abba az ir\u00e1nyba. Egyel\u0151re&hellip;<\/p>","protected":false},"author":1,"featured_media":0,"parent":749,"menu_order":0,"comment_status":"closed","ping_status":"closed","template":"","meta":{"_monsterinsights_skip_tracking":false,"_monsterinsights_sitenote_active":false,"_monsterinsights_sitenote_note":"","_monsterinsights_sitenote_category":0,"footnotes":""},"class_list":["post-2426","page","type-page","status-publish","hentry"],"yoast_head":"<!-- This site is optimized with the Yoast SEO plugin v26.6 - https:\/\/yoast.com\/wordpress\/plugins\/seo\/ -->\n<title>Viking Alom - Morgerton Welsh Corgi Pembroke Kennel<\/title>\n<meta name=\"description\" content=\"Egyel\u0151re m\u00e9g csak terv, de rem\u00e9lem, hogy hamarosan \u00fajabb kicsiket k\u00f6sz\u00f6nthet\u00fcnk ebben a nagyvil\u00e1gban Tonyt\u00f3l \u00e9s Gingert\u0151l.\" \/>\n<meta name=\"robots\" content=\"index, follow, max-snippet:-1, max-image-preview:large, max-video-preview:-1\" \/>\n<link rel=\"canonical\" href=\"https:\/\/morgerton.hu\/en\/our-dogs\/litters\/litter-viking\/\" \/>\n<meta property=\"og:locale\" content=\"en_US\" \/>\n<meta property=\"og:type\" content=\"article\" \/>\n<meta property=\"og:title\" content=\"Viking Alom - Morgerton Welsh Corgi Pembroke Kennel\" \/>\n<meta property=\"og:description\" content=\"Egyel\u0151re m\u00e9g csak terv, de rem\u00e9lem, hogy hamarosan \u00fajabb kicsiket k\u00f6sz\u00f6nthet\u00fcnk ebben a nagyvil\u00e1gban Tonyt\u00f3l \u00e9s Gingert\u0151l.\" \/>\n<meta property=\"og:url\" content=\"https:\/\/morgerton.hu\/en\/our-dogs\/litters\/litter-viking\/\" \/>\n<meta property=\"og:site_name\" content=\"Morgerton Welsh Corgi Pembroke Kennel\" \/>\n<meta property=\"article:publisher\" content=\"http:\/\/facebook.com\/morgertoncorgis\" \/>\n<meta property=\"og:image\" content=\"https:\/\/morgerton.hu\/wp-content\/uploads\/2023\/01\/Litter-Viking-Wallfugh-Just-a-Dreamer-and-Whos-That-Chick-Morgerton-1024x751.jpg\" \/>\n<meta name=\"twitter:card\" content=\"summary_large_image\" \/>\n<meta name=\"twitter:label1\" content=\"Est. reading time\" \/>\n\t<meta name=\"twitter:data1\" content=\"1 minute\" \/>\n<script type=\"application\/ld+json\" class=\"yoast-schema-graph\">{\"@context\":\"https:\/\/schema.org\",\"@graph\":[{\"@type\":\"WebPage\",\"@id\":\"https:\/\/morgerton.hu\/our-dogs\/litters\/litter-viking\/\",\"url\":\"https:\/\/morgerton.hu\/our-dogs\/litters\/litter-viking\/\",\"name\":\"Viking Alom - Morgerton Welsh Corgi Pembroke Kennel\",\"isPartOf\":{\"@id\":\"https:\/\/morgerton.hu\/hu\/#website\"},\"primaryImageOfPage\":{\"@id\":\"https:\/\/morgerton.hu\/our-dogs\/litters\/litter-viking\/#primaryimage\"},\"image\":{\"@id\":\"https:\/\/morgerton.hu\/our-dogs\/litters\/litter-viking\/#primaryimage\"},\"thumbnailUrl\":\"https:\/\/morgerton.hu\/wp-content\/uploads\/2023\/01\/Litter-Viking-Wallfugh-Just-a-Dreamer-and-Whos-That-Chick-Morgerton-1024x751.jpg\",\"datePublished\":\"2023-01-22T15:05:45+00:00\",\"description\":\"Egyel\u0151re m\u00e9g csak terv, de rem\u00e9lem, hogy hamarosan \u00fajabb kicsiket k\u00f6sz\u00f6nthet\u00fcnk ebben a nagyvil\u00e1gban Tonyt\u00f3l \u00e9s Gingert\u0151l.\",\"breadcrumb\":{\"@id\":\"https:\/\/morgerton.hu\/our-dogs\/litters\/litter-viking\/#breadcrumb\"},\"inLanguage\":\"en-US\",\"potentialAction\":[{\"@type\":\"ReadAction\",\"target\":[\"https:\/\/morgerton.hu\/our-dogs\/litters\/litter-viking\/\"]}]},{\"@type\":\"ImageObject\",\"inLanguage\":\"en-US\",\"@id\":\"https:\/\/morgerton.hu\/our-dogs\/litters\/litter-viking\/#primaryimage\",\"url\":\"https:\/\/morgerton.hu\/wp-content\/uploads\/2023\/01\/Litter-Viking-Wallfugh-Just-a-Dreamer-and-Whos-That-Chick-Morgerton-1024x751.jpg\",\"contentUrl\":\"https:\/\/morgerton.hu\/wp-content\/uploads\/2023\/01\/Litter-Viking-Wallfugh-Just-a-Dreamer-and-Whos-That-Chick-Morgerton-1024x751.jpg\"},{\"@type\":\"BreadcrumbList\",\"@id\":\"https:\/\/morgerton.hu\/our-dogs\/litters\/litter-viking\/#breadcrumb\",\"itemListElement\":[{\"@type\":\"ListItem\",\"position\":1,\"name\":\"Home\",\"item\":\"https:\/\/morgerton.hu\/\"},{\"@type\":\"ListItem\",\"position\":2,\"name\":\"Kuty\u00e1ink\",\"item\":\"https:\/\/morgerton.hu\/?page_id=80\"},{\"@type\":\"ListItem\",\"position\":3,\"name\":\"Almok\",\"item\":\"https:\/\/morgerton.hu\/our-dogs\/litters\/\"},{\"@type\":\"ListItem\",\"position\":4,\"name\":\"Viking Alom\"}]},{\"@type\":\"WebSite\",\"@id\":\"https:\/\/morgerton.hu\/hu\/#website\",\"url\":\"https:\/\/morgerton.hu\/hu\/\",\"name\":\"Morgerton Welsh Corgi Pembroke Kennel\",\"description\":\"Welsh Corgi Pembroke Kennel\",\"publisher\":{\"@id\":\"https:\/\/morgerton.hu\/hu\/#organization\"},\"potentialAction\":[{\"@type\":\"SearchAction\",\"target\":{\"@type\":\"EntryPoint\",\"urlTemplate\":\"https:\/\/morgerton.hu\/hu\/?s={search_term_string}\"},\"query-input\":{\"@type\":\"PropertyValueSpecification\",\"valueRequired\":true,\"valueName\":\"search_term_string\"}}],\"inLanguage\":\"en-US\"},{\"@type\":\"Organization\",\"@id\":\"https:\/\/morgerton.hu\/hu\/#organization\",\"name\":\"Morgerton Welsh Corgi Pembroke Kennel\",\"url\":\"https:\/\/morgerton.hu\/hu\/\",\"logo\":{\"@type\":\"ImageObject\",\"inLanguage\":\"en-US\",\"@id\":\"https:\/\/morgerton.hu\/hu\/#\/schema\/logo\/image\/\",\"url\":\"https:\/\/morgerton.hu\/wp-content\/uploads\/2020\/02\/cropped-Logo-v\u00e9gleges-Jav\u00edtott-scaled-2.jpg\",\"contentUrl\":\"https:\/\/morgerton.hu\/wp-content\/uploads\/2020\/02\/cropped-Logo-v\u00e9gleges-Jav\u00edtott-scaled-2.jpg\",\"width\":2227,\"height\":760,\"caption\":\"Morgerton Welsh Corgi Pembroke Kennel\"},\"image\":{\"@id\":\"https:\/\/morgerton.hu\/hu\/#\/schema\/logo\/image\/\"},\"sameAs\":[\"http:\/\/facebook.com\/morgertoncorgis\",\"https:\/\/www.instagram.com\/morgertoncorgis\/\"]}]}<\/script>\n<!-- \/ Yoast SEO plugin. -->","yoast_head_json":{"title":"Viking Alom - Morgerton Welsh Corgi Pembroke Kennel","description":"Egyel\u0151re m\u00e9g csak terv, de rem\u00e9lem, hogy hamarosan \u00fajabb kicsiket k\u00f6sz\u00f6nthet\u00fcnk ebben a nagyvil\u00e1gban Tonyt\u00f3l \u00e9s Gingert\u0151l.","robots":{"index":"index","follow":"follow","max-snippet":"max-snippet:-1","max-image-preview":"max-image-preview:large","max-video-preview":"max-video-preview:-1"},"canonical":"https:\/\/morgerton.hu\/en\/our-dogs\/litters\/litter-viking\/","og_locale":"en_US","og_type":"article","og_title":"Viking Alom - Morgerton Welsh Corgi Pembroke Kennel","og_description":"Egyel\u0151re m\u00e9g csak terv, de rem\u00e9lem, hogy hamarosan \u00fajabb kicsiket k\u00f6sz\u00f6nthet\u00fcnk ebben a nagyvil\u00e1gban Tonyt\u00f3l \u00e9s Gingert\u0151l.","og_url":"https:\/\/morgerton.hu\/en\/our-dogs\/litters\/litter-viking\/","og_site_name":"Morgerton Welsh Corgi Pembroke Kennel","article_publisher":"http:\/\/facebook.com\/morgertoncorgis","og_image":[{"url":"https:\/\/morgerton.hu\/wp-content\/uploads\/2023\/01\/Litter-Viking-Wallfugh-Just-a-Dreamer-and-Whos-That-Chick-Morgerton-1024x751.jpg","type":"","width":"","height":""}],"twitter_card":"summary_large_image","twitter_misc":{"Est. reading time":"1 minute"},"schema":{"@context":"https:\/\/schema.org","@graph":[{"@type":"WebPage","@id":"https:\/\/morgerton.hu\/our-dogs\/litters\/litter-viking\/","url":"https:\/\/morgerton.hu\/our-dogs\/litters\/litter-viking\/","name":"Viking Alom - Morgerton Welsh Corgi Pembroke Kennel","isPartOf":{"@id":"https:\/\/morgerton.hu\/hu\/#website"},"primaryImageOfPage":{"@id":"https:\/\/morgerton.hu\/our-dogs\/litters\/litter-viking\/#primaryimage"},"image":{"@id":"https:\/\/morgerton.hu\/our-dogs\/litters\/litter-viking\/#primaryimage"},"thumbnailUrl":"https:\/\/morgerton.hu\/wp-content\/uploads\/2023\/01\/Litter-Viking-Wallfugh-Just-a-Dreamer-and-Whos-That-Chick-Morgerton-1024x751.jpg","datePublished":"2023-01-22T15:05:45+00:00","description":"Egyel\u0151re m\u00e9g csak terv, de rem\u00e9lem, hogy hamarosan \u00fajabb kicsiket k\u00f6sz\u00f6nthet\u00fcnk ebben a nagyvil\u00e1gban Tonyt\u00f3l \u00e9s Gingert\u0151l.","breadcrumb":{"@id":"https:\/\/morgerton.hu\/our-dogs\/litters\/litter-viking\/#breadcrumb"},"inLanguage":"en-US","potentialAction":[{"@type":"ReadAction","target":["https:\/\/morgerton.hu\/our-dogs\/litters\/litter-viking\/"]}]},{"@type":"ImageObject","inLanguage":"en-US","@id":"https:\/\/morgerton.hu\/our-dogs\/litters\/litter-viking\/#primaryimage","url":"https:\/\/morgerton.hu\/wp-content\/uploads\/2023\/01\/Litter-Viking-Wallfugh-Just-a-Dreamer-and-Whos-That-Chick-Morgerton-1024x751.jpg","contentUrl":"https:\/\/morgerton.hu\/wp-content\/uploads\/2023\/01\/Litter-Viking-Wallfugh-Just-a-Dreamer-and-Whos-That-Chick-Morgerton-1024x751.jpg"},{"@type":"BreadcrumbList","@id":"https:\/\/morgerton.hu\/our-dogs\/litters\/litter-viking\/#breadcrumb","itemListElement":[{"@type":"ListItem","position":1,"name":"Home","item":"https:\/\/morgerton.hu\/"},{"@type":"ListItem","position":2,"name":"Kuty\u00e1ink","item":"https:\/\/morgerton.hu\/?page_id=80"},{"@type":"ListItem","position":3,"name":"Almok","item":"https:\/\/morgerton.hu\/our-dogs\/litters\/"},{"@type":"ListItem","position":4,"name":"Viking Alom"}]},{"@type":"WebSite","@id":"https:\/\/morgerton.hu\/hu\/#website","url":"https:\/\/morgerton.hu\/hu\/","name":"Morgerton Welsh Corgi Pembroke Kennel","description":"Welsh Corgi Pembroke Kennel","publisher":{"@id":"https:\/\/morgerton.hu\/hu\/#organization"},"potentialAction":[{"@type":"SearchAction","target":{"@type":"EntryPoint","urlTemplate":"https:\/\/morgerton.hu\/hu\/?s={search_term_string}"},"query-input":{"@type":"PropertyValueSpecification","valueRequired":true,"valueName":"search_term_string"}}],"inLanguage":"en-US"},{"@type":"Organization","@id":"https:\/\/morgerton.hu\/hu\/#organization","name":"Morgerton Welsh Corgi Pembroke Kennel","url":"https:\/\/morgerton.hu\/hu\/","logo":{"@type":"ImageObject","inLanguage":"en-US","@id":"https:\/\/morgerton.hu\/hu\/#\/schema\/logo\/image\/","url":"https:\/\/morgerton.hu\/wp-content\/uploads\/2020\/02\/cropped-Logo-v\u00e9gleges-Jav\u00edtott-scaled-2.jpg","contentUrl":"https:\/\/morgerton.hu\/wp-content\/uploads\/2020\/02\/cropped-Logo-v\u00e9gleges-Jav\u00edtott-scaled-2.jpg","width":2227,"height":760,"caption":"Morgerton Welsh Corgi Pembroke Kennel"},"image":{"@id":"https:\/\/morgerton.hu\/hu\/#\/schema\/logo\/image\/"},"sameAs":["http:\/\/facebook.com\/morgertoncorgis","https:\/\/www.instagram.com\/morgertoncorgis\/"]}]}},"_links":{"self":[{"href":"http:\/\/morgerton.hu\/en\/wp-json\/wp\/v2\/pages\/2426","targetHints":{"allow":["GET"]}}],"collection":[{"href":"http:\/\/morgerton.hu\/en\/wp-json\/wp\/v2\/pages"}],"about":[{"href":"http:\/\/morgerton.hu\/en\/wp-json\/wp\/v2\/types\/page"}],"author":[{"embeddable":true,"href":"http:\/\/morgerton.hu\/en\/wp-json\/wp\/v2\/users\/1"}],"replies":[{"embeddable":true,"href":"http:\/\/morgerton.hu\/en\/wp-json\/wp\/v2\/comments?post=2426"}],"version-history":[{"count":6,"href":"http:\/\/morgerton.hu\/en\/wp-json\/wp\/v2\/pages\/2426\/revisions"}],"predecessor-version":[{"id":2433,"href":"http:\/\/morgerton.hu\/en\/wp-json\/wp\/v2\/pages\/2426\/revisions\/2433"}],"up":[{"embeddable":true,"href":"http:\/\/morgerton.hu\/en\/wp-json\/wp\/v2\/pages\/749"}],"wp:attachment":[{"href":"http:\/\/morgerton.hu\/en\/wp-json\/wp\/v2\/media?parent=2426"}],"curies":[{"name":"wp","href":"https:\/\/api.w.org\/{rel}","templated":true}]}}