{"id":2299,"date":"2023-01-07T13:59:03","date_gmt":"2023-01-07T13:59:03","guid":{"rendered":"https:\/\/morgerton.hu\/?page_id=2299"},"modified":"2023-01-07T13:59:03","modified_gmt":"2023-01-07T13:59:03","slug":"veterans","status":"publish","type":"page","link":"http:\/\/morgerton.hu\/en\/our-dogs\/veterans\/","title":{"rendered":"Veter\u00e1nok"},"content":{"rendered":"<div  class=\"grids-section grids-is-stretch\" style=\"--_gs-gap-desktop:0px 0px;--_gs-m-desktop:0 0 0 0;--_gs-p-desktop:0 0 0 0;--_gs-bg-desktop:transparent none;--_gs-bg-xp-desktop:0px;--_gs-zi-desktop:auto;--_gs-d-desktop:block;--_gs-mw-desktop:calc(100% - 0 - 0);--_gs-gap-tablet:0px 0px;--_gs-m-tablet:0 0 0 0;--_gs-p-tablet:0 0 0 0;--_gs-bg-tablet:transparent none;--_gs-bg-xp-tablet:0px;--_gs-zi-tablet:auto;--_gs-d-tablet:block;--_gs-mw-tablet:calc(100% - 0 - 0);--_gs-gap-mobile:0px 0px;--_gs-m-mobile:0 0 0 0;--_gs-p-mobile:0 0 0 0;--_gs-bg-mobile:transparent none;--_gs-bg-xp-mobile:0px;--_gs-zi-mobile:auto;--_gs-d-mobile:block;--_gs-mw-mobile:calc(100% - 0 - 0);--_gs-columns:2;--_gs-rows:1\"><div class=\"grids-s-w_i\">\n<div class=\"grids-area\" style=\"--_ga-column:1\/2;--_ga-row:1\/2;--_ga-m-desktop:5px 5px 5px 5px;--_ga-p-desktop:0 0 0 0;--_ga-bg-desktop:transparent none;--_ga-zi-desktop:auto;--_ga-d-desktop:flex;--_ga-mw-desktop:calc(100% - 5px - 5px);--_ga-m-tablet:5px 5px 5px 5px;--_ga-p-tablet:0 0 0 0;--_ga-bg-tablet:transparent none;--_ga-zi-tablet:auto;--_ga-d-tablet:flex;--_ga-mw-tablet:calc(100% - 5px - 5px);--_ga-m-mobile:5px 5px 5px 5px;--_ga-p-mobile:0 0 0 0;--_ga-bg-mobile:transparent none;--_ga-zi-mobile:auto;--_ga-d-mobile:flex;--_ga-mw-mobile:calc(100% - 5px - 5px)\">\n\n<div class=\"wp-block-group\"><div class=\"wp-block-group__inner-container is-layout-flow wp-block-group-is-layout-flow\">\n<h3 class=\"wp-block-heading\"><a href=\"\/en\/our-dogs\/females\/born-to-be-your-sauvignon-blanc-at-morgerton-blanka\/\">Born To Be Your Sauvignon Blanc at Morgerton \u2013 Blanka<\/a><\/h3>\n\n\n\n<figure class=\"wp-block-image size-large is-resized is-style-default\"><a href=\"\/en\/our-dogs\/females\/born-to-be-your-sauvignon-blanc-at-morgerton-blanka\/\"><img loading=\"lazy\" decoding=\"async\" src=\"https:\/\/morgerton.hu\/wp-content\/uploads\/2021\/08\/Born-To-Be-Your-Sauvignon-Blanc-at-Morgerton-\u2013-Blanka-12-months-old-1024x683.jpg\" alt=\"Born To Be Your Sauvignon Blanc at Morgerton \u2013 Blanka 12 months old\" class=\"wp-image-2033\" width=\"512\" height=\"342\" srcset=\"https:\/\/morgerton.hu\/wp-content\/uploads\/2021\/08\/Born-To-Be-Your-Sauvignon-Blanc-at-Morgerton-\u2013-Blanka-12-months-old-1024x683.jpg 1024w, https:\/\/morgerton.hu\/wp-content\/uploads\/2021\/08\/Born-To-Be-Your-Sauvignon-Blanc-at-Morgerton-\u2013-Blanka-12-months-old-300x200.jpg 300w, https:\/\/morgerton.hu\/wp-content\/uploads\/2021\/08\/Born-To-Be-Your-Sauvignon-Blanc-at-Morgerton-\u2013-Blanka-12-months-old-768x512.jpg 768w, https:\/\/morgerton.hu\/wp-content\/uploads\/2021\/08\/Born-To-Be-Your-Sauvignon-Blanc-at-Morgerton-\u2013-Blanka-12-months-old-1536x1024.jpg 1536w, https:\/\/morgerton.hu\/wp-content\/uploads\/2021\/08\/Born-To-Be-Your-Sauvignon-Blanc-at-Morgerton-\u2013-Blanka-12-months-old-18x12.jpg 18w, https:\/\/morgerton.hu\/wp-content\/uploads\/2021\/08\/Born-To-Be-Your-Sauvignon-Blanc-at-Morgerton-\u2013-Blanka-12-months-old.jpg 1620w\" sizes=\"auto, (max-width: 512px) 100vw, 512px\" \/><\/a><figcaption class=\"wp-element-caption\"><a href=\"\/en\/our-dogs\/females\/born-to-be-your-sauvignon-blanc-at-morgerton-blanka\/\">Egy t\u00f6k\u00e9letes corgi jellem, aki a kell\u0151 mennyis\u00e9g\u0171 akarattal \u00e9s vehemenci\u00e1val rendelkezik, ugyanakkor alkalmazkod\u00f3, b\u00e1tor \u00e9s v\u00e9gtelen\u00fcl kedves.<\/a><\/figcaption><\/figure>\n<\/div><\/div>\n\n<\/div>\n<\/div><\/div>","protected":false},"excerpt":{"rendered":"","protected":false},"author":1,"featured_media":0,"parent":80,"menu_order":0,"comment_status":"closed","ping_status":"closed","template":"","meta":{"_monsterinsights_skip_tracking":false,"_monsterinsights_sitenote_active":false,"_monsterinsights_sitenote_note":"","_monsterinsights_sitenote_category":0,"footnotes":""},"class_list":["post-2299","page","type-page","status-publish","hentry"],"yoast_head":"<!-- This site is optimized with the Yoast SEO plugin v26.6 - https:\/\/yoast.com\/wordpress\/plugins\/seo\/ -->\n<title>Veter\u00e1nok - Morgerton Welsh Corgi Pembroke Kennel<\/title>\n<meta name=\"description\" content=\"A Morgerton Welsh Corgi Pembroke Kennelben megtal\u00e1lhat\u00f3 szuk\u00e1k. A szuk\u00e1k j\u00f3 v\u00e9rvonalb\u00f3l sz\u00e1rmaznak, kimagasl\u00f3 eg\u00e9szs\u00e9g\u00fcgyi sz\u0171r\u00e9ssekkel rendelkeznek.\" \/>\n<meta name=\"robots\" content=\"index, follow, max-snippet:-1, max-image-preview:large, max-video-preview:-1\" \/>\n<link rel=\"canonical\" href=\"https:\/\/morgerton.hu\/en\/our-dogs\/veterans\/\" \/>\n<meta property=\"og:locale\" content=\"en_US\" \/>\n<meta property=\"og:type\" content=\"article\" \/>\n<meta property=\"og:title\" content=\"Veter\u00e1nok - Morgerton Welsh Corgi Pembroke Kennel\" \/>\n<meta property=\"og:description\" content=\"A Morgerton Welsh Corgi Pembroke Kennelben megtal\u00e1lhat\u00f3 szuk\u00e1k. A szuk\u00e1k j\u00f3 v\u00e9rvonalb\u00f3l sz\u00e1rmaznak, kimagasl\u00f3 eg\u00e9szs\u00e9g\u00fcgyi sz\u0171r\u00e9ssekkel rendelkeznek.\" \/>\n<meta property=\"og:url\" content=\"https:\/\/morgerton.hu\/en\/our-dogs\/veterans\/\" \/>\n<meta property=\"og:site_name\" content=\"Morgerton Welsh Corgi Pembroke Kennel\" \/>\n<meta property=\"article:publisher\" content=\"http:\/\/facebook.com\/morgertoncorgis\" \/>\n<meta name=\"twitter:card\" content=\"summary_large_image\" \/>\n<meta name=\"twitter:label1\" content=\"Est. reading time\" \/>\n\t<meta name=\"twitter:data1\" content=\"1 minute\" \/>\n<script type=\"application\/ld+json\" class=\"yoast-schema-graph\">{\"@context\":\"https:\/\/schema.org\",\"@graph\":[{\"@type\":\"WebPage\",\"@id\":\"https:\/\/morgerton.hu\/our-dogs\/veterans\/\",\"url\":\"https:\/\/morgerton.hu\/our-dogs\/veterans\/\",\"name\":\"Veter\u00e1nok - Morgerton Welsh Corgi Pembroke Kennel\",\"isPartOf\":{\"@id\":\"https:\/\/morgerton.hu\/hu\/#website\"},\"datePublished\":\"2023-01-07T13:59:03+00:00\",\"description\":\"A Morgerton Welsh Corgi Pembroke Kennelben megtal\u00e1lhat\u00f3 szuk\u00e1k. A szuk\u00e1k j\u00f3 v\u00e9rvonalb\u00f3l sz\u00e1rmaznak, kimagasl\u00f3 eg\u00e9szs\u00e9g\u00fcgyi sz\u0171r\u00e9ssekkel rendelkeznek.\",\"breadcrumb\":{\"@id\":\"https:\/\/morgerton.hu\/our-dogs\/veterans\/#breadcrumb\"},\"inLanguage\":\"en-US\",\"potentialAction\":[{\"@type\":\"ReadAction\",\"target\":[\"https:\/\/morgerton.hu\/our-dogs\/veterans\/\"]}]},{\"@type\":\"BreadcrumbList\",\"@id\":\"https:\/\/morgerton.hu\/our-dogs\/veterans\/#breadcrumb\",\"itemListElement\":[{\"@type\":\"ListItem\",\"position\":1,\"name\":\"Home\",\"item\":\"https:\/\/morgerton.hu\/\"},{\"@type\":\"ListItem\",\"position\":2,\"name\":\"Kuty\u00e1ink\",\"item\":\"https:\/\/morgerton.hu\/?page_id=80\"},{\"@type\":\"ListItem\",\"position\":3,\"name\":\"Veter\u00e1nok\"}]},{\"@type\":\"WebSite\",\"@id\":\"https:\/\/morgerton.hu\/hu\/#website\",\"url\":\"https:\/\/morgerton.hu\/hu\/\",\"name\":\"Morgerton Welsh Corgi Pembroke Kennel\",\"description\":\"Welsh Corgi Pembroke Kennel\",\"publisher\":{\"@id\":\"https:\/\/morgerton.hu\/hu\/#organization\"},\"potentialAction\":[{\"@type\":\"SearchAction\",\"target\":{\"@type\":\"EntryPoint\",\"urlTemplate\":\"https:\/\/morgerton.hu\/hu\/?s={search_term_string}\"},\"query-input\":{\"@type\":\"PropertyValueSpecification\",\"valueRequired\":true,\"valueName\":\"search_term_string\"}}],\"inLanguage\":\"en-US\"},{\"@type\":\"Organization\",\"@id\":\"https:\/\/morgerton.hu\/hu\/#organization\",\"name\":\"Morgerton Welsh Corgi Pembroke Kennel\",\"url\":\"https:\/\/morgerton.hu\/hu\/\",\"logo\":{\"@type\":\"ImageObject\",\"inLanguage\":\"en-US\",\"@id\":\"https:\/\/morgerton.hu\/hu\/#\/schema\/logo\/image\/\",\"url\":\"https:\/\/morgerton.hu\/wp-content\/uploads\/2020\/02\/cropped-Logo-v\u00e9gleges-Jav\u00edtott-scaled-2.jpg\",\"contentUrl\":\"https:\/\/morgerton.hu\/wp-content\/uploads\/2020\/02\/cropped-Logo-v\u00e9gleges-Jav\u00edtott-scaled-2.jpg\",\"width\":2227,\"height\":760,\"caption\":\"Morgerton Welsh Corgi Pembroke Kennel\"},\"image\":{\"@id\":\"https:\/\/morgerton.hu\/hu\/#\/schema\/logo\/image\/\"},\"sameAs\":[\"http:\/\/facebook.com\/morgertoncorgis\",\"https:\/\/www.instagram.com\/morgertoncorgis\/\"]}]}<\/script>\n<!-- \/ Yoast SEO plugin. -->","yoast_head_json":{"title":"Veter\u00e1nok - Morgerton Welsh Corgi Pembroke Kennel","description":"A Morgerton Welsh Corgi Pembroke Kennelben megtal\u00e1lhat\u00f3 szuk\u00e1k. A szuk\u00e1k j\u00f3 v\u00e9rvonalb\u00f3l sz\u00e1rmaznak, kimagasl\u00f3 eg\u00e9szs\u00e9g\u00fcgyi sz\u0171r\u00e9ssekkel rendelkeznek.","robots":{"index":"index","follow":"follow","max-snippet":"max-snippet:-1","max-image-preview":"max-image-preview:large","max-video-preview":"max-video-preview:-1"},"canonical":"https:\/\/morgerton.hu\/en\/our-dogs\/veterans\/","og_locale":"en_US","og_type":"article","og_title":"Veter\u00e1nok - Morgerton Welsh Corgi Pembroke Kennel","og_description":"A Morgerton Welsh Corgi Pembroke Kennelben megtal\u00e1lhat\u00f3 szuk\u00e1k. A szuk\u00e1k j\u00f3 v\u00e9rvonalb\u00f3l sz\u00e1rmaznak, kimagasl\u00f3 eg\u00e9szs\u00e9g\u00fcgyi sz\u0171r\u00e9ssekkel rendelkeznek.","og_url":"https:\/\/morgerton.hu\/en\/our-dogs\/veterans\/","og_site_name":"Morgerton Welsh Corgi Pembroke Kennel","article_publisher":"http:\/\/facebook.com\/morgertoncorgis","twitter_card":"summary_large_image","twitter_misc":{"Est. reading time":"1 minute"},"schema":{"@context":"https:\/\/schema.org","@graph":[{"@type":"WebPage","@id":"https:\/\/morgerton.hu\/our-dogs\/veterans\/","url":"https:\/\/morgerton.hu\/our-dogs\/veterans\/","name":"Veter\u00e1nok - Morgerton Welsh Corgi Pembroke Kennel","isPartOf":{"@id":"https:\/\/morgerton.hu\/hu\/#website"},"datePublished":"2023-01-07T13:59:03+00:00","description":"A Morgerton Welsh Corgi Pembroke Kennelben megtal\u00e1lhat\u00f3 szuk\u00e1k. A szuk\u00e1k j\u00f3 v\u00e9rvonalb\u00f3l sz\u00e1rmaznak, kimagasl\u00f3 eg\u00e9szs\u00e9g\u00fcgyi sz\u0171r\u00e9ssekkel rendelkeznek.","breadcrumb":{"@id":"https:\/\/morgerton.hu\/our-dogs\/veterans\/#breadcrumb"},"inLanguage":"en-US","potentialAction":[{"@type":"ReadAction","target":["https:\/\/morgerton.hu\/our-dogs\/veterans\/"]}]},{"@type":"BreadcrumbList","@id":"https:\/\/morgerton.hu\/our-dogs\/veterans\/#breadcrumb","itemListElement":[{"@type":"ListItem","position":1,"name":"Home","item":"https:\/\/morgerton.hu\/"},{"@type":"ListItem","position":2,"name":"Kuty\u00e1ink","item":"https:\/\/morgerton.hu\/?page_id=80"},{"@type":"ListItem","position":3,"name":"Veter\u00e1nok"}]},{"@type":"WebSite","@id":"https:\/\/morgerton.hu\/hu\/#website","url":"https:\/\/morgerton.hu\/hu\/","name":"Morgerton Welsh Corgi Pembroke Kennel","description":"Welsh Corgi Pembroke Kennel","publisher":{"@id":"https:\/\/morgerton.hu\/hu\/#organization"},"potentialAction":[{"@type":"SearchAction","target":{"@type":"EntryPoint","urlTemplate":"https:\/\/morgerton.hu\/hu\/?s={search_term_string}"},"query-input":{"@type":"PropertyValueSpecification","valueRequired":true,"valueName":"search_term_string"}}],"inLanguage":"en-US"},{"@type":"Organization","@id":"https:\/\/morgerton.hu\/hu\/#organization","name":"Morgerton Welsh Corgi Pembroke Kennel","url":"https:\/\/morgerton.hu\/hu\/","logo":{"@type":"ImageObject","inLanguage":"en-US","@id":"https:\/\/morgerton.hu\/hu\/#\/schema\/logo\/image\/","url":"https:\/\/morgerton.hu\/wp-content\/uploads\/2020\/02\/cropped-Logo-v\u00e9gleges-Jav\u00edtott-scaled-2.jpg","contentUrl":"https:\/\/morgerton.hu\/wp-content\/uploads\/2020\/02\/cropped-Logo-v\u00e9gleges-Jav\u00edtott-scaled-2.jpg","width":2227,"height":760,"caption":"Morgerton Welsh Corgi Pembroke Kennel"},"image":{"@id":"https:\/\/morgerton.hu\/hu\/#\/schema\/logo\/image\/"},"sameAs":["http:\/\/facebook.com\/morgertoncorgis","https:\/\/www.instagram.com\/morgertoncorgis\/"]}]}},"_links":{"self":[{"href":"http:\/\/morgerton.hu\/en\/wp-json\/wp\/v2\/pages\/2299","targetHints":{"allow":["GET"]}}],"collection":[{"href":"http:\/\/morgerton.hu\/en\/wp-json\/wp\/v2\/pages"}],"about":[{"href":"http:\/\/morgerton.hu\/en\/wp-json\/wp\/v2\/types\/page"}],"author":[{"embeddable":true,"href":"http:\/\/morgerton.hu\/en\/wp-json\/wp\/v2\/users\/1"}],"replies":[{"embeddable":true,"href":"http:\/\/morgerton.hu\/en\/wp-json\/wp\/v2\/comments?post=2299"}],"version-history":[{"count":1,"href":"http:\/\/morgerton.hu\/en\/wp-json\/wp\/v2\/pages\/2299\/revisions"}],"predecessor-version":[{"id":2300,"href":"http:\/\/morgerton.hu\/en\/wp-json\/wp\/v2\/pages\/2299\/revisions\/2300"}],"up":[{"embeddable":true,"href":"http:\/\/morgerton.hu\/en\/wp-json\/wp\/v2\/pages\/80"}],"wp:attachment":[{"href":"http:\/\/morgerton.hu\/en\/wp-json\/wp\/v2\/media?parent=2299"}],"curies":[{"name":"wp","href":"https:\/\/api.w.org\/{rel}","templated":true}]}}