{"id":2217,"date":"2022-08-17T18:41:28","date_gmt":"2022-08-17T18:41:28","guid":{"rendered":"https:\/\/morgerton.hu\/?page_id=2217"},"modified":"2022-08-17T18:59:41","modified_gmt":"2022-08-17T18:59:41","slug":"black-alom","status":"publish","type":"page","link":"http:\/\/morgerton.hu\/en\/our-dogs\/litters\/black-alom\/","title":{"rendered":"Black Alom"},"content":{"rendered":"<div class=\"wp-block-image\">\n<figure class=\"aligncenter size-large is-resized\"><img loading=\"lazy\" decoding=\"async\" src=\"https:\/\/morgerton.hu\/wp-content\/uploads\/2022\/08\/Litter-Black-Born-To-Be-Your-Heston-Blumenthal-Chef-at-Morgerton-vs-Mandala-Morgerton-819x1024.jpg\" alt=\"Litter Black - Born To Be Your Heston Blumenthal Chef at Morgerton vs Mandala Morgerton\" class=\"wp-image-2218\" width=\"614\" height=\"768\" srcset=\"https:\/\/morgerton.hu\/wp-content\/uploads\/2022\/08\/Litter-Black-Born-To-Be-Your-Heston-Blumenthal-Chef-at-Morgerton-vs-Mandala-Morgerton-819x1024.jpg 819w, https:\/\/morgerton.hu\/wp-content\/uploads\/2022\/08\/Litter-Black-Born-To-Be-Your-Heston-Blumenthal-Chef-at-Morgerton-vs-Mandala-Morgerton-240x300.jpg 240w, https:\/\/morgerton.hu\/wp-content\/uploads\/2022\/08\/Litter-Black-Born-To-Be-Your-Heston-Blumenthal-Chef-at-Morgerton-vs-Mandala-Morgerton-768x960.jpg 768w, https:\/\/morgerton.hu\/wp-content\/uploads\/2022\/08\/Litter-Black-Born-To-Be-Your-Heston-Blumenthal-Chef-at-Morgerton-vs-Mandala-Morgerton-1229x1536.jpg 1229w, https:\/\/morgerton.hu\/wp-content\/uploads\/2022\/08\/Litter-Black-Born-To-Be-Your-Heston-Blumenthal-Chef-at-Morgerton-vs-Mandala-Morgerton-10x12.jpg 10w, https:\/\/morgerton.hu\/wp-content\/uploads\/2022\/08\/Litter-Black-Born-To-Be-Your-Heston-Blumenthal-Chef-at-Morgerton-vs-Mandala-Morgerton.jpg 1638w\" sizes=\"auto, (max-width: 614px) 100vw, 614px\" \/><\/figure>\n<\/div>\n\n<div  class=\"grids-section grids-is-advanced\" style=\"--_gs-gap-desktop:0px 0px;--_gs-m-desktop:0 0 0 0;--_gs-p-desktop:0 0 0 0;--_gs-bg-desktop:transparent none;--_gs-bg-xp-desktop:0px;--_gs-zi-desktop:auto;--_gs-d-desktop:block;--_gs-mw-desktop:calc(100% - 0 - 0);--_gs-gap-tablet:0px 0px;--_gs-m-tablet:0 0 0 0;--_gs-p-tablet:0 0 0 0;--_gs-bg-tablet:transparent none;--_gs-bg-xp-tablet:0px;--_gs-zi-tablet:auto;--_gs-d-tablet:block;--_gs-mw-tablet:calc(100% - 0 - 0);--_gs-gap-mobile:0px 0px;--_gs-m-mobile:0 0 0 0;--_gs-p-mobile:0 0 0 0;--_gs-bg-mobile:transparent none;--_gs-bg-xp-mobile:0px;--_gs-zi-mobile:auto;--_gs-d-mobile:block;--_gs-mw-mobile:calc(100% - 0 - 0);--_gs-columns:12;--_gs-rows:6\"><div class=\"grids-s-w_i\">\n<div class=\"grids-area\" style=\"--_ga-column:2\/7;--_ga-row:1\/4;--_ga-m-desktop:5px 5px 5px 5px;--_ga-p-desktop:0 0 0 0;--_ga-bg-desktop:transparent none;--_ga-zi-desktop:auto;--_ga-d-desktop:flex;--_ga-mw-desktop:calc(100% - 5px - 5px);--_ga-m-tablet:5px 5px 5px 5px;--_ga-p-tablet:0 0 0 0;--_ga-bg-tablet:transparent none;--_ga-zi-tablet:auto;--_ga-d-tablet:flex;--_ga-mw-tablet:calc(100% - 5px - 5px);--_ga-m-mobile:5px 5px 5px 5px;--_ga-p-mobile:0 0 0 0;--_ga-bg-mobile:transparent none;--_ga-zi-mobile:auto;--_ga-d-mobile:flex;--_ga-mw-mobile:calc(100% - 5px - 5px)\">\n\n<div class=\"wp-block-group\"><div class=\"wp-block-group__inner-container is-layout-flow wp-block-group-is-layout-flow\">\n<h2 class=\"has-text-align-center wp-block-heading\"><a href=\"\/en\/our-dogs\/females\/mandala-morgerton\/\">Mandala Morgerton<\/a><\/h2>\n\n\n<div class=\"wp-block-image is-style-default\">\n<figure class=\"aligncenter size-large is-resized\"><a href=\"\/en\/our-dogs\/females\/mandala-morgerton\/\"><img loading=\"lazy\" decoding=\"async\" src=\"https:\/\/morgerton.hu\/wp-content\/uploads\/2021\/08\/Mandala-Morgerton-15-months-old-683x1024.jpg\" alt=\"Mandala Morgerton 15 months old\" class=\"wp-image-2036\" width=\"512\" height=\"768\" srcset=\"https:\/\/morgerton.hu\/wp-content\/uploads\/2021\/08\/Mandala-Morgerton-15-months-old-683x1024.jpg 683w, https:\/\/morgerton.hu\/wp-content\/uploads\/2021\/08\/Mandala-Morgerton-15-months-old-200x300.jpg 200w, https:\/\/morgerton.hu\/wp-content\/uploads\/2021\/08\/Mandala-Morgerton-15-months-old-768x1152.jpg 768w, https:\/\/morgerton.hu\/wp-content\/uploads\/2021\/08\/Mandala-Morgerton-15-months-old-1024x1536.jpg 1024w, https:\/\/morgerton.hu\/wp-content\/uploads\/2021\/08\/Mandala-Morgerton-15-months-old-8x12.jpg 8w, https:\/\/morgerton.hu\/wp-content\/uploads\/2021\/08\/Mandala-Morgerton-15-months-old.jpg 1080w\" sizes=\"auto, (max-width: 512px) 100vw, 512px\" \/><\/a><\/figure>\n<\/div><\/div><\/div>\n\n\n\n<p style=\"text-align: center;\">CEA\/PRA\/RD\/KAT\/PHTVL\/PHPV free, DM, PRA, EIC, Fluffy &#8211; Clear, vWD1 &#8211; Carrier<\/p>\n\n<\/div>\n\n<div class=\"grids-area\" style=\"--_ga-column:7\/12;--_ga-row:1\/4;--_ga-m-desktop:5px 5px 5px 5px;--_ga-p-desktop:0 0 0 0;--_ga-bg-desktop:transparent none;--_ga-zi-desktop:auto;--_ga-d-desktop:flex;--_ga-mw-desktop:calc(100% - 5px - 5px);--_ga-m-tablet:5px 5px 5px 5px;--_ga-p-tablet:0 0 0 0;--_ga-bg-tablet:transparent none;--_ga-zi-tablet:auto;--_ga-d-tablet:flex;--_ga-mw-tablet:calc(100% - 5px - 5px);--_ga-m-mobile:5px 5px 5px 5px;--_ga-p-mobile:0 0 0 0;--_ga-bg-mobile:transparent none;--_ga-zi-mobile:auto;--_ga-d-mobile:flex;--_ga-mw-mobile:calc(100% - 5px - 5px)\">\n\n<h2 class=\"has-text-align-center wp-block-heading\"><a href=\"\/en\/our-dogs\/males\/born-to-be-your-heston-blumenthal-chef-at-morgerton\/\">Born To Be Your Heston Blumenthal Chef at Morgerton &#8211; Echo<\/a><\/h2>\n\n\n<div class=\"wp-block-image is-style-default\">\n<figure class=\"aligncenter size-large is-resized\"><a href=\"\/en\/our-dogs\/males\/born-to-be-your-heston-blumenthal-chef-at-morgerton\/\" target=\"_blank\" rel=\"noopener\"><img loading=\"lazy\" decoding=\"async\" src=\"https:\/\/morgerton.hu\/wp-content\/uploads\/2021\/08\/Born-To-Be-Your-Heston-Blumenthal-Chef-at-Morgerton-\u2013-Echo-19-months-old-683x1024.jpg\" alt=\"Born To Be Your Heston Blumenthal Chef at Morgerton \u2013 Echo 19 months old\" class=\"wp-image-2031\" width=\"512\" height=\"768\" srcset=\"https:\/\/morgerton.hu\/wp-content\/uploads\/2021\/08\/Born-To-Be-Your-Heston-Blumenthal-Chef-at-Morgerton-\u2013-Echo-19-months-old-683x1024.jpg 683w, https:\/\/morgerton.hu\/wp-content\/uploads\/2021\/08\/Born-To-Be-Your-Heston-Blumenthal-Chef-at-Morgerton-\u2013-Echo-19-months-old-200x300.jpg 200w, https:\/\/morgerton.hu\/wp-content\/uploads\/2021\/08\/Born-To-Be-Your-Heston-Blumenthal-Chef-at-Morgerton-\u2013-Echo-19-months-old-768x1152.jpg 768w, https:\/\/morgerton.hu\/wp-content\/uploads\/2021\/08\/Born-To-Be-Your-Heston-Blumenthal-Chef-at-Morgerton-\u2013-Echo-19-months-old-1024x1536.jpg 1024w, https:\/\/morgerton.hu\/wp-content\/uploads\/2021\/08\/Born-To-Be-Your-Heston-Blumenthal-Chef-at-Morgerton-\u2013-Echo-19-months-old-8x12.jpg 8w, https:\/\/morgerton.hu\/wp-content\/uploads\/2021\/08\/Born-To-Be-Your-Heston-Blumenthal-Chef-at-Morgerton-\u2013-Echo-19-months-old.jpg 1080w\" sizes=\"auto, (max-width: 512px) 100vw, 512px\" \/><\/a><\/figure>\n<\/div>\n\n\n<p style=\"text-align: center;\">CEA\/PRA\/RD\/KAT\/PHTVL\/PHPV free, DM, PRA, EIC, Fluffy &#8211; Clear, vWD1 &#8211; Carrier<\/p>\n\n<\/div>\n\n<div class=\"grids-area\" style=\"--_ga-column:2\/12;--_ga-row:4\/7;--_ga-m-desktop:5px 5px 5px 5px;--_ga-p-desktop:0 0 0 0;--_ga-bg-desktop:transparent none;--_ga-zi-desktop:auto;--_ga-d-desktop:flex;--_ga-mw-desktop:calc(100% - 5px - 5px);--_ga-m-tablet:5px 5px 5px 5px;--_ga-p-tablet:0 0 0 0;--_ga-bg-tablet:transparent none;--_ga-zi-tablet:auto;--_ga-d-tablet:flex;--_ga-mw-tablet:calc(100% - 5px - 5px);--_ga-m-mobile:5px 5px 5px 5px;--_ga-p-mobile:0 0 0 0;--_ga-bg-mobile:transparent none;--_ga-zi-mobile:auto;--_ga-d-mobile:flex;--_ga-mw-mobile:calc(100% - 5px - 5px)\">\n\n<p class=\"has-medium-font-size\">A kicsik j\u00falius 26-\u00e1n megsz\u00fclettek 5 fi\u00fa \u00e9s 5 l\u00e1ny szem\u00e9ly\u00e9ben.<\/p>\n\n\n\n<div class=\"wp-block-ftg-gallery\"><!-- Final Tiles Grid Gallery for WordPress v3.6.9 free --><style>#ftg-1616 .tile .icon { color:#ffffff; }#ftg-1616 .ftg-items .loading-bar i { background:#666; }#ftg-1616 .ftg-items .loading-bar { background:#fff; }#ftg-1616 .tile .icon { font-size:12px; }#ftg-1616 .tile .icon { margin: -6px 0 0 -6px; }#ftg-1616 .tile .caption-block .text-wrapper span.text { font-size:12px; }#ftg-1616 .tile .caption-outside .text-wrapper span.text { font-size:12px; }#ftg-1616 .tile .caption-block .text-wrapper span.title { font-size:14px; }#ftg-1616 .tile .caption-outside .text-wrapper span.title { font-size:14px; }#ftg-1616 .tile { background-color: transparent; }#ftg-1616 .tile .caption-block .text-wrapper span.text { color: #ffffff; }#ftg-1616 .tile .caption-block .text-wrapper span.title { color: #ffffff; }#ftg-1616 .tile .caption-outside .text-wrapper span.text { color: #ffffff; }#ftg-1616 .tile .caption-outside .text-wrapper span.title { color: #ffffff; }#ftg-1616 .tile .ftg-social a { color: #ffffff; }#ftg-1616 .tile .caption-block { transition-duration:0.25s; }#ftg-1616 .tile .tile-inner:before { background-color: #000000; }#ftg-1616 .tile .tile-inner:before { background-color: rgba(0, 0, 0, 0.8); }#ftg-1616 .tile:hover img {-moz-transform: -moz-rotate(0deg) -moz-scale(0) ;-webkit-transform: -webkit-rotate(0deg) -webkit-scale(0) ;-o-transform: -o-rotate(0deg) -o-scale(0) ;-ms-transform: -ms-rotate(0deg) -ms-scale(0) ;transform: rotate(0deg) scale(0) ;}<\/style><a name=\"16\"><\/a><div class=\"final-tiles-gallery social-icons-bottom social-icons-none ftg-hover-enabled caption-inside  caption-none caption-middle caption-center\" id=\"ftg-1616\" style=\"width: 100%\"><div class='ftg-items'><div class='loading-bar'><i><\/i><\/div><div  class='tile ftg-preload'><a title=\"\" data-lightbox='ftg-1616' rel='ftg-1616'  class='tile-inner  ftg-lightbox' href='https:\/\/morgerton.hu\/wp-content\/uploads\/2022\/08\/Litter-Black-00003-1024x683.jpg' ><img alt='' class='item skip-lazy' data-class='item' data-ftg-source='https:\/\/morgerton.hu\/wp-content\/uploads\/2022\/08\/Litter-Black-00003-1024x683.jpg' src='https:\/\/morgerton.hu\/wp-content\/uploads\/2022\/08\/Litter-Black-00003-1024x683.jpg' width='843' height='562' \/><\/a><div class='ftg-social'><a href='#' data-social='facebook' class='ftg-facebook'><i class='fa fa-facebook'><\/i><\/a><\/div><\/div><div  class='tile ftg-preload'><a title=\"\" data-lightbox='ftg-1616' rel='ftg-1616'  class='tile-inner  ftg-lightbox' href='https:\/\/morgerton.hu\/wp-content\/uploads\/2022\/08\/Litter-Black-00002-1024x683.jpg' ><img alt='' class='item skip-lazy' data-class='item' data-ftg-source='https:\/\/morgerton.hu\/wp-content\/uploads\/2022\/08\/Litter-Black-00002-1024x683.jpg' src='https:\/\/morgerton.hu\/wp-content\/uploads\/2022\/08\/Litter-Black-00002-1024x683.jpg' width='843' height='562' \/><\/a><div class='ftg-social'><a href='#' data-social='facebook' class='ftg-facebook'><i class='fa fa-facebook'><\/i><\/a><\/div><\/div><div  class='tile ftg-preload'><a title=\"\" data-lightbox='ftg-1616' rel='ftg-1616'  class='tile-inner  ftg-lightbox' href='https:\/\/morgerton.hu\/wp-content\/uploads\/2022\/08\/Litter-Black-00001-1024x683.jpg' ><img alt='' class='item skip-lazy' data-class='item' data-ftg-source='https:\/\/morgerton.hu\/wp-content\/uploads\/2022\/08\/Litter-Black-00001-1024x683.jpg' src='https:\/\/morgerton.hu\/wp-content\/uploads\/2022\/08\/Litter-Black-00001-1024x683.jpg' width='843' height='562' \/><\/a><div class='ftg-social'><a href='#' data-social='facebook' class='ftg-facebook'><i class='fa fa-facebook'><\/i><\/a><\/div><\/div><div  class='tile ftg-preload'><a title=\"\" data-lightbox='ftg-1616' rel='ftg-1616'  class='tile-inner  ftg-lightbox' href='https:\/\/morgerton.hu\/wp-content\/uploads\/2022\/08\/Litter-Black-00010-1024x683.jpg' ><img alt='' class='item skip-lazy' data-class='item' data-ftg-source='https:\/\/morgerton.hu\/wp-content\/uploads\/2022\/08\/Litter-Black-00010-1024x683.jpg' src='https:\/\/morgerton.hu\/wp-content\/uploads\/2022\/08\/Litter-Black-00010-1024x683.jpg' width='843' height='562' \/><\/a><div class='ftg-social'><a href='#' data-social='facebook' class='ftg-facebook'><i class='fa fa-facebook'><\/i><\/a><\/div><\/div><div  class='tile ftg-preload'><a title=\"\" data-lightbox='ftg-1616' rel='ftg-1616'  class='tile-inner  ftg-lightbox' href='https:\/\/morgerton.hu\/wp-content\/uploads\/2022\/08\/Litter-Black-00009-1024x683.jpg' ><img alt='' class='item skip-lazy' data-class='item' data-ftg-source='https:\/\/morgerton.hu\/wp-content\/uploads\/2022\/08\/Litter-Black-00009-1024x683.jpg' src='https:\/\/morgerton.hu\/wp-content\/uploads\/2022\/08\/Litter-Black-00009-1024x683.jpg' width='843' height='562' \/><\/a><div class='ftg-social'><a href='#' data-social='facebook' class='ftg-facebook'><i class='fa fa-facebook'><\/i><\/a><\/div><\/div><div  class='tile ftg-preload'><a title=\"\" data-lightbox='ftg-1616' rel='ftg-1616'  class='tile-inner  ftg-lightbox' href='https:\/\/morgerton.hu\/wp-content\/uploads\/2022\/08\/Litter-Black-00008-1024x683.jpg' ><img alt='' class='item skip-lazy' data-class='item' data-ftg-source='https:\/\/morgerton.hu\/wp-content\/uploads\/2022\/08\/Litter-Black-00008-1024x683.jpg' src='https:\/\/morgerton.hu\/wp-content\/uploads\/2022\/08\/Litter-Black-00008-1024x683.jpg' width='843' height='562' \/><\/a><div class='ftg-social'><a href='#' data-social='facebook' class='ftg-facebook'><i class='fa fa-facebook'><\/i><\/a><\/div><\/div><div  class='tile ftg-preload'><a title=\"\" data-lightbox='ftg-1616' rel='ftg-1616'  class='tile-inner  ftg-lightbox' href='https:\/\/morgerton.hu\/wp-content\/uploads\/2022\/08\/Litter-Black-00007-1024x683.jpg' ><img alt='' class='item skip-lazy' data-class='item' data-ftg-source='https:\/\/morgerton.hu\/wp-content\/uploads\/2022\/08\/Litter-Black-00007-1024x683.jpg' src='https:\/\/morgerton.hu\/wp-content\/uploads\/2022\/08\/Litter-Black-00007-1024x683.jpg' width='843' height='562' \/><\/a><div class='ftg-social'><a href='#' data-social='facebook' class='ftg-facebook'><i class='fa fa-facebook'><\/i><\/a><\/div><\/div><div  class='tile ftg-preload'><a title=\"\" data-lightbox='ftg-1616' rel='ftg-1616'  class='tile-inner  ftg-lightbox' href='https:\/\/morgerton.hu\/wp-content\/uploads\/2022\/08\/Litter-Black-00006-1024x683.jpg' ><img alt='' class='item skip-lazy' data-class='item' data-ftg-source='https:\/\/morgerton.hu\/wp-content\/uploads\/2022\/08\/Litter-Black-00006-1024x683.jpg' src='https:\/\/morgerton.hu\/wp-content\/uploads\/2022\/08\/Litter-Black-00006-1024x683.jpg' width='843' height='562' \/><\/a><div class='ftg-social'><a href='#' data-social='facebook' class='ftg-facebook'><i class='fa fa-facebook'><\/i><\/a><\/div><\/div><div  class='tile ftg-preload'><a title=\"\" data-lightbox='ftg-1616' rel='ftg-1616'  class='tile-inner  ftg-lightbox' href='https:\/\/morgerton.hu\/wp-content\/uploads\/2022\/08\/Litter-Black-00005-1024x683.jpg' ><img alt='' class='item skip-lazy' data-class='item' data-ftg-source='https:\/\/morgerton.hu\/wp-content\/uploads\/2022\/08\/Litter-Black-00005-1024x683.jpg' src='https:\/\/morgerton.hu\/wp-content\/uploads\/2022\/08\/Litter-Black-00005-1024x683.jpg' width='843' height='562' \/><\/a><div class='ftg-social'><a href='#' data-social='facebook' class='ftg-facebook'><i class='fa fa-facebook'><\/i><\/a><\/div><\/div><div  class='tile ftg-preload'><a title=\"\" data-lightbox='ftg-1616' rel='ftg-1616'  class='tile-inner  ftg-lightbox' href='https:\/\/morgerton.hu\/wp-content\/uploads\/2022\/08\/Litter-Black-00004-1024x683.jpg' ><img alt='' class='item skip-lazy' data-class='item' data-ftg-source='https:\/\/morgerton.hu\/wp-content\/uploads\/2022\/08\/Litter-Black-00004-1024x683.jpg' src='https:\/\/morgerton.hu\/wp-content\/uploads\/2022\/08\/Litter-Black-00004-1024x683.jpg' width='843' height='562' \/><\/a><div class='ftg-social'><a href='#' data-social='facebook' class='ftg-facebook'><i class='fa fa-facebook'><\/i><\/a><\/div><\/div><\/div><\/div><\/div>\n\n<\/div>\n<\/div><\/div>","protected":false},"excerpt":{"rendered":"","protected":false},"author":1,"featured_media":0,"parent":749,"menu_order":0,"comment_status":"closed","ping_status":"closed","template":"","meta":{"_monsterinsights_skip_tracking":false,"_monsterinsights_sitenote_active":false,"_monsterinsights_sitenote_note":"","_monsterinsights_sitenote_category":0,"footnotes":""},"class_list":["post-2217","page","type-page","status-publish","hentry"],"yoast_head":"<!-- This site is optimized with the Yoast SEO plugin v26.6 - https:\/\/yoast.com\/wordpress\/plugins\/seo\/ -->\n<title>Black Alom - Morgerton Welsh Corgi Pembroke Kennel<\/title>\n<meta name=\"description\" content=\"Who&#039;s That Chick Morgerton, Who Do You Think You Are Morgerton, Who Am I Living For Morgerton, Who&#039;s Laughing Now Morgerton\" \/>\n<meta name=\"robots\" content=\"index, follow, max-snippet:-1, max-image-preview:large, max-video-preview:-1\" \/>\n<link rel=\"canonical\" href=\"https:\/\/morgerton.hu\/en\/our-dogs\/litters\/black-alom\/\" \/>\n<meta property=\"og:locale\" content=\"en_US\" \/>\n<meta property=\"og:type\" content=\"article\" \/>\n<meta property=\"og:title\" content=\"Black Alom - Morgerton Welsh Corgi Pembroke Kennel\" \/>\n<meta property=\"og:description\" content=\"Who&#039;s That Chick Morgerton, Who Do You Think You Are Morgerton, Who Am I Living For Morgerton, Who&#039;s Laughing Now Morgerton\" \/>\n<meta property=\"og:url\" content=\"https:\/\/morgerton.hu\/en\/our-dogs\/litters\/black-alom\/\" \/>\n<meta property=\"og:site_name\" content=\"Morgerton Welsh Corgi Pembroke Kennel\" \/>\n<meta property=\"article:publisher\" content=\"http:\/\/facebook.com\/morgertoncorgis\" \/>\n<meta property=\"article:modified_time\" content=\"2022-08-17T18:59:41+00:00\" \/>\n<meta property=\"og:image\" content=\"https:\/\/morgerton.hu\/wp-content\/uploads\/2022\/08\/Litter-Black-Born-To-Be-Your-Heston-Blumenthal-Chef-at-Morgerton-vs-Mandala-Morgerton-819x1024.jpg\" \/>\n<meta name=\"twitter:card\" content=\"summary_large_image\" \/>\n<meta name=\"twitter:label1\" content=\"Est. reading time\" \/>\n\t<meta name=\"twitter:data1\" content=\"1 minute\" \/>\n<script type=\"application\/ld+json\" class=\"yoast-schema-graph\">{\"@context\":\"https:\/\/schema.org\",\"@graph\":[{\"@type\":\"WebPage\",\"@id\":\"https:\/\/morgerton.hu\/our-dogs\/litters\/black-alom\/\",\"url\":\"https:\/\/morgerton.hu\/our-dogs\/litters\/black-alom\/\",\"name\":\"Black Alom - Morgerton Welsh Corgi Pembroke Kennel\",\"isPartOf\":{\"@id\":\"https:\/\/morgerton.hu\/hu\/#website\"},\"primaryImageOfPage\":{\"@id\":\"https:\/\/morgerton.hu\/our-dogs\/litters\/black-alom\/#primaryimage\"},\"image\":{\"@id\":\"https:\/\/morgerton.hu\/our-dogs\/litters\/black-alom\/#primaryimage\"},\"thumbnailUrl\":\"https:\/\/morgerton.hu\/wp-content\/uploads\/2022\/08\/Litter-Black-Born-To-Be-Your-Heston-Blumenthal-Chef-at-Morgerton-vs-Mandala-Morgerton-819x1024.jpg\",\"datePublished\":\"2022-08-17T18:41:28+00:00\",\"dateModified\":\"2022-08-17T18:59:41+00:00\",\"description\":\"Who's That Chick Morgerton, Who Do You Think You Are Morgerton, Who Am I Living For Morgerton, Who's Laughing Now Morgerton\",\"breadcrumb\":{\"@id\":\"https:\/\/morgerton.hu\/our-dogs\/litters\/black-alom\/#breadcrumb\"},\"inLanguage\":\"en-US\",\"potentialAction\":[{\"@type\":\"ReadAction\",\"target\":[\"https:\/\/morgerton.hu\/our-dogs\/litters\/black-alom\/\"]}]},{\"@type\":\"ImageObject\",\"inLanguage\":\"en-US\",\"@id\":\"https:\/\/morgerton.hu\/our-dogs\/litters\/black-alom\/#primaryimage\",\"url\":\"https:\/\/morgerton.hu\/wp-content\/uploads\/2022\/08\/Litter-Black-Born-To-Be-Your-Heston-Blumenthal-Chef-at-Morgerton-vs-Mandala-Morgerton-819x1024.jpg\",\"contentUrl\":\"https:\/\/morgerton.hu\/wp-content\/uploads\/2022\/08\/Litter-Black-Born-To-Be-Your-Heston-Blumenthal-Chef-at-Morgerton-vs-Mandala-Morgerton-819x1024.jpg\"},{\"@type\":\"BreadcrumbList\",\"@id\":\"https:\/\/morgerton.hu\/our-dogs\/litters\/black-alom\/#breadcrumb\",\"itemListElement\":[{\"@type\":\"ListItem\",\"position\":1,\"name\":\"Home\",\"item\":\"https:\/\/morgerton.hu\/\"},{\"@type\":\"ListItem\",\"position\":2,\"name\":\"Kuty\u00e1ink\",\"item\":\"https:\/\/morgerton.hu\/?page_id=80\"},{\"@type\":\"ListItem\",\"position\":3,\"name\":\"Almok\",\"item\":\"https:\/\/morgerton.hu\/our-dogs\/litters\/\"},{\"@type\":\"ListItem\",\"position\":4,\"name\":\"Black Alom\"}]},{\"@type\":\"WebSite\",\"@id\":\"https:\/\/morgerton.hu\/hu\/#website\",\"url\":\"https:\/\/morgerton.hu\/hu\/\",\"name\":\"Morgerton Welsh Corgi Pembroke Kennel\",\"description\":\"Welsh Corgi Pembroke Kennel\",\"publisher\":{\"@id\":\"https:\/\/morgerton.hu\/hu\/#organization\"},\"potentialAction\":[{\"@type\":\"SearchAction\",\"target\":{\"@type\":\"EntryPoint\",\"urlTemplate\":\"https:\/\/morgerton.hu\/hu\/?s={search_term_string}\"},\"query-input\":{\"@type\":\"PropertyValueSpecification\",\"valueRequired\":true,\"valueName\":\"search_term_string\"}}],\"inLanguage\":\"en-US\"},{\"@type\":\"Organization\",\"@id\":\"https:\/\/morgerton.hu\/hu\/#organization\",\"name\":\"Morgerton Welsh Corgi Pembroke Kennel\",\"url\":\"https:\/\/morgerton.hu\/hu\/\",\"logo\":{\"@type\":\"ImageObject\",\"inLanguage\":\"en-US\",\"@id\":\"https:\/\/morgerton.hu\/hu\/#\/schema\/logo\/image\/\",\"url\":\"https:\/\/morgerton.hu\/wp-content\/uploads\/2020\/02\/cropped-Logo-v\u00e9gleges-Jav\u00edtott-scaled-2.jpg\",\"contentUrl\":\"https:\/\/morgerton.hu\/wp-content\/uploads\/2020\/02\/cropped-Logo-v\u00e9gleges-Jav\u00edtott-scaled-2.jpg\",\"width\":2227,\"height\":760,\"caption\":\"Morgerton Welsh Corgi Pembroke Kennel\"},\"image\":{\"@id\":\"https:\/\/morgerton.hu\/hu\/#\/schema\/logo\/image\/\"},\"sameAs\":[\"http:\/\/facebook.com\/morgertoncorgis\",\"https:\/\/www.instagram.com\/morgertoncorgis\/\"]}]}<\/script>\n<!-- \/ Yoast SEO plugin. -->","yoast_head_json":{"title":"Black Alom - Morgerton Welsh Corgi Pembroke Kennel","description":"Who's That Chick Morgerton, Who Do You Think You Are Morgerton, Who Am I Living For Morgerton, Who's Laughing Now Morgerton","robots":{"index":"index","follow":"follow","max-snippet":"max-snippet:-1","max-image-preview":"max-image-preview:large","max-video-preview":"max-video-preview:-1"},"canonical":"https:\/\/morgerton.hu\/en\/our-dogs\/litters\/black-alom\/","og_locale":"en_US","og_type":"article","og_title":"Black Alom - Morgerton Welsh Corgi Pembroke Kennel","og_description":"Who's That Chick Morgerton, Who Do You Think You Are Morgerton, Who Am I Living For Morgerton, Who's Laughing Now Morgerton","og_url":"https:\/\/morgerton.hu\/en\/our-dogs\/litters\/black-alom\/","og_site_name":"Morgerton Welsh Corgi Pembroke Kennel","article_publisher":"http:\/\/facebook.com\/morgertoncorgis","article_modified_time":"2022-08-17T18:59:41+00:00","og_image":[{"url":"https:\/\/morgerton.hu\/wp-content\/uploads\/2022\/08\/Litter-Black-Born-To-Be-Your-Heston-Blumenthal-Chef-at-Morgerton-vs-Mandala-Morgerton-819x1024.jpg","type":"","width":"","height":""}],"twitter_card":"summary_large_image","twitter_misc":{"Est. reading time":"1 minute"},"schema":{"@context":"https:\/\/schema.org","@graph":[{"@type":"WebPage","@id":"https:\/\/morgerton.hu\/our-dogs\/litters\/black-alom\/","url":"https:\/\/morgerton.hu\/our-dogs\/litters\/black-alom\/","name":"Black Alom - Morgerton Welsh Corgi Pembroke Kennel","isPartOf":{"@id":"https:\/\/morgerton.hu\/hu\/#website"},"primaryImageOfPage":{"@id":"https:\/\/morgerton.hu\/our-dogs\/litters\/black-alom\/#primaryimage"},"image":{"@id":"https:\/\/morgerton.hu\/our-dogs\/litters\/black-alom\/#primaryimage"},"thumbnailUrl":"https:\/\/morgerton.hu\/wp-content\/uploads\/2022\/08\/Litter-Black-Born-To-Be-Your-Heston-Blumenthal-Chef-at-Morgerton-vs-Mandala-Morgerton-819x1024.jpg","datePublished":"2022-08-17T18:41:28+00:00","dateModified":"2022-08-17T18:59:41+00:00","description":"Who's That Chick Morgerton, Who Do You Think You Are Morgerton, Who Am I Living For Morgerton, Who's Laughing Now Morgerton","breadcrumb":{"@id":"https:\/\/morgerton.hu\/our-dogs\/litters\/black-alom\/#breadcrumb"},"inLanguage":"en-US","potentialAction":[{"@type":"ReadAction","target":["https:\/\/morgerton.hu\/our-dogs\/litters\/black-alom\/"]}]},{"@type":"ImageObject","inLanguage":"en-US","@id":"https:\/\/morgerton.hu\/our-dogs\/litters\/black-alom\/#primaryimage","url":"https:\/\/morgerton.hu\/wp-content\/uploads\/2022\/08\/Litter-Black-Born-To-Be-Your-Heston-Blumenthal-Chef-at-Morgerton-vs-Mandala-Morgerton-819x1024.jpg","contentUrl":"https:\/\/morgerton.hu\/wp-content\/uploads\/2022\/08\/Litter-Black-Born-To-Be-Your-Heston-Blumenthal-Chef-at-Morgerton-vs-Mandala-Morgerton-819x1024.jpg"},{"@type":"BreadcrumbList","@id":"https:\/\/morgerton.hu\/our-dogs\/litters\/black-alom\/#breadcrumb","itemListElement":[{"@type":"ListItem","position":1,"name":"Home","item":"https:\/\/morgerton.hu\/"},{"@type":"ListItem","position":2,"name":"Kuty\u00e1ink","item":"https:\/\/morgerton.hu\/?page_id=80"},{"@type":"ListItem","position":3,"name":"Almok","item":"https:\/\/morgerton.hu\/our-dogs\/litters\/"},{"@type":"ListItem","position":4,"name":"Black Alom"}]},{"@type":"WebSite","@id":"https:\/\/morgerton.hu\/hu\/#website","url":"https:\/\/morgerton.hu\/hu\/","name":"Morgerton Welsh Corgi Pembroke Kennel","description":"Welsh Corgi Pembroke Kennel","publisher":{"@id":"https:\/\/morgerton.hu\/hu\/#organization"},"potentialAction":[{"@type":"SearchAction","target":{"@type":"EntryPoint","urlTemplate":"https:\/\/morgerton.hu\/hu\/?s={search_term_string}"},"query-input":{"@type":"PropertyValueSpecification","valueRequired":true,"valueName":"search_term_string"}}],"inLanguage":"en-US"},{"@type":"Organization","@id":"https:\/\/morgerton.hu\/hu\/#organization","name":"Morgerton Welsh Corgi Pembroke Kennel","url":"https:\/\/morgerton.hu\/hu\/","logo":{"@type":"ImageObject","inLanguage":"en-US","@id":"https:\/\/morgerton.hu\/hu\/#\/schema\/logo\/image\/","url":"https:\/\/morgerton.hu\/wp-content\/uploads\/2020\/02\/cropped-Logo-v\u00e9gleges-Jav\u00edtott-scaled-2.jpg","contentUrl":"https:\/\/morgerton.hu\/wp-content\/uploads\/2020\/02\/cropped-Logo-v\u00e9gleges-Jav\u00edtott-scaled-2.jpg","width":2227,"height":760,"caption":"Morgerton Welsh Corgi Pembroke Kennel"},"image":{"@id":"https:\/\/morgerton.hu\/hu\/#\/schema\/logo\/image\/"},"sameAs":["http:\/\/facebook.com\/morgertoncorgis","https:\/\/www.instagram.com\/morgertoncorgis\/"]}]}},"_links":{"self":[{"href":"http:\/\/morgerton.hu\/en\/wp-json\/wp\/v2\/pages\/2217","targetHints":{"allow":["GET"]}}],"collection":[{"href":"http:\/\/morgerton.hu\/en\/wp-json\/wp\/v2\/pages"}],"about":[{"href":"http:\/\/morgerton.hu\/en\/wp-json\/wp\/v2\/types\/page"}],"author":[{"embeddable":true,"href":"http:\/\/morgerton.hu\/en\/wp-json\/wp\/v2\/users\/1"}],"replies":[{"embeddable":true,"href":"http:\/\/morgerton.hu\/en\/wp-json\/wp\/v2\/comments?post=2217"}],"version-history":[{"count":5,"href":"http:\/\/morgerton.hu\/en\/wp-json\/wp\/v2\/pages\/2217\/revisions"}],"predecessor-version":[{"id":2644,"href":"http:\/\/morgerton.hu\/en\/wp-json\/wp\/v2\/pages\/2217\/revisions\/2644"}],"up":[{"embeddable":true,"href":"http:\/\/morgerton.hu\/en\/wp-json\/wp\/v2\/pages\/749"}],"wp:attachment":[{"href":"http:\/\/morgerton.hu\/en\/wp-json\/wp\/v2\/media?parent=2217"}],"curies":[{"name":"wp","href":"https:\/\/api.w.org\/{rel}","templated":true}]}}