{"id":2135,"date":"2022-05-02T17:45:31","date_gmt":"2022-05-02T17:45:31","guid":{"rendered":"https:\/\/morgerton.hu\/?page_id=2135"},"modified":"2022-08-17T18:57:21","modified_gmt":"2022-08-17T18:57:21","slug":"slogan-alom","status":"publish","type":"page","link":"http:\/\/morgerton.hu\/en\/our-dogs\/litters\/slogan-alom\/","title":{"rendered":"Slogan Alom"},"content":{"rendered":"<div class=\"wp-block-image\">\n<figure class=\"aligncenter size-large is-resized\"><img loading=\"lazy\" decoding=\"async\" src=\"https:\/\/morgerton.hu\/wp-content\/uploads\/2022\/08\/Litter-Slogan-\u2013-Wallfugh-Ink-to-Nireno-Picture-vs-Mio-Mare-Bella-Anima-682x1024.jpg\" alt=\"Litter Slogan \u2013 Wallfugh Ink to Nireno Picture vs Mio Mare Bella Anima\" class=\"wp-image-2237\" width=\"512\" height=\"768\" srcset=\"https:\/\/morgerton.hu\/wp-content\/uploads\/2022\/08\/Litter-Slogan-\u2013-Wallfugh-Ink-to-Nireno-Picture-vs-Mio-Mare-Bella-Anima-682x1024.jpg 682w, https:\/\/morgerton.hu\/wp-content\/uploads\/2022\/08\/Litter-Slogan-\u2013-Wallfugh-Ink-to-Nireno-Picture-vs-Mio-Mare-Bella-Anima-200x300.jpg 200w, https:\/\/morgerton.hu\/wp-content\/uploads\/2022\/08\/Litter-Slogan-\u2013-Wallfugh-Ink-to-Nireno-Picture-vs-Mio-Mare-Bella-Anima-768x1153.jpg 768w, https:\/\/morgerton.hu\/wp-content\/uploads\/2022\/08\/Litter-Slogan-\u2013-Wallfugh-Ink-to-Nireno-Picture-vs-Mio-Mare-Bella-Anima-1023x1536.jpg 1023w, https:\/\/morgerton.hu\/wp-content\/uploads\/2022\/08\/Litter-Slogan-\u2013-Wallfugh-Ink-to-Nireno-Picture-vs-Mio-Mare-Bella-Anima-8x12.jpg 8w, https:\/\/morgerton.hu\/wp-content\/uploads\/2022\/08\/Litter-Slogan-\u2013-Wallfugh-Ink-to-Nireno-Picture-vs-Mio-Mare-Bella-Anima.jpg 1364w\" sizes=\"auto, (max-width: 512px) 100vw, 512px\" \/><\/figure>\n<\/div>\n\n<div  class=\"grids-section grids-is-advanced\" style=\"--_gs-gap-desktop:0px 0px;--_gs-m-desktop:0 0 0 0;--_gs-p-desktop:0 0 0 0;--_gs-bg-desktop:transparent none;--_gs-bg-xp-desktop:0px;--_gs-zi-desktop:auto;--_gs-d-desktop:block;--_gs-mw-desktop:calc(100% - 0 - 0);--_gs-gap-tablet:0px 0px;--_gs-m-tablet:0 0 0 0;--_gs-p-tablet:0 0 0 0;--_gs-bg-tablet:transparent none;--_gs-bg-xp-tablet:0px;--_gs-zi-tablet:auto;--_gs-d-tablet:block;--_gs-mw-tablet:calc(100% - 0 - 0);--_gs-gap-mobile:0px 0px;--_gs-m-mobile:0 0 0 0;--_gs-p-mobile:0 0 0 0;--_gs-bg-mobile:transparent none;--_gs-bg-xp-mobile:0px;--_gs-zi-mobile:auto;--_gs-d-mobile:block;--_gs-mw-mobile:calc(100% - 0 - 0);--_gs-columns:12;--_gs-rows:6\"><div class=\"grids-s-w_i\">\n<div class=\"grids-area\" style=\"--_ga-column:2\/7;--_ga-row:1\/4;--_ga-m-desktop:5px 5px 5px 5px;--_ga-p-desktop:0 0 0 0;--_ga-bg-desktop:transparent none;--_ga-zi-desktop:auto;--_ga-d-desktop:flex;--_ga-mw-desktop:calc(100% - 5px - 5px);--_ga-m-tablet:5px 5px 5px 5px;--_ga-p-tablet:0 0 0 0;--_ga-bg-tablet:transparent none;--_ga-zi-tablet:auto;--_ga-d-tablet:flex;--_ga-mw-tablet:calc(100% - 5px - 5px);--_ga-m-mobile:5px 5px 5px 5px;--_ga-p-mobile:0 0 0 0;--_ga-bg-mobile:transparent none;--_ga-zi-mobile:auto;--_ga-d-mobile:flex;--_ga-mw-mobile:calc(100% - 5px - 5px)\">\n\n<div class=\"wp-block-group\"><div class=\"wp-block-group__inner-container is-layout-flow wp-block-group-is-layout-flow\">\n<h2 class=\"has-text-align-center wp-block-heading\"><a href=\"\/en\/our-dogs\/females\/mio-mare-bella-anima\/\">Mio Mare Bella Anima &#8211; Roz\u00e9<\/a><\/h2>\n\n\n<div class=\"wp-block-image is-style-default\">\n<figure class=\"aligncenter size-large is-resized\"><a href=\"\/en\/our-dogs\/females\/mio-mare-bella-anima\/\"><img loading=\"lazy\" decoding=\"async\" src=\"https:\/\/morgerton.hu\/wp-content\/uploads\/2021\/01\/Mio-Mare-Bella-Anima-\u2013-Roze-28-months-old-1024x683.jpg\" alt=\"Mio Mare Bella Anima \u2013 Roz\u00e9 28 months old\" class=\"wp-image-1713\" width=\"512\" height=\"342\" srcset=\"https:\/\/morgerton.hu\/wp-content\/uploads\/2021\/01\/Mio-Mare-Bella-Anima-\u2013-Roze-28-months-old-1024x683.jpg 1024w, https:\/\/morgerton.hu\/wp-content\/uploads\/2021\/01\/Mio-Mare-Bella-Anima-\u2013-Roze-28-months-old-300x200.jpg 300w, https:\/\/morgerton.hu\/wp-content\/uploads\/2021\/01\/Mio-Mare-Bella-Anima-\u2013-Roze-28-months-old-768x512.jpg 768w, https:\/\/morgerton.hu\/wp-content\/uploads\/2021\/01\/Mio-Mare-Bella-Anima-\u2013-Roze-28-months-old-1536x1024.jpg 1536w, https:\/\/morgerton.hu\/wp-content\/uploads\/2021\/01\/Mio-Mare-Bella-Anima-\u2013-Roze-28-months-old-16x12.jpg 16w, https:\/\/morgerton.hu\/wp-content\/uploads\/2021\/01\/Mio-Mare-Bella-Anima-\u2013-Roze-28-months-old.jpg 1620w\" sizes=\"auto, (max-width: 512px) 100vw, 512px\" \/><\/a><\/figure>\n<\/div><\/div><\/div>\n\n\n\n<p style=\"text-align: center;\">CEA\/PRA\/RD\/KAT\/PHTVL\/PHPV free, DM, vWD1, PRA, EIC, Fluffy- Clear<\/p>\n\n<\/div>\n\n<div class=\"grids-area\" style=\"--_ga-column:7\/12;--_ga-row:1\/4;--_ga-m-desktop:5px 5px 5px 5px;--_ga-p-desktop:0 0 0 0;--_ga-bg-desktop:transparent none;--_ga-zi-desktop:auto;--_ga-d-desktop:flex;--_ga-mw-desktop:calc(100% - 5px - 5px);--_ga-m-tablet:5px 5px 5px 5px;--_ga-p-tablet:0 0 0 0;--_ga-bg-tablet:transparent none;--_ga-zi-tablet:auto;--_ga-d-tablet:flex;--_ga-mw-tablet:calc(100% - 5px - 5px);--_ga-m-mobile:5px 5px 5px 5px;--_ga-p-mobile:0 0 0 0;--_ga-bg-mobile:transparent none;--_ga-zi-mobile:auto;--_ga-d-mobile:flex;--_ga-mw-mobile:calc(100% - 5px - 5px)\">\n\n<h2 class=\"has-text-align-center wp-block-heading\"><a href=\"https:\/\/www.pedigreedatabase.com\/pembroke_welsh_corgi\/dog.html?id=2399914-wallfugh-ink-to-nireno-picture\" target=\"_blank\" rel=\"noreferrer noopener\">Wallfugh Ink to Nireno Picture<\/a><\/h2>\n\n\n<div class=\"wp-block-image is-style-default\">\n<figure class=\"aligncenter size-full is-resized\"><a href=\"https:\/\/www.wallfughcorgi.com\/pembroke-boys\" target=\"_blank\" rel=\"noopener\"><img loading=\"lazy\" decoding=\"async\" src=\"https:\/\/morgerton.hu\/wp-content\/uploads\/2022\/05\/Wallfugh-Ink-to-Nireno-Picture.png\" alt=\"Wallfugh Ink to Nireno Picture\" class=\"wp-image-2138\" width=\"356\" height=\"533\" srcset=\"https:\/\/morgerton.hu\/wp-content\/uploads\/2022\/05\/Wallfugh-Ink-to-Nireno-Picture.png 474w, https:\/\/morgerton.hu\/wp-content\/uploads\/2022\/05\/Wallfugh-Ink-to-Nireno-Picture-200x300.png 200w, https:\/\/morgerton.hu\/wp-content\/uploads\/2022\/05\/Wallfugh-Ink-to-Nireno-Picture-8x12.png 8w\" sizes=\"auto, (max-width: 356px) 100vw, 356px\" \/><\/a><\/figure>\n<\/div>\n\n\n<p style=\"text-align: center;\">vWD1, PRA, EIC- Clear, DM, Fluffy &#8211; Carrier<\/p>\n\n<\/div>\n\n<div class=\"grids-area\" style=\"--_ga-column:2\/12;--_ga-row:4\/7;--_ga-m-desktop:5px 5px 5px 5px;--_ga-p-desktop:0 0 0 0;--_ga-bg-desktop:transparent none;--_ga-zi-desktop:auto;--_ga-d-desktop:flex;--_ga-mw-desktop:calc(100% - 5px - 5px);--_ga-m-tablet:5px 5px 5px 5px;--_ga-p-tablet:0 0 0 0;--_ga-bg-tablet:transparent none;--_ga-zi-tablet:auto;--_ga-d-tablet:flex;--_ga-mw-tablet:calc(100% - 5px - 5px);--_ga-m-mobile:5px 5px 5px 5px;--_ga-p-mobile:0 0 0 0;--_ga-bg-mobile:transparent none;--_ga-zi-mobile:auto;--_ga-d-mobile:flex;--_ga-mw-mobile:calc(100% - 5px - 5px)\">\n\n<p class=\"has-medium-font-size\">A kicsik \u00e1prilis 21-\u00e9n megsz\u00fclettek \u00e9s az al\u00e1bbi neveket kapt\u00e1k:<\/p>\n\n\n\n<p class=\"has-medium-font-size\">Will You Be Mine Morgerton (v\u00f6r\u00f6s-feh\u00e9r l\u00e1ny)<br>Impossible Is Nothing Morgerton (v\u00f6r\u00f6s-feh\u00e9r fi\u00fa)<br>See You After Eight Morgerton (tricolor fi\u00fa)<br>As Sweet As Your Girlfriend Morgerton (tricolor l\u00e1ny)<br>You Make My Day Better Morgerton (tricolor l\u00e1ny)<br>Because You Are Worth It Morgerton (tricolor l\u00e1ny)<\/p>\n\n\n\n<div class=\"wp-block-ftg-gallery\"><!-- Final Tiles Grid Gallery for WordPress v3.6.9 free --><style>#ftg-1515 .tile .icon { color:#ffffff; }#ftg-1515 .ftg-items .loading-bar i { background:#666; }#ftg-1515 .ftg-items .loading-bar { background:#fff; }#ftg-1515 .tile .icon { font-size:12px; }#ftg-1515 .tile .icon { margin: -6px 0 0 -6px; }#ftg-1515 .tile .caption-block .text-wrapper span.text { font-size:12px; }#ftg-1515 .tile .caption-outside .text-wrapper span.text { font-size:12px; }#ftg-1515 .tile .caption-block .text-wrapper span.title { font-size:14px; }#ftg-1515 .tile .caption-outside .text-wrapper span.title { font-size:14px; }#ftg-1515 .tile { background-color: transparent; }#ftg-1515 .tile .caption-block .text-wrapper span.text { color: #ffffff; }#ftg-1515 .tile .caption-block .text-wrapper span.title { color: #ffffff; }#ftg-1515 .tile .caption-outside .text-wrapper span.text { color: #ffffff; }#ftg-1515 .tile .caption-outside .text-wrapper span.title { color: #ffffff; }#ftg-1515 .tile .ftg-social a { color: #ffffff; }#ftg-1515 .tile .caption-block { transition-duration:0.25s; }#ftg-1515 .tile .tile-inner:before { background-color: #000000; }#ftg-1515 .tile .tile-inner:before { background-color: rgba(0, 0, 0, 0.8); }#ftg-1515 .tile:hover img {-moz-transform: -moz-rotate(0deg) -moz-scale(0) ;-webkit-transform: -webkit-rotate(0deg) -webkit-scale(0) ;-o-transform: -o-rotate(0deg) -o-scale(0) ;-ms-transform: -ms-rotate(0deg) -ms-scale(0) ;transform: rotate(0deg) scale(0) ;}<\/style><a name=\"15\"><\/a><div class=\"final-tiles-gallery social-icons-bottom social-icons-none ftg-hover-enabled caption-inside  caption-none caption-middle caption-center\" id=\"ftg-1515\" style=\"width: 100%\"><div class='ftg-items'><div class='loading-bar'><i><\/i><\/div><div  class='tile ftg-preload'><a title=\"\" data-lightbox='ftg-1515' rel='ftg-1515'  class='tile-inner  ftg-lightbox' href='https:\/\/morgerton.hu\/wp-content\/uploads\/2022\/05\/Litter-Slogan-00002-1024x1024.jpg' ><img alt='' class='item skip-lazy' data-class='item' data-ftg-source='https:\/\/morgerton.hu\/wp-content\/uploads\/2022\/05\/Litter-Slogan-00002-1024x1024.jpg' src='https:\/\/morgerton.hu\/wp-content\/uploads\/2022\/05\/Litter-Slogan-00002-1024x1024.jpg' width='843' height='843' \/><\/a><div class='ftg-social'><a href='#' data-social='facebook' class='ftg-facebook'><i class='fa fa-facebook'><\/i><\/a><\/div><\/div><div  class='tile ftg-preload'><a title=\"\" data-lightbox='ftg-1515' rel='ftg-1515'  class='tile-inner  ftg-lightbox' href='https:\/\/morgerton.hu\/wp-content\/uploads\/2022\/05\/Litter-Slogan-00004-1024x683.jpg' ><img alt='' class='item skip-lazy' data-class='item' data-ftg-source='https:\/\/morgerton.hu\/wp-content\/uploads\/2022\/05\/Litter-Slogan-00004-1024x683.jpg' src='https:\/\/morgerton.hu\/wp-content\/uploads\/2022\/05\/Litter-Slogan-00004-1024x683.jpg' width='843' height='562' \/><\/a><div class='ftg-social'><a href='#' data-social='facebook' class='ftg-facebook'><i class='fa fa-facebook'><\/i><\/a><\/div><\/div><div  class='tile ftg-preload'><a title=\"\" data-lightbox='ftg-1515' rel='ftg-1515'  class='tile-inner  ftg-lightbox' href='https:\/\/morgerton.hu\/wp-content\/uploads\/2022\/05\/Litter-Slogan-00003-1024x683.jpg' ><img alt='' class='item skip-lazy' data-class='item' data-ftg-source='https:\/\/morgerton.hu\/wp-content\/uploads\/2022\/05\/Litter-Slogan-00003-1024x683.jpg' src='https:\/\/morgerton.hu\/wp-content\/uploads\/2022\/05\/Litter-Slogan-00003-1024x683.jpg' width='843' height='562' \/><\/a><div class='ftg-social'><a href='#' data-social='facebook' class='ftg-facebook'><i class='fa fa-facebook'><\/i><\/a><\/div><\/div><div  class='tile ftg-preload'><a title=\"\" data-lightbox='ftg-1515' rel='ftg-1515'  class='tile-inner  ftg-lightbox' href='https:\/\/morgerton.hu\/wp-content\/uploads\/2022\/05\/Litter-Slogan-00001-1024x683.jpg' ><img alt='' class='item skip-lazy' data-class='item' data-ftg-source='https:\/\/morgerton.hu\/wp-content\/uploads\/2022\/05\/Litter-Slogan-00001-1024x683.jpg' src='https:\/\/morgerton.hu\/wp-content\/uploads\/2022\/05\/Litter-Slogan-00001-1024x683.jpg' width='843' height='562' \/><\/a><div class='ftg-social'><a href='#' data-social='facebook' class='ftg-facebook'><i class='fa fa-facebook'><\/i><\/a><\/div><\/div><div  class='tile ftg-preload'><a title=\"\" data-lightbox='ftg-1515' rel='ftg-1515'  class='tile-inner  ftg-lightbox' href='https:\/\/morgerton.hu\/wp-content\/uploads\/2022\/05\/Litter-Slogan-00007-1024x683.jpg' ><img alt='' class='item skip-lazy' data-class='item' data-ftg-source='https:\/\/morgerton.hu\/wp-content\/uploads\/2022\/05\/Litter-Slogan-00007-1024x683.jpg' src='https:\/\/morgerton.hu\/wp-content\/uploads\/2022\/05\/Litter-Slogan-00007-1024x683.jpg' width='843' height='562' \/><\/a><div class='ftg-social'><a href='#' data-social='facebook' class='ftg-facebook'><i class='fa fa-facebook'><\/i><\/a><\/div><\/div><div  class='tile ftg-preload'><a title=\"\" data-lightbox='ftg-1515' rel='ftg-1515'  class='tile-inner  ftg-lightbox' href='https:\/\/morgerton.hu\/wp-content\/uploads\/2022\/05\/Litter-Slogan-00006-1024x683.jpg' ><img alt='' class='item skip-lazy' data-class='item' data-ftg-source='https:\/\/morgerton.hu\/wp-content\/uploads\/2022\/05\/Litter-Slogan-00006-1024x683.jpg' src='https:\/\/morgerton.hu\/wp-content\/uploads\/2022\/05\/Litter-Slogan-00006-1024x683.jpg' width='843' height='562' \/><\/a><div class='ftg-social'><a href='#' data-social='facebook' class='ftg-facebook'><i class='fa fa-facebook'><\/i><\/a><\/div><\/div><div  class='tile ftg-preload'><a title=\"\" data-lightbox='ftg-1515' rel='ftg-1515'  class='tile-inner  ftg-lightbox' href='https:\/\/morgerton.hu\/wp-content\/uploads\/2022\/05\/Litter-Slogan-00005-1024x683.jpg' ><img alt='' class='item skip-lazy' data-class='item' data-ftg-source='https:\/\/morgerton.hu\/wp-content\/uploads\/2022\/05\/Litter-Slogan-00005-1024x683.jpg' src='https:\/\/morgerton.hu\/wp-content\/uploads\/2022\/05\/Litter-Slogan-00005-1024x683.jpg' width='843' height='562' \/><\/a><div class='ftg-social'><a href='#' data-social='facebook' class='ftg-facebook'><i class='fa fa-facebook'><\/i><\/a><\/div><\/div><\/div><\/div><\/div>\n\n<\/div>\n<\/div><\/div>","protected":false},"excerpt":{"rendered":"","protected":false},"author":1,"featured_media":0,"parent":749,"menu_order":0,"comment_status":"closed","ping_status":"closed","template":"","meta":{"_monsterinsights_skip_tracking":false,"_monsterinsights_sitenote_active":false,"_monsterinsights_sitenote_note":"","_monsterinsights_sitenote_category":0,"footnotes":""},"class_list":["post-2135","page","type-page","status-publish","hentry"],"yoast_head":"<!-- This site is optimized with the Yoast SEO plugin v26.6 - https:\/\/yoast.com\/wordpress\/plugins\/seo\/ -->\n<title>Slogan Alom - Morgerton Welsh Corgi Pembroke Kennel<\/title>\n<meta name=\"description\" content=\"Will You Be Mine Morgerton, Impossible Is Nothing Morgerton, See You After Eight Morgerton, As Sweet As Your Girlfriend Morgerton, You Make My Day Better Morgerton, Because You Are Worth It Morgerton\" \/>\n<meta name=\"robots\" content=\"index, follow, max-snippet:-1, max-image-preview:large, max-video-preview:-1\" \/>\n<link rel=\"canonical\" href=\"https:\/\/morgerton.hu\/en\/our-dogs\/litters\/slogan-alom\/\" \/>\n<meta property=\"og:locale\" content=\"en_US\" \/>\n<meta property=\"og:type\" content=\"article\" \/>\n<meta property=\"og:title\" content=\"Slogan Alom - Morgerton Welsh Corgi Pembroke Kennel\" \/>\n<meta property=\"og:description\" content=\"Will You Be Mine Morgerton, Impossible Is Nothing Morgerton, See You After Eight Morgerton, As Sweet As Your Girlfriend Morgerton, You Make My Day Better Morgerton, Because You Are Worth It Morgerton\" \/>\n<meta property=\"og:url\" content=\"https:\/\/morgerton.hu\/en\/our-dogs\/litters\/slogan-alom\/\" \/>\n<meta property=\"og:site_name\" content=\"Morgerton Welsh Corgi Pembroke Kennel\" \/>\n<meta property=\"article:publisher\" content=\"http:\/\/facebook.com\/morgertoncorgis\" \/>\n<meta property=\"article:modified_time\" content=\"2022-08-17T18:57:21+00:00\" \/>\n<meta property=\"og:image\" content=\"https:\/\/morgerton.hu\/wp-content\/uploads\/2022\/05\/Wallfugh-Ink-to-Nireno-Picture.png\" \/>\n<meta name=\"twitter:card\" content=\"summary_large_image\" \/>\n<meta name=\"twitter:label1\" content=\"Est. reading time\" \/>\n\t<meta name=\"twitter:data1\" content=\"2 minutes\" \/>\n<script type=\"application\/ld+json\" class=\"yoast-schema-graph\">{\"@context\":\"https:\/\/schema.org\",\"@graph\":[{\"@type\":\"WebPage\",\"@id\":\"https:\/\/morgerton.hu\/our-dogs\/litters\/slogan-alom\/\",\"url\":\"https:\/\/morgerton.hu\/our-dogs\/litters\/slogan-alom\/\",\"name\":\"Slogan Alom - Morgerton Welsh Corgi Pembroke Kennel\",\"isPartOf\":{\"@id\":\"https:\/\/morgerton.hu\/hu\/#website\"},\"primaryImageOfPage\":{\"@id\":\"https:\/\/morgerton.hu\/our-dogs\/litters\/slogan-alom\/#primaryimage\"},\"image\":{\"@id\":\"https:\/\/morgerton.hu\/our-dogs\/litters\/slogan-alom\/#primaryimage\"},\"thumbnailUrl\":\"https:\/\/morgerton.hu\/wp-content\/uploads\/2022\/05\/Wallfugh-Ink-to-Nireno-Picture.png\",\"datePublished\":\"2022-05-02T17:45:31+00:00\",\"dateModified\":\"2022-08-17T18:57:21+00:00\",\"description\":\"Will You Be Mine Morgerton, Impossible Is Nothing Morgerton, See You After Eight Morgerton, As Sweet As Your Girlfriend Morgerton, You Make My Day Better Morgerton, Because You Are Worth It Morgerton\",\"breadcrumb\":{\"@id\":\"https:\/\/morgerton.hu\/our-dogs\/litters\/slogan-alom\/#breadcrumb\"},\"inLanguage\":\"en-US\",\"potentialAction\":[{\"@type\":\"ReadAction\",\"target\":[\"https:\/\/morgerton.hu\/our-dogs\/litters\/slogan-alom\/\"]}]},{\"@type\":\"ImageObject\",\"inLanguage\":\"en-US\",\"@id\":\"https:\/\/morgerton.hu\/our-dogs\/litters\/slogan-alom\/#primaryimage\",\"url\":\"https:\/\/morgerton.hu\/wp-content\/uploads\/2022\/05\/Wallfugh-Ink-to-Nireno-Picture.png\",\"contentUrl\":\"https:\/\/morgerton.hu\/wp-content\/uploads\/2022\/05\/Wallfugh-Ink-to-Nireno-Picture.png\"},{\"@type\":\"BreadcrumbList\",\"@id\":\"https:\/\/morgerton.hu\/our-dogs\/litters\/slogan-alom\/#breadcrumb\",\"itemListElement\":[{\"@type\":\"ListItem\",\"position\":1,\"name\":\"Home\",\"item\":\"https:\/\/morgerton.hu\/\"},{\"@type\":\"ListItem\",\"position\":2,\"name\":\"Kuty\u00e1ink\",\"item\":\"https:\/\/morgerton.hu\/?page_id=80\"},{\"@type\":\"ListItem\",\"position\":3,\"name\":\"Almok\",\"item\":\"https:\/\/morgerton.hu\/our-dogs\/litters\/\"},{\"@type\":\"ListItem\",\"position\":4,\"name\":\"Slogan Alom\"}]},{\"@type\":\"WebSite\",\"@id\":\"https:\/\/morgerton.hu\/hu\/#website\",\"url\":\"https:\/\/morgerton.hu\/hu\/\",\"name\":\"Morgerton Welsh Corgi Pembroke Kennel\",\"description\":\"Welsh Corgi Pembroke Kennel\",\"publisher\":{\"@id\":\"https:\/\/morgerton.hu\/hu\/#organization\"},\"potentialAction\":[{\"@type\":\"SearchAction\",\"target\":{\"@type\":\"EntryPoint\",\"urlTemplate\":\"https:\/\/morgerton.hu\/hu\/?s={search_term_string}\"},\"query-input\":{\"@type\":\"PropertyValueSpecification\",\"valueRequired\":true,\"valueName\":\"search_term_string\"}}],\"inLanguage\":\"en-US\"},{\"@type\":\"Organization\",\"@id\":\"https:\/\/morgerton.hu\/hu\/#organization\",\"name\":\"Morgerton Welsh Corgi Pembroke Kennel\",\"url\":\"https:\/\/morgerton.hu\/hu\/\",\"logo\":{\"@type\":\"ImageObject\",\"inLanguage\":\"en-US\",\"@id\":\"https:\/\/morgerton.hu\/hu\/#\/schema\/logo\/image\/\",\"url\":\"https:\/\/morgerton.hu\/wp-content\/uploads\/2020\/02\/cropped-Logo-v\u00e9gleges-Jav\u00edtott-scaled-2.jpg\",\"contentUrl\":\"https:\/\/morgerton.hu\/wp-content\/uploads\/2020\/02\/cropped-Logo-v\u00e9gleges-Jav\u00edtott-scaled-2.jpg\",\"width\":2227,\"height\":760,\"caption\":\"Morgerton Welsh Corgi Pembroke Kennel\"},\"image\":{\"@id\":\"https:\/\/morgerton.hu\/hu\/#\/schema\/logo\/image\/\"},\"sameAs\":[\"http:\/\/facebook.com\/morgertoncorgis\",\"https:\/\/www.instagram.com\/morgertoncorgis\/\"]}]}<\/script>\n<!-- \/ Yoast SEO plugin. -->","yoast_head_json":{"title":"Slogan Alom - Morgerton Welsh Corgi Pembroke Kennel","description":"Will You Be Mine Morgerton, Impossible Is Nothing Morgerton, See You After Eight Morgerton, As Sweet As Your Girlfriend Morgerton, You Make My Day Better Morgerton, Because You Are Worth It Morgerton","robots":{"index":"index","follow":"follow","max-snippet":"max-snippet:-1","max-image-preview":"max-image-preview:large","max-video-preview":"max-video-preview:-1"},"canonical":"https:\/\/morgerton.hu\/en\/our-dogs\/litters\/slogan-alom\/","og_locale":"en_US","og_type":"article","og_title":"Slogan Alom - Morgerton Welsh Corgi Pembroke Kennel","og_description":"Will You Be Mine Morgerton, Impossible Is Nothing Morgerton, See You After Eight Morgerton, As Sweet As Your Girlfriend Morgerton, You Make My Day Better Morgerton, Because You Are Worth It Morgerton","og_url":"https:\/\/morgerton.hu\/en\/our-dogs\/litters\/slogan-alom\/","og_site_name":"Morgerton Welsh Corgi Pembroke Kennel","article_publisher":"http:\/\/facebook.com\/morgertoncorgis","article_modified_time":"2022-08-17T18:57:21+00:00","og_image":[{"url":"https:\/\/morgerton.hu\/wp-content\/uploads\/2022\/05\/Wallfugh-Ink-to-Nireno-Picture.png","type":"","width":"","height":""}],"twitter_card":"summary_large_image","twitter_misc":{"Est. reading time":"2 minutes"},"schema":{"@context":"https:\/\/schema.org","@graph":[{"@type":"WebPage","@id":"https:\/\/morgerton.hu\/our-dogs\/litters\/slogan-alom\/","url":"https:\/\/morgerton.hu\/our-dogs\/litters\/slogan-alom\/","name":"Slogan Alom - Morgerton Welsh Corgi Pembroke Kennel","isPartOf":{"@id":"https:\/\/morgerton.hu\/hu\/#website"},"primaryImageOfPage":{"@id":"https:\/\/morgerton.hu\/our-dogs\/litters\/slogan-alom\/#primaryimage"},"image":{"@id":"https:\/\/morgerton.hu\/our-dogs\/litters\/slogan-alom\/#primaryimage"},"thumbnailUrl":"https:\/\/morgerton.hu\/wp-content\/uploads\/2022\/05\/Wallfugh-Ink-to-Nireno-Picture.png","datePublished":"2022-05-02T17:45:31+00:00","dateModified":"2022-08-17T18:57:21+00:00","description":"Will You Be Mine Morgerton, Impossible Is Nothing Morgerton, See You After Eight Morgerton, As Sweet As Your Girlfriend Morgerton, You Make My Day Better Morgerton, Because You Are Worth It Morgerton","breadcrumb":{"@id":"https:\/\/morgerton.hu\/our-dogs\/litters\/slogan-alom\/#breadcrumb"},"inLanguage":"en-US","potentialAction":[{"@type":"ReadAction","target":["https:\/\/morgerton.hu\/our-dogs\/litters\/slogan-alom\/"]}]},{"@type":"ImageObject","inLanguage":"en-US","@id":"https:\/\/morgerton.hu\/our-dogs\/litters\/slogan-alom\/#primaryimage","url":"https:\/\/morgerton.hu\/wp-content\/uploads\/2022\/05\/Wallfugh-Ink-to-Nireno-Picture.png","contentUrl":"https:\/\/morgerton.hu\/wp-content\/uploads\/2022\/05\/Wallfugh-Ink-to-Nireno-Picture.png"},{"@type":"BreadcrumbList","@id":"https:\/\/morgerton.hu\/our-dogs\/litters\/slogan-alom\/#breadcrumb","itemListElement":[{"@type":"ListItem","position":1,"name":"Home","item":"https:\/\/morgerton.hu\/"},{"@type":"ListItem","position":2,"name":"Kuty\u00e1ink","item":"https:\/\/morgerton.hu\/?page_id=80"},{"@type":"ListItem","position":3,"name":"Almok","item":"https:\/\/morgerton.hu\/our-dogs\/litters\/"},{"@type":"ListItem","position":4,"name":"Slogan Alom"}]},{"@type":"WebSite","@id":"https:\/\/morgerton.hu\/hu\/#website","url":"https:\/\/morgerton.hu\/hu\/","name":"Morgerton Welsh Corgi Pembroke Kennel","description":"Welsh Corgi Pembroke Kennel","publisher":{"@id":"https:\/\/morgerton.hu\/hu\/#organization"},"potentialAction":[{"@type":"SearchAction","target":{"@type":"EntryPoint","urlTemplate":"https:\/\/morgerton.hu\/hu\/?s={search_term_string}"},"query-input":{"@type":"PropertyValueSpecification","valueRequired":true,"valueName":"search_term_string"}}],"inLanguage":"en-US"},{"@type":"Organization","@id":"https:\/\/morgerton.hu\/hu\/#organization","name":"Morgerton Welsh Corgi Pembroke Kennel","url":"https:\/\/morgerton.hu\/hu\/","logo":{"@type":"ImageObject","inLanguage":"en-US","@id":"https:\/\/morgerton.hu\/hu\/#\/schema\/logo\/image\/","url":"https:\/\/morgerton.hu\/wp-content\/uploads\/2020\/02\/cropped-Logo-v\u00e9gleges-Jav\u00edtott-scaled-2.jpg","contentUrl":"https:\/\/morgerton.hu\/wp-content\/uploads\/2020\/02\/cropped-Logo-v\u00e9gleges-Jav\u00edtott-scaled-2.jpg","width":2227,"height":760,"caption":"Morgerton Welsh Corgi Pembroke Kennel"},"image":{"@id":"https:\/\/morgerton.hu\/hu\/#\/schema\/logo\/image\/"},"sameAs":["http:\/\/facebook.com\/morgertoncorgis","https:\/\/www.instagram.com\/morgertoncorgis\/"]}]}},"_links":{"self":[{"href":"http:\/\/morgerton.hu\/en\/wp-json\/wp\/v2\/pages\/2135","targetHints":{"allow":["GET"]}}],"collection":[{"href":"http:\/\/morgerton.hu\/en\/wp-json\/wp\/v2\/pages"}],"about":[{"href":"http:\/\/morgerton.hu\/en\/wp-json\/wp\/v2\/types\/page"}],"author":[{"embeddable":true,"href":"http:\/\/morgerton.hu\/en\/wp-json\/wp\/v2\/users\/1"}],"replies":[{"embeddable":true,"href":"http:\/\/morgerton.hu\/en\/wp-json\/wp\/v2\/comments?post=2135"}],"version-history":[{"count":6,"href":"http:\/\/morgerton.hu\/en\/wp-json\/wp\/v2\/pages\/2135\/revisions"}],"predecessor-version":[{"id":2241,"href":"http:\/\/morgerton.hu\/en\/wp-json\/wp\/v2\/pages\/2135\/revisions\/2241"}],"up":[{"embeddable":true,"href":"http:\/\/morgerton.hu\/en\/wp-json\/wp\/v2\/pages\/749"}],"wp:attachment":[{"href":"http:\/\/morgerton.hu\/en\/wp-json\/wp\/v2\/media?parent=2135"}],"curies":[{"name":"wp","href":"https:\/\/api.w.org\/{rel}","templated":true}]}}