{"id":21,"date":"2020-02-17T20:13:34","date_gmt":"2020-02-17T20:13:34","guid":{"rendered":"http:\/\/morgerton.hu\/?page_id=21"},"modified":"2023-01-07T17:53:16","modified_gmt":"2023-01-07T17:53:16","slug":"kezdolap","status":"publish","type":"page","link":"http:\/\/morgerton.hu\/en\/","title":{"rendered":"Homepage"},"content":{"rendered":"<h2 class=\"has-very-dark-gray-color has-text-color wp-block-heading\"><\/h2>\n\n\n\n<p class=\"has-medium-font-size\">Welcome to the Morgerton Welsh Corgi Pembroke Kennel website. We wish you a pleasant look, if you have any questions, feel free to contact us.<\/p>\n\n\n\n<div style=\"height:50px\" aria-hidden=\"true\" class=\"wp-block-spacer\"><\/div>\n\n\n\n<div class=\"wp-block-group\"><div class=\"wp-block-group__inner-container is-layout-constrained wp-block-group-is-layout-constrained\">\n<h2 class=\"has-very-dark-gray-color has-text-color wp-block-heading\">About Us<\/h2>\n\n\n\n<div class=\"wp-block-columns is-layout-flex wp-container-core-columns-is-layout-9d6595d7 wp-block-columns-is-layout-flex\">\n<div class=\"wp-block-column is-layout-flow wp-block-column-is-layout-flow\">\n<p class=\"has-medium-font-size\">Our goal is to breed Welsh Corgi Pembroke dogs that are healthy, conform to the standard and stand well at shows. <\/p>\n\n\n\n<p class=\"has-medium-font-size\">All puppies for breeding purpose are subjected to genetic screening for the breed and we are taken into consideration when finding the perfect breeding pair. In addition to our goal of maintaining a healthy dogs, we are striving to develop a diverse and high quality bloodlines in the future.<\/p>\n\n\n\n<p class=\"has-medium-font-size\">Kuty\u00e1inkat rendszeresen megm\u00e9rettetj\u00fck hazai \u00e9s k\u00fclf\u00f6ldi ki\u00e1ll\u00edt\u00e1sokon is, sz\u00e9p eredm\u00e9nyekkel. Ha a j\u00f6v\u0151ben szeretn\u00e9l vel\u00fcnk ki\u00e1ll\u00edt\u00e1son tal\u00e1lkozni, az al\u00e1bbi linken megtal\u00e1lhatod a <a href=\"\/en\/2020\/02\/25\/tervezett-kiallitasok-2020\/\">tervezett ki\u00e1ll\u00edt\u00e1sainkat<\/a>. Ezen k\u00edv\u00fcl el\u0151zetes egyeztet\u00e9s alapj\u00e1n b\u00e1rmikor v\u00e1runk sok szeretettel otthonunkban is.<\/p>\n<\/div>\n\n\n\n<div class=\"wp-block-column is-layout-flow wp-block-column-is-layout-flow\">\n<figure class=\"wp-block-image size-large is-style-default\"><img loading=\"lazy\" decoding=\"async\" width=\"1024\" height=\"570\" src=\"https:\/\/morgerton.hu\/wp-content\/uploads\/2020\/02\/70754621_2401647509890237_1133481301509144576_o-1024x570.jpg\" alt=\"Csoportk\u00e9p 2019.09.\" class=\"wp-image-732\" srcset=\"https:\/\/morgerton.hu\/wp-content\/uploads\/2020\/02\/70754621_2401647509890237_1133481301509144576_o-1024x570.jpg 1024w, https:\/\/morgerton.hu\/wp-content\/uploads\/2020\/02\/70754621_2401647509890237_1133481301509144576_o-300x167.jpg 300w, https:\/\/morgerton.hu\/wp-content\/uploads\/2020\/02\/70754621_2401647509890237_1133481301509144576_o-768x428.jpg 768w, https:\/\/morgerton.hu\/wp-content\/uploads\/2020\/02\/70754621_2401647509890237_1133481301509144576_o-1536x855.jpg 1536w, https:\/\/morgerton.hu\/wp-content\/uploads\/2020\/02\/70754621_2401647509890237_1133481301509144576_o.jpg 2048w\" sizes=\"auto, (max-width: 1024px) 100vw, 1024px\" \/><\/figure>\n<\/div>\n<\/div>\n<\/div><\/div>\n\n\n\n<div class=\"wp-block-group\"><div class=\"wp-block-group__inner-container is-layout-constrained wp-block-group-is-layout-constrained\">\n<h2 class=\"has-very-dark-gray-color has-text-color wp-block-heading\">Legut\u00f3bbi bejegyz\u00e9sek<\/h2>\n\n\n<ul class=\"wp-block-latest-posts__list has-dates wp-block-latest-posts has-medium-font-size\"><li><a class=\"wp-block-latest-posts__post-title\" href=\"http:\/\/morgerton.hu\/en\/2026\/02\/16\/available-puppies\/\">El\u00e9rhet\u0151 k\u00f6lyk\u00f6k a Morgerton Kennelben<\/a><time datetime=\"2026-02-16T19:45:26+00:00\" class=\"wp-block-latest-posts__post-date\">2026.02.16.<\/time><div class=\"wp-block-latest-posts__post-excerpt\">A teny\u00e9szt\u00e9s sz\u00e1munkra nem csak kiskuty\u00e1k sz\u00fclet\u00e9s\u00e9r\u0151l sz\u00f3l, hanem egy hossz\u00fa \u00fatr\u00f3l, rengeteg tervez\u00e9ssel, tanul\u00e1ssal \u00e9s szenved\u00e9llyel. \u00c9vek munk\u00e1ja \u00e9s \u00e1lmai testes\u00fclnek meg minden alomban \u2013 \u00e9s amikor r\u00e1n\u00e9z\u00fcnk a kicsikre, pontosan tudjuk, mi\u00e9rt csin\u00e1ljuk ezt az eg\u00e9szet. Jelenleg a 80s \u00e9s a Survivor almokb\u00f3l is el\u00e9rhet\u0151ek k\u00f6lyk\u00f6k, akik szeret\u0151, felel\u0151s csal\u00e1djukat keresik. A kicsik champion v\u00e9rvonalb\u00f3l sz\u00e1rmaznak, genetikailag sz\u0171rt sz\u00fcl\u0151kt\u0151l, \u00e9s koruknak megfelel\u0151 olt\u00e1sokkal, kis\u00e1llat \u00fatlev\u00e9llel \u00e9s FCI t\u00f6rzsk\u00f6nyvvel k\u00f6lt\u00f6znek \u00faj otthonukba. \ud83d\udc49 R\u00e9szletek \u00e9s fot\u00f3k az El\u00e9rhet\u0151 K\u00f6lyk\u00f6k oldalon.<\/div><\/li>\n<li><a class=\"wp-block-latest-posts__post-title\" href=\"http:\/\/morgerton.hu\/en\/2025\/12\/29\/almokban-szorgos-december\/\">Almokban szorgos december<\/a><time datetime=\"2025-12-29T11:41:55+00:00\" class=\"wp-block-latest-posts__post-date\">2025.12.29.<\/time><div class=\"wp-block-latest-posts__post-excerpt\">A decemberi napok t\u00f6rt\u00e9n\u00e9sei maga volt a hull\u00e1mvas\u00fat, nem a j\u00f3 \u00e9rtelemben. Egyszerre k\u00e9t szuk\u00e1nkat fedezett\u00fck, Queenet \u00e9s Sacit. 80s alom \u2013 2025.12.04 Queene k\u00f6lykei sz\u00fclettek hamarabb. T\u0151le borzaszt\u00f3an f\u00e9ltem milyen anya lesz, de minden v\u00e1rakoz\u00e1sunkat fel\u00fclm\u00falta minden szempontb\u00f3l. A vemhess\u00e9g \u00e9s a cs\u00e1sz\u00e1r is \u00e9s ut\u00e1na a k\u00f6lyk\u00f6k nevel\u00e9se is probl\u00e9ma mentes volt. \u00c1lom alom mondhatni minden szempontb\u00f3l. Survivor alom \u2013 2025.12.09 Mivel Murphy sajnos nagyon j\u00f3 bar\u00e1tom, sejtettem, hogy ez az \u00e1llapot t\u00fal idilli, hogy sok\u00e1ig tartson. \u00c9s val\u00f3ban&#8230; Sokan gondolj\u00e1k azt, hogy egy teny\u00e9szt\u0151 \u00e9lete csak r\u00f3zsasz\u00edn tappancsokb\u00f3l, kiskutya illatb\u00f3l \u00e9s j\u00e1t\u00e9kb\u00f3l \u00e1ll. Nem is \u00e1llhatna ez&hellip;<\/div><\/li>\n<li><a class=\"wp-block-latest-posts__post-title\" href=\"http:\/\/morgerton.hu\/en\/2025\/11\/29\/az-anya-es-apakutya-felkeszitese-a-sikeres-tenyesztes-alapja\/\">Az anya- \u00e9s apakutya felk\u00e9sz\u00edt\u00e9se \u2013 a sikeres teny\u00e9szt\u00e9s alapja<\/a><time datetime=\"2025-11-29T14:41:36+00:00\" class=\"wp-block-latest-posts__post-date\">2025.11.29.<\/time><div class=\"wp-block-latest-posts__post-excerpt\">A felel\u0151s teny\u00e9szt\u00e9s nem a fedeztet\u00e9s napj\u00e1n kezd\u0151dik, hanem j\u00f3val kor\u00e1bban: akkor, amikor tudatosan elkezdj\u00fck felk\u00e9sz\u00edteni mind a szuk\u00e1t, mind a kant a r\u00e1juk v\u00e1r\u00f3 feladatokra. A fizikai kond\u00edci\u00f3, az eg\u00e9szs\u00e9gi \u00e1llapot, a t\u00e1pl\u00e1lkoz\u00e1s, a viselked\u00e9s \u00e9s a ment\u00e1lis stabilit\u00e1s egyar\u00e1nt meghat\u00e1rozza az alom min\u0151s\u00e9g\u00e9t. A szuka felk\u00e9sz\u00edt\u00e9se \u2013 a j\u00f6v\u0151 gener\u00e1ci\u00f3 hordoz\u00f3ja Kond\u00edci\u00f3 \u00e9s test\u00f6sszet\u00e9tel A szuka megfelel\u0151 kond\u00edci\u00f3ja meghat\u00e1rozza a fogantat\u00e1s siker\u00e9t \u00e9s a vemhess\u00e9g eg\u00e9szs\u00e9g\u00e9t. Az ide\u00e1lis teny\u00e9szt\u00e9si kond\u00edci\u00f3 k\u00f6zepes \u00e1llapotot jelent: a bord\u00e1k tapinthat\u00f3k, de nem l\u00e1that\u00f3k, a kutya izmos, akt\u00edv \u00e9s j\u00f3l terhelhet\u0151. Ker\u00fclend\u0151 \u00e1llapotok T\u00fals\u00faly: nehez\u00edtett fogantat\u00e1s, komplik\u00e1lt vemhess\u00e9gT\u00fal sov\u00e1nys\u00e1g: cs\u00f6kkent tejtermel\u00e9s, kisebb alomsz\u00e1m&hellip;<\/div><\/li>\n<li><a class=\"wp-block-latest-posts__post-title\" href=\"http:\/\/morgerton.hu\/en\/2025\/11\/28\/anya-es-apa-kutya-kivalasztasa-a-tenyesztes-alapkove\/\">Anya \u00e9s apa kutya kiv\u00e1laszt\u00e1sa \u2013 a teny\u00e9szt\u00e9s alapk\u00f6ve<\/a><time datetime=\"2025-11-28T16:58:43+00:00\" class=\"wp-block-latest-posts__post-date\">2025.11.28.<\/time><div class=\"wp-block-latest-posts__post-excerpt\">Anya \u00e9s apa kutya kiv\u00e1laszt\u00e1sa \u2013 a teny\u00e9szt\u00e9s alapk\u00f6ve A teny\u00e9szp\u00e1r kiv\u00e1laszt\u00e1sa minden felel\u0151s corgi-teny\u00e9szt\u00e9s legfontosabb l\u00e9p\u00e9se. Nem csup\u00e1n k\u00e9t szimpatikus, sz\u00e9p kuty\u00e1t \u00e1ll\u00edtunk p\u00e1rba, hanem olyan genetikai \u00e9s temperamentumbeli tulajdons\u00e1gokat keres\u00fcnk, amelyek hossz\u00fa t\u00e1von meghat\u00e1rozz\u00e1k a fajta eg\u00e9szs\u00e9g\u00e9t, k\u00fcllem\u00e9t \u00e9s karakter\u00e9t. A Welsh Corgi Pembroke olyan fajta, ahol a teny\u00e9szt\u00e9sben nincs helye kompromisszumnak: a d\u00f6nt\u00e9seink gener\u00e1ci\u00f3kon \u00e1t\u00edvel\u0151 hat\u00e1st gyakorolnak. Mandala \u00e9s Echo Corgira jellemz\u0151 genetikai sz\u0171r\u00e9sek \u2013 a felel\u0151s teny\u00e9szt\u00e9s tudom\u00e1nyos alapjai A Welsh Corgi Pembroke fajt\u00e1n\u00e1l t\u00f6bb \u00f6r\u00f6kletes betegs\u00e9g is ismert, ez\u00e9rt a megfelel\u0151 genetikai sz\u0171r\u00e9sek elv\u00e9gz\u00e9se elengedhetetlen. Nem \u201copcion\u00e1lis extra\u201d, hanem a teny\u00e9szt\u00e9s minimuma. Ez nem azt&hellip;<\/div><\/li>\n<li><a class=\"wp-block-latest-posts__post-title\" href=\"http:\/\/morgerton.hu\/en\/2025\/03\/18\/roze-a-kezdetek-az-alapito\/\">Roz\u00e9, a kezdetek, az alap\u00edt\u00f3<\/a><time datetime=\"2025-03-18T18:50:15+00:00\" class=\"wp-block-latest-posts__post-date\">2025.03.18.<\/time><div class=\"wp-block-latest-posts__post-excerpt\">Roz\u00e9 gyermekei akik kennel\u00fcnkben maradtak. 3 almot hoztunk le Roz\u00e9val, h\u00e1rom k\u00fcl\u00f6nb\u00f6z\u0151 kannal. Int. Ch. Hazelmere Mitch a Match &#8211; Mitch Az els\u0151 alom apuk\u00e1ja. Ebb\u0151l az alomb\u00f3l maradt Mandal\u00e1nk &#8222;Int. CH. Mandala Morgerton&#8221;, az els\u0151 &#8222;palacsinta&#8221;, ami n\u00e9ha kicsit selejtesre sikeredik. \u00c9s itt most nem a k\u00fcllembeli dolgokr\u00f3l besz\u00e9lek, hanem a jellembeli h\u00fclyes\u00e9geir\u0151l Nemhi\u00e1ba kapott Mandi az \u00e9vek folyam\u00e1n k\u00fcl\u00f6nb\u00f6z\u0151 &#8222;beceneveket&#8221; \u00e9s h\u00e1t a &#8222;j\u00f3s\u00e1g&#8221; az a k\u00fcllem\u00e9n is nyomott hagyott. Nembaj, mi \u00edgy szeretj\u00fck . Int. Ch. Born To Be Your Heston Blumenthal Chef at Morgerton &#8211; Echo M\u00e1sodik alom apuk\u00e1ja. Ebb\u0151l az alomb\u00f3l Ginger (Who&#8217;s That Chick&hellip;<\/div><\/li>\n<\/ul><\/div><\/div>","protected":false},"excerpt":{"rendered":"<p>\u00dcdv\u00f6zl\u00fcnk a Morgerton Welsh Corgi Pembroke Kennel honlapj\u00e1n. Kellemes n\u00e9zel\u0151d\u00e9st k\u00edv\u00e1nunk, b\u00e1rmilyen k\u00e9rd\u00e9s eset\u00e9n keress minket bizalommal. R\u00f3lunk C\u00e9lunk, hogy olyan Welsh Corgi Pembroke kuty\u00e1kat&hellip;<\/p>","protected":false},"author":1,"featured_media":0,"parent":0,"menu_order":0,"comment_status":"closed","ping_status":"closed","template":"","meta":{"_monsterinsights_skip_tracking":false,"_monsterinsights_sitenote_active":false,"_monsterinsights_sitenote_note":"","_monsterinsights_sitenote_category":0,"footnotes":""},"class_list":["post-21","page","type-page","status-publish","hentry"],"yoast_head":"<!-- This site is optimized with the Yoast SEO plugin v26.6 - https:\/\/yoast.com\/wordpress\/plugins\/seo\/ -->\n<title>Kezd\u0151lap - Morgerton Welsh Corgi Pembroke Kennel<\/title>\n<meta name=\"description\" content=\"C\u00e9lunk, hogy olyan Welsh Corgi Pembroke kuty\u00e1kat teny\u00e9ssz\u00fcnk, akik eg\u00e9szs\u00e9gesek, a standardnek megfelelnek \u00e9s a ki\u00e1ll\u00edt\u00e1sokon is meg\u00e1llj\u00e1k hely\u00fcket.\" \/>\n<meta name=\"robots\" content=\"index, follow, max-snippet:-1, max-image-preview:large, max-video-preview:-1\" \/>\n<link rel=\"canonical\" href=\"https:\/\/morgerton.hu\/en\/\" \/>\n<meta property=\"og:locale\" content=\"en_US\" \/>\n<meta property=\"og:type\" content=\"article\" \/>\n<meta property=\"og:title\" content=\"Kezd\u0151lap - Morgerton Welsh Corgi Pembroke Kennel\" \/>\n<meta property=\"og:description\" content=\"C\u00e9lunk, hogy olyan Welsh Corgi Pembroke kuty\u00e1kat teny\u00e9ssz\u00fcnk, akik eg\u00e9szs\u00e9gesek, a standardnek megfelelnek \u00e9s a ki\u00e1ll\u00edt\u00e1sokon is meg\u00e1llj\u00e1k hely\u00fcket.\" \/>\n<meta property=\"og:url\" content=\"https:\/\/morgerton.hu\/en\/\" \/>\n<meta property=\"og:site_name\" content=\"Morgerton Welsh Corgi Pembroke Kennel\" \/>\n<meta property=\"article:publisher\" content=\"http:\/\/facebook.com\/morgertoncorgis\" \/>\n<meta property=\"article:modified_time\" content=\"2023-01-07T17:53:16+00:00\" \/>\n<meta property=\"og:image\" content=\"https:\/\/morgerton.hu\/wp-content\/uploads\/2020\/02\/70754621_2401647509890237_1133481301509144576_o-1024x570.jpg\" \/>\n<meta name=\"twitter:card\" content=\"summary_large_image\" \/>\n<meta name=\"twitter:label1\" content=\"Est. reading time\" \/>\n\t<meta name=\"twitter:data1\" content=\"1 minute\" \/>\n<script type=\"application\/ld+json\" class=\"yoast-schema-graph\">{\"@context\":\"https:\/\/schema.org\",\"@graph\":[{\"@type\":\"WebPage\",\"@id\":\"https:\/\/morgerton.hu\/\",\"url\":\"https:\/\/morgerton.hu\/\",\"name\":\"Kezd\u0151lap - Morgerton Welsh Corgi Pembroke Kennel\",\"isPartOf\":{\"@id\":\"https:\/\/morgerton.hu\/hu\/#website\"},\"primaryImageOfPage\":{\"@id\":\"https:\/\/morgerton.hu\/#primaryimage\"},\"image\":{\"@id\":\"https:\/\/morgerton.hu\/#primaryimage\"},\"thumbnailUrl\":\"https:\/\/morgerton.hu\/wp-content\/uploads\/2020\/02\/70754621_2401647509890237_1133481301509144576_o-1024x570.jpg\",\"datePublished\":\"2020-02-17T20:13:34+00:00\",\"dateModified\":\"2023-01-07T17:53:16+00:00\",\"description\":\"C\u00e9lunk, hogy olyan Welsh Corgi Pembroke kuty\u00e1kat teny\u00e9ssz\u00fcnk, akik eg\u00e9szs\u00e9gesek, a standardnek megfelelnek \u00e9s a ki\u00e1ll\u00edt\u00e1sokon is meg\u00e1llj\u00e1k hely\u00fcket.\",\"breadcrumb\":{\"@id\":\"https:\/\/morgerton.hu\/#breadcrumb\"},\"inLanguage\":\"en-US\",\"potentialAction\":[{\"@type\":\"ReadAction\",\"target\":[\"https:\/\/morgerton.hu\/\"]}]},{\"@type\":\"ImageObject\",\"inLanguage\":\"en-US\",\"@id\":\"https:\/\/morgerton.hu\/#primaryimage\",\"url\":\"https:\/\/morgerton.hu\/wp-content\/uploads\/2020\/02\/70754621_2401647509890237_1133481301509144576_o-1024x570.jpg\",\"contentUrl\":\"https:\/\/morgerton.hu\/wp-content\/uploads\/2020\/02\/70754621_2401647509890237_1133481301509144576_o-1024x570.jpg\"},{\"@type\":\"BreadcrumbList\",\"@id\":\"https:\/\/morgerton.hu\/#breadcrumb\",\"itemListElement\":[{\"@type\":\"ListItem\",\"position\":1,\"name\":\"Home\",\"item\":\"https:\/\/morgerton.hu\/\"},{\"@type\":\"ListItem\",\"position\":2,\"name\":\"Kezd\u0151lap\"}]},{\"@type\":\"WebSite\",\"@id\":\"https:\/\/morgerton.hu\/hu\/#website\",\"url\":\"https:\/\/morgerton.hu\/hu\/\",\"name\":\"Morgerton Welsh Corgi Pembroke Kennel\",\"description\":\"Welsh Corgi Pembroke Kennel\",\"publisher\":{\"@id\":\"https:\/\/morgerton.hu\/hu\/#organization\"},\"potentialAction\":[{\"@type\":\"SearchAction\",\"target\":{\"@type\":\"EntryPoint\",\"urlTemplate\":\"https:\/\/morgerton.hu\/hu\/?s={search_term_string}\"},\"query-input\":{\"@type\":\"PropertyValueSpecification\",\"valueRequired\":true,\"valueName\":\"search_term_string\"}}],\"inLanguage\":\"en-US\"},{\"@type\":\"Organization\",\"@id\":\"https:\/\/morgerton.hu\/hu\/#organization\",\"name\":\"Morgerton Welsh Corgi Pembroke Kennel\",\"url\":\"https:\/\/morgerton.hu\/hu\/\",\"logo\":{\"@type\":\"ImageObject\",\"inLanguage\":\"en-US\",\"@id\":\"https:\/\/morgerton.hu\/hu\/#\/schema\/logo\/image\/\",\"url\":\"https:\/\/morgerton.hu\/wp-content\/uploads\/2020\/02\/cropped-Logo-v\u00e9gleges-Jav\u00edtott-scaled-2.jpg\",\"contentUrl\":\"https:\/\/morgerton.hu\/wp-content\/uploads\/2020\/02\/cropped-Logo-v\u00e9gleges-Jav\u00edtott-scaled-2.jpg\",\"width\":2227,\"height\":760,\"caption\":\"Morgerton Welsh Corgi Pembroke Kennel\"},\"image\":{\"@id\":\"https:\/\/morgerton.hu\/hu\/#\/schema\/logo\/image\/\"},\"sameAs\":[\"http:\/\/facebook.com\/morgertoncorgis\",\"https:\/\/www.instagram.com\/morgertoncorgis\/\"]}]}<\/script>\n<!-- \/ Yoast SEO plugin. -->","yoast_head_json":{"title":"Kezd\u0151lap - Morgerton Welsh Corgi Pembroke Kennel","description":"Our goal is to breed Welsh Corgi Pembroke dogs that are healthy, conform to the standard and stand well at shows.","robots":{"index":"index","follow":"follow","max-snippet":"max-snippet:-1","max-image-preview":"max-image-preview:large","max-video-preview":"max-video-preview:-1"},"canonical":"https:\/\/morgerton.hu\/en\/","og_locale":"en_US","og_type":"article","og_title":"Kezd\u0151lap - Morgerton Welsh Corgi Pembroke Kennel","og_description":"C\u00e9lunk, hogy olyan Welsh Corgi Pembroke kuty\u00e1kat teny\u00e9ssz\u00fcnk, akik eg\u00e9szs\u00e9gesek, a standardnek megfelelnek \u00e9s a ki\u00e1ll\u00edt\u00e1sokon is meg\u00e1llj\u00e1k hely\u00fcket.","og_url":"https:\/\/morgerton.hu\/en\/","og_site_name":"Morgerton Welsh Corgi Pembroke Kennel","article_publisher":"http:\/\/facebook.com\/morgertoncorgis","article_modified_time":"2023-01-07T17:53:16+00:00","og_image":[{"url":"https:\/\/morgerton.hu\/wp-content\/uploads\/2020\/02\/70754621_2401647509890237_1133481301509144576_o-1024x570.jpg","type":"","width":"","height":""}],"twitter_card":"summary_large_image","twitter_misc":{"Est. reading time":"1 minute"},"schema":{"@context":"https:\/\/schema.org","@graph":[{"@type":"WebPage","@id":"https:\/\/morgerton.hu\/","url":"https:\/\/morgerton.hu\/","name":"Kezd\u0151lap - Morgerton Welsh Corgi Pembroke Kennel","isPartOf":{"@id":"https:\/\/morgerton.hu\/hu\/#website"},"primaryImageOfPage":{"@id":"https:\/\/morgerton.hu\/#primaryimage"},"image":{"@id":"https:\/\/morgerton.hu\/#primaryimage"},"thumbnailUrl":"https:\/\/morgerton.hu\/wp-content\/uploads\/2020\/02\/70754621_2401647509890237_1133481301509144576_o-1024x570.jpg","datePublished":"2020-02-17T20:13:34+00:00","dateModified":"2023-01-07T17:53:16+00:00","description":"Our goal is to breed Welsh Corgi Pembroke dogs that are healthy, conform to the standard and stand well at shows.","breadcrumb":{"@id":"https:\/\/morgerton.hu\/#breadcrumb"},"inLanguage":"en-US","potentialAction":[{"@type":"ReadAction","target":["https:\/\/morgerton.hu\/"]}]},{"@type":"ImageObject","inLanguage":"en-US","@id":"https:\/\/morgerton.hu\/#primaryimage","url":"https:\/\/morgerton.hu\/wp-content\/uploads\/2020\/02\/70754621_2401647509890237_1133481301509144576_o-1024x570.jpg","contentUrl":"https:\/\/morgerton.hu\/wp-content\/uploads\/2020\/02\/70754621_2401647509890237_1133481301509144576_o-1024x570.jpg"},{"@type":"BreadcrumbList","@id":"https:\/\/morgerton.hu\/#breadcrumb","itemListElement":[{"@type":"ListItem","position":1,"name":"Home","item":"https:\/\/morgerton.hu\/"},{"@type":"ListItem","position":2,"name":"Kezd\u0151lap"}]},{"@type":"WebSite","@id":"https:\/\/morgerton.hu\/hu\/#website","url":"https:\/\/morgerton.hu\/hu\/","name":"Morgerton Welsh Corgi Pembroke Kennel","description":"Welsh Corgi Pembroke Kennel","publisher":{"@id":"https:\/\/morgerton.hu\/hu\/#organization"},"potentialAction":[{"@type":"SearchAction","target":{"@type":"EntryPoint","urlTemplate":"https:\/\/morgerton.hu\/hu\/?s={search_term_string}"},"query-input":{"@type":"PropertyValueSpecification","valueRequired":true,"valueName":"search_term_string"}}],"inLanguage":"en-US"},{"@type":"Organization","@id":"https:\/\/morgerton.hu\/hu\/#organization","name":"Morgerton Welsh Corgi Pembroke Kennel","url":"https:\/\/morgerton.hu\/hu\/","logo":{"@type":"ImageObject","inLanguage":"en-US","@id":"https:\/\/morgerton.hu\/hu\/#\/schema\/logo\/image\/","url":"https:\/\/morgerton.hu\/wp-content\/uploads\/2020\/02\/cropped-Logo-v\u00e9gleges-Jav\u00edtott-scaled-2.jpg","contentUrl":"https:\/\/morgerton.hu\/wp-content\/uploads\/2020\/02\/cropped-Logo-v\u00e9gleges-Jav\u00edtott-scaled-2.jpg","width":2227,"height":760,"caption":"Morgerton Welsh Corgi Pembroke Kennel"},"image":{"@id":"https:\/\/morgerton.hu\/hu\/#\/schema\/logo\/image\/"},"sameAs":["http:\/\/facebook.com\/morgertoncorgis","https:\/\/www.instagram.com\/morgertoncorgis\/"]}]}},"_links":{"self":[{"href":"http:\/\/morgerton.hu\/en\/wp-json\/wp\/v2\/pages\/21","targetHints":{"allow":["GET"]}}],"collection":[{"href":"http:\/\/morgerton.hu\/en\/wp-json\/wp\/v2\/pages"}],"about":[{"href":"http:\/\/morgerton.hu\/en\/wp-json\/wp\/v2\/types\/page"}],"author":[{"embeddable":true,"href":"http:\/\/morgerton.hu\/en\/wp-json\/wp\/v2\/users\/1"}],"replies":[{"embeddable":true,"href":"http:\/\/morgerton.hu\/en\/wp-json\/wp\/v2\/comments?post=21"}],"version-history":[{"count":76,"href":"http:\/\/morgerton.hu\/en\/wp-json\/wp\/v2\/pages\/21\/revisions"}],"predecessor-version":[{"id":2420,"href":"http:\/\/morgerton.hu\/en\/wp-json\/wp\/v2\/pages\/21\/revisions\/2420"}],"wp:attachment":[{"href":"http:\/\/morgerton.hu\/en\/wp-json\/wp\/v2\/media?parent=21"}],"curies":[{"name":"wp","href":"https:\/\/api.w.org\/{rel}","templated":true}]}}